{"id":7840,"date":"2021-03-23T09:12:44","date_gmt":"2021-03-23T09:12:44","guid":{"rendered":"https:\/\/waysouk.com\/product\/berber-taznakht-carpets-vintage-handmade-moroccan-wool-kilim-rug\/"},"modified":"2024-04-28T11:50:39","modified_gmt":"2024-04-28T11:50:39","slug":"tapis-berberes-taznakht-6-5x3-4-pieds-kilim-vintage-en-laine-fait-main","status":"publish","type":"product","link":"https:\/\/waysouk.com\/fr\/produit\/tapis-berberes-taznakht-6-5x3-4-pieds-kilim-vintage-en-laine-fait-main\/","title":{"rendered":"Tapis berb\u00e8res Taznakht..."},"content":{"rendered":"<p>Les tapis berb\u00e8res Taznakht ont \u00e9t\u00e9 fabriqu\u00e9s dans les montagnes de l&rsquo;Atlas marocain. Ils sont tous faits main dans les villages berb\u00e8res et vendus sur le c\u00e9l\u00e8bre march\u00e9 des tapis marocains. Les tapis Taznakht sont remplis de couleurs vives et puissantes, dans des motifs g\u00e9om\u00e9triques uniques, chaque pi\u00e8ce est unique et raconte une histoire que seule la femme berb\u00e8re a su transmettre.<\/p>\n<p>Dimensions approximatives : 6.5&#215;3.4 pieds \/ 200&#215;105 cm. En raison du travail fait main, le tapis n&rsquo;est pas parfaitement rectangulaire.<\/p>\n<p>Nettoyage avant exp\u00e9dition inclus. De plus, vous pouvez le nettoyer en utilisant une machine \u00e0 laver.<\/p>\n<p>Longueur x largeur :<\/p>\n<p>6.5&#215;3.4 pieds<br \/>\n200&#215;105 cm<br \/>\n79&#215;41 pouces<\/p>\n<p>CARACT\u00c9RISTIQUES<\/p>\n<p>Type : Tapis berb\u00e8re Taznakht<br \/>\nMat\u00e9riau : Laine<br \/>\nR\u00e9gion : Le Haut Atlas du Maroc<br \/>\n\u00c9tat : Neuf (SANS AUCUNE MARQUE)<br \/>\nCondition : Parfait, propre, aucun dommage, aucune tache<br \/>\nFabrication : \u00c0 la main<\/p>\n<p>OFFRE SP\u00c9CIAL<\/p>\n<p>Vous avez aim\u00e9 un tapis mais vous l&rsquo;avez trouv\u00e9 \u00e9puis\u00e9 ?<br \/>\nVous avez vu un magnifique tapis boh\u00e8me que vous voulez cr\u00e9er ?<br \/>\nN&rsquo;h\u00e9sitez pas \u00e0 nous envoyer votre tapis de r\u00eave, une photo et les dimensions que vous souhaitez. Contactez-nous.<\/p>\n","protected":false},"excerpt":{"rendered":"<p>Ce tapis berb\u00e8re Taznakht classique est fabriqu\u00e9 \u00e0 partir d&rsquo;une laine originale de haute qualit\u00e9, et avant que ses fils ne soient tiss\u00e9s sous forme de tapis marocain, comme le montrent les photos, il passe par de nombreuses \u00e9tapes de pr\u00e9paration en tant que mati\u00e8re premi\u00e8re pour tisser ce tapis pur avec sa couleur distinctive.<\/p>\n<p>Longueur x largeur :<\/p>\n<p>6.5&#215;3.4 pieds<br \/>\n200&#215;105 cm<br \/>\n79&#215;41 pouces<\/p>\n<p>Type : Tapis berb\u00e8re Taznakht<br \/>\nMat\u00e9riau : Laine<br \/>\nR\u00e9gion : Le Haut Atlas du Maroc<br \/>\n\u00c9tat : Neuf (SANS AUCUNE MARQUE)<br \/>\nCondition : Parfait, propre, aucun dommage, aucune tache<br \/>\nFabrication : \u00c0 la main<\/p>\n","protected":false},"featured_media":6082,"comment_status":"open","ping_status":"closed","template":"","meta":{"_acf_changed":false,"ocean_post_layout":"","ocean_both_sidebars_style":"","ocean_both_sidebars_content_width":0,"ocean_both_sidebars_sidebars_width":0,"ocean_sidebar":"0","ocean_second_sidebar":"0","ocean_disable_margins":"enable","ocean_add_body_class":"","ocean_shortcode_before_top_bar":"","ocean_shortcode_after_top_bar":"","ocean_shortcode_before_header":"","ocean_shortcode_after_header":"","ocean_has_shortcode":"","ocean_shortcode_after_title":"","ocean_shortcode_before_footer_widgets":"","ocean_shortcode_after_footer_widgets":"","ocean_shortcode_before_footer_bottom":"","ocean_shortcode_after_footer_bottom":"","ocean_display_top_bar":"default","ocean_display_header":"default","ocean_header_style":"","ocean_center_header_left_menu":"0","ocean_custom_header_template":"0","ocean_custom_logo":0,"ocean_custom_retina_logo":0,"ocean_custom_logo_max_width":0,"ocean_custom_logo_tablet_max_width":0,"ocean_custom_logo_mobile_max_width":0,"ocean_custom_logo_max_height":0,"ocean_custom_logo_tablet_max_height":0,"ocean_custom_logo_mobile_max_height":0,"ocean_header_custom_menu":"0","ocean_menu_typo_font_family":"0","ocean_menu_typo_font_subset":"","ocean_menu_typo_font_size":0,"ocean_menu_typo_font_size_tablet":0,"ocean_menu_typo_font_size_mobile":0,"ocean_menu_typo_font_size_unit":"px","ocean_menu_typo_font_weight":"","ocean_menu_typo_font_weight_tablet":"","ocean_menu_typo_font_weight_mobile":"","ocean_menu_typo_transform":"","ocean_menu_typo_transform_tablet":"","ocean_menu_typo_transform_mobile":"","ocean_menu_typo_line_height":0,"ocean_menu_typo_line_height_tablet":0,"ocean_menu_typo_line_height_mobile":0,"ocean_menu_typo_line_height_unit":"","ocean_menu_typo_spacing":0,"ocean_menu_typo_spacing_tablet":0,"ocean_menu_typo_spacing_mobile":0,"ocean_menu_typo_spacing_unit":"","ocean_menu_link_color":"","ocean_menu_link_color_hover":"","ocean_menu_link_color_active":"","ocean_menu_link_background":"","ocean_menu_link_hover_background":"","ocean_menu_link_active_background":"","ocean_menu_social_links_bg":"","ocean_menu_social_hover_links_bg":"","ocean_menu_social_links_color":"","ocean_menu_social_hover_links_color":"","ocean_disable_title":"default","ocean_disable_heading":"default","ocean_post_title":"","ocean_post_subheading":"","ocean_post_title_style":"","ocean_post_title_background_color":"","ocean_post_title_background":0,"ocean_post_title_bg_image_position":"","ocean_post_title_bg_image_attachment":"","ocean_post_title_bg_image_repeat":"","ocean_post_title_bg_image_size":"","ocean_post_title_height":0,"ocean_post_title_bg_overlay":0.5,"ocean_post_title_bg_overlay_color":"","ocean_disable_breadcrumbs":"default","ocean_breadcrumbs_color":"","ocean_breadcrumbs_separator_color":"","ocean_breadcrumbs_links_color":"","ocean_breadcrumbs_links_hover_color":"","ocean_display_footer_widgets":"default","ocean_display_footer_bottom":"default","ocean_custom_footer_template":"0"},"product_brand":[],"product_cat":[15],"product_tag":[],"class_list":{"0":"post-7840","1":"product","2":"type-product","3":"status-publish","4":"has-post-thumbnail","6":"product_cat-uncategorized","8":"entry","9":"has-media","11":"first","12":"instock","13":"shipping-taxable","14":"purchasable","15":"product-type-simple","16":"has-product-nav","17":"col","18":"span_1_of_4","19":"owp-content-center","20":"owp-thumbs-layout-horizontal","21":"owp-btn-normal","22":"owp-tabs-layout-horizontal"},"acf":[],"jetpack_sharing_enabled":true,"_links":{"self":[{"href":"https:\/\/waysouk.com\/fr\/wp-json\/wp\/v2\/product\/7840","targetHints":{"allow":["GET"]}}],"collection":[{"href":"https:\/\/waysouk.com\/fr\/wp-json\/wp\/v2\/product"}],"about":[{"href":"https:\/\/waysouk.com\/fr\/wp-json\/wp\/v2\/types\/product"}],"replies":[{"embeddable":true,"href":"https:\/\/waysouk.com\/fr\/wp-json\/wp\/v2\/comments?post=7840"}],"wp:featuredmedia":[{"embeddable":true,"href":"https:\/\/waysouk.com\/fr\/wp-json\/wp\/v2\/media\/6082"}],"wp:attachment":[{"href":"https:\/\/waysouk.com\/fr\/wp-json\/wp\/v2\/media?parent=7840"}],"wp:term":[{"taxonomy":"product_brand","embeddable":true,"href":"https:\/\/waysouk.com\/fr\/wp-json\/wp\/v2\/product_brand?post=7840"},{"taxonomy":"product_cat","embeddable":true,"href":"https:\/\/waysouk.com\/fr\/wp-json\/wp\/v2\/product_cat?post=7840"},{"taxonomy":"product_tag","embeddable":true,"href":"https:\/\/waysouk.com\/fr\/wp-json\/wp\/v2\/product_tag?post=7840"}],"curies":[{"name":"wp","href":"https:\/\/api.w.org\/{rel}","templated":true}]}}