{"id":7774,"date":"2021-04-25T22:46:00","date_gmt":"2021-04-25T22:46:00","guid":{"rendered":"https:\/\/waysouk.com\/product\/brown-leather-moroccan-square-pouf-ottoman-unstuffed-square-floor-cushion-footstool\/"},"modified":"2024-04-28T14:16:33","modified_gmt":"2024-04-28T14:16:33","slug":"pouf-ottoman-carre-marocain-en-cuir-marron-coussin-de-sol-carre-non-rempli","status":"publish","type":"product","link":"https:\/\/waysouk.com\/fr\/produit\/pouf-ottoman-carre-marocain-en-cuir-marron-coussin-de-sol-carre-non-rempli\/","title":{"rendered":"Pouf Ottoman Carr\u00e9..."},"content":{"rendered":"<p>La luxueuse robustesse rencontre le confort douillet dans cet ottoman polyvalent, offrant le perchoir parfait pour tout, d&rsquo;un \u00e9l\u00e9gant plateau de service \u00e0 vos pieds. Con\u00e7u pour compl\u00e9ter votre canap\u00e9 ou votre fauteuil d&rsquo;appoint, ou pour briller de sa propre lumi\u00e8re comme table basse, le pouf arbore un cuir marocain teint dans une \u00e9l\u00e9gante nuance de cognac qui met en valeur les \u00e9raflures naturelles, les rayures et les textures du cuir, et se patine magnifiquement avec le temps.<\/p>\n<p>Caract\u00e9ristiques<br \/>\nCouleur cognac pleine fleur aniline pure sans pigment mettant en valeur la beaut\u00e9 naturelle du cuir. Le cuir s&rsquo;\u00e9raflera et d\u00e9veloppera une belle patine vintage avec l&rsquo;utilisation.<br \/>\nChaque peau est unique et variera en profondeur de couleur<br \/>\nQuadrants cousus \u00e0 la main avec des coutures brutes<br \/>\nNoyau en mousse haute densit\u00e9 d&rsquo;un seul bloc<br \/>\nFermeture \u00e9clair inf\u00e9rieure<\/p>\n<p>D\u00e9tails du produit<br \/>\nCouleur : Marron, Naturel Huil\u00e9<br \/>\nMat\u00e9riau : Cuir de ch\u00e8vre v\u00e9ritable<br \/>\nMarque : Moroccan poufs<br \/>\nType de tissu : Fait main<br \/>\nForme : Carr\u00e9e<br \/>\nAssemblage requis : Oui<br \/>\nEntretien du produit : Poussi\u00e8re avec un chiffon doux et sec. \u00c9vitez l&rsquo;utilisation de produits chimiques et de nettoyants m\u00e9nagers car ils pourraient endommager la finition. Les fixations peuvent se desserrer avec le temps. V\u00e9rifiez p\u00e9riodiquement que toutes les connexions sont bien serr\u00e9es.<\/p>\n","protected":false},"excerpt":{"rendered":"<p>Parfait pour reposer vos pieds \u00e0 la fin de la journ\u00e9e ou vous offrir un si\u00e8ge suppl\u00e9mentaire dans votre salon, un ottoman comme celui-ci est une excellente option pour compl\u00e9ter n&rsquo;importe quel espace.<\/p>\n<p>Couleur : Marron, Naturel Huil\u00e9<br \/>\nMat\u00e9riau : Cuir de ch\u00e8vre v\u00e9ritable<br \/>\nMarque : Moroccan poufs<br \/>\nType de tissu : Fait main<br \/>\nForme : Carr\u00e9e<br \/>\nAssemblage requis : Oui<br \/>\nEntretien du produit : Poussi\u00e8re avec un chiffon doux et sec. \u00c9vitez l&rsquo;utilisation de produits chimiques et de nettoyants m\u00e9nagers car ils pourraient endommager la finition. Les fixations peuvent se desserrer avec le temps. V\u00e9rifiez p\u00e9riodiquement que toutes les connexions sont bien serr\u00e9es.<\/p>\n","protected":false},"featured_media":6096,"comment_status":"open","ping_status":"closed","template":"","meta":{"_acf_changed":false,"ocean_post_layout":"","ocean_both_sidebars_style":"","ocean_both_sidebars_content_width":0,"ocean_both_sidebars_sidebars_width":0,"ocean_sidebar":"0","ocean_second_sidebar":"0","ocean_disable_margins":"enable","ocean_add_body_class":"","ocean_shortcode_before_top_bar":"","ocean_shortcode_after_top_bar":"","ocean_shortcode_before_header":"","ocean_shortcode_after_header":"","ocean_has_shortcode":"","ocean_shortcode_after_title":"","ocean_shortcode_before_footer_widgets":"","ocean_shortcode_after_footer_widgets":"","ocean_shortcode_before_footer_bottom":"","ocean_shortcode_after_footer_bottom":"","ocean_display_top_bar":"default","ocean_display_header":"default","ocean_header_style":"","ocean_center_header_left_menu":"0","ocean_custom_header_template":"0","ocean_custom_logo":0,"ocean_custom_retina_logo":0,"ocean_custom_logo_max_width":0,"ocean_custom_logo_tablet_max_width":0,"ocean_custom_logo_mobile_max_width":0,"ocean_custom_logo_max_height":0,"ocean_custom_logo_tablet_max_height":0,"ocean_custom_logo_mobile_max_height":0,"ocean_header_custom_menu":"0","ocean_menu_typo_font_family":"0","ocean_menu_typo_font_subset":"","ocean_menu_typo_font_size":0,"ocean_menu_typo_font_size_tablet":0,"ocean_menu_typo_font_size_mobile":0,"ocean_menu_typo_font_size_unit":"px","ocean_menu_typo_font_weight":"","ocean_menu_typo_font_weight_tablet":"","ocean_menu_typo_font_weight_mobile":"","ocean_menu_typo_transform":"","ocean_menu_typo_transform_tablet":"","ocean_menu_typo_transform_mobile":"","ocean_menu_typo_line_height":0,"ocean_menu_typo_line_height_tablet":0,"ocean_menu_typo_line_height_mobile":0,"ocean_menu_typo_line_height_unit":"","ocean_menu_typo_spacing":0,"ocean_menu_typo_spacing_tablet":0,"ocean_menu_typo_spacing_mobile":0,"ocean_menu_typo_spacing_unit":"","ocean_menu_link_color":"","ocean_menu_link_color_hover":"","ocean_menu_link_color_active":"","ocean_menu_link_background":"","ocean_menu_link_hover_background":"","ocean_menu_link_active_background":"","ocean_menu_social_links_bg":"","ocean_menu_social_hover_links_bg":"","ocean_menu_social_links_color":"","ocean_menu_social_hover_links_color":"","ocean_disable_title":"default","ocean_disable_heading":"default","ocean_post_title":"","ocean_post_subheading":"","ocean_post_title_style":"","ocean_post_title_background_color":"","ocean_post_title_background":0,"ocean_post_title_bg_image_position":"","ocean_post_title_bg_image_attachment":"","ocean_post_title_bg_image_repeat":"","ocean_post_title_bg_image_size":"","ocean_post_title_height":0,"ocean_post_title_bg_overlay":0.5,"ocean_post_title_bg_overlay_color":"","ocean_disable_breadcrumbs":"default","ocean_breadcrumbs_color":"","ocean_breadcrumbs_separator_color":"","ocean_breadcrumbs_links_color":"","ocean_breadcrumbs_links_hover_color":"","ocean_display_footer_widgets":"default","ocean_display_footer_bottom":"default","ocean_custom_footer_template":"0"},"product_brand":[],"product_cat":[307],"product_tag":[308,309,310,311,312,313,314,315],"class_list":{"0":"post-7774","1":"product","2":"type-product","3":"status-publish","4":"has-post-thumbnail","6":"product_cat-poufs-carres","7":"product_tag-chaises-et-ottomans","8":"product_tag-cuire-veritable","9":"product_tag-leather-pouf-fr","10":"product_tag-ottoman-footstool-fr","11":"product_tag-pouf-fr-2","12":"product_tag-pouf-fr","13":"product_tag-square-leather-poufs-fr","14":"product_tag-square-pouf-fr","15":"product_shipping_class-stuffed-pouf-3-kg-fr","17":"entry","18":"has-media","20":"first","21":"instock","22":"shipping-taxable","23":"purchasable","24":"product-type-variable","25":"has-default-attributes","26":"has-product-nav","27":"col","28":"span_1_of_4","29":"owp-content-center","30":"owp-thumbs-layout-horizontal","31":"owp-btn-normal","32":"owp-tabs-layout-horizontal"},"acf":[],"jetpack_sharing_enabled":true,"_links":{"self":[{"href":"https:\/\/waysouk.com\/fr\/wp-json\/wp\/v2\/product\/7774","targetHints":{"allow":["GET"]}}],"collection":[{"href":"https:\/\/waysouk.com\/fr\/wp-json\/wp\/v2\/product"}],"about":[{"href":"https:\/\/waysouk.com\/fr\/wp-json\/wp\/v2\/types\/product"}],"replies":[{"embeddable":true,"href":"https:\/\/waysouk.com\/fr\/wp-json\/wp\/v2\/comments?post=7774"}],"wp:featuredmedia":[{"embeddable":true,"href":"https:\/\/waysouk.com\/fr\/wp-json\/wp\/v2\/media\/6096"}],"wp:attachment":[{"href":"https:\/\/waysouk.com\/fr\/wp-json\/wp\/v2\/media?parent=7774"}],"wp:term":[{"taxonomy":"product_brand","embeddable":true,"href":"https:\/\/waysouk.com\/fr\/wp-json\/wp\/v2\/product_brand?post=7774"},{"taxonomy":"product_cat","embeddable":true,"href":"https:\/\/waysouk.com\/fr\/wp-json\/wp\/v2\/product_cat?post=7774"},{"taxonomy":"product_tag","embeddable":true,"href":"https:\/\/waysouk.com\/fr\/wp-json\/wp\/v2\/product_tag?post=7774"}],"curies":[{"name":"wp","href":"https:\/\/api.w.org\/{rel}","templated":true}]}}