{"id":7753,"date":"2021-04-25T22:54:33","date_gmt":"2021-04-25T22:54:33","guid":{"rendered":"https:\/\/waysouk.com\/product\/moroccan-square-leather-pouf-ottoman-unstuffed-square-floor-cushion-footstool\/"},"modified":"2024-04-28T23:30:13","modified_gmt":"2024-04-28T23:30:13","slug":"pouf-ottoman-carre-en-cuir-marocain","status":"publish","type":"product","link":"https:\/\/waysouk.com\/fr\/produit\/pouf-ottoman-carre-en-cuir-marocain\/","title":{"rendered":"Pouf Ottoman carr\u00e9..."},"content":{"rendered":"<p>Avec son cuir v\u00e9ritable et ses d\u00e9tails vieillis, ce pouf ottoman carr\u00e9 apporte une touche tendance \u00e0 l&rsquo;am\u00e9nagement de votre salon. Au-del\u00e0 de son aspect d\u00e9coratif, ce design polyvalent offre l&rsquo;endroit parfait pour s&rsquo;asseoir, reposer vos pieds ou poser des collations pendant que vous vous d\u00e9tendez.<\/p>\n<p>Exposez ce pouf dans votre espace de vie pour obtenir une pi\u00e8ce fonctionnelle exquise et vraiment unique. Chacun est fabriqu\u00e9 avec du cuir marocain v\u00e9ritable tann\u00e9, ce qui en fait un ajout artistique et exotique \u00e0 votre int\u00e9rieur : pr\u00e8s de votre canap\u00e9 ou de votre chemin\u00e9e, au bout de votre lit ou dans la chambre de votre enfant, pour un look unique qui se patine bien avec le temps. Un design g\u00e9om\u00e9trique cousu attire le regard.<\/p>\n<p>Remarque : le pouf est exp\u00e9di\u00e9 non rembourr\u00e9, mais vous pouvez utiliser du rembourrage en fibre de polyester ou en coton, ou vous pouvez \u00e9galement utiliser de vieux draps pour le rendre ferme.<\/p>\n<p>CARACT\u00c9RISTIQUES<br \/>\nCouleur : Noir, Marron fonc\u00e9<br \/>\nMat\u00e9riau : Cuir de ch\u00e8vre v\u00e9ritable<br \/>\nMarque : Poufs marocains<br \/>\nType de tissu : Fait main<br \/>\nForme : Carr\u00e9<\/p>\n","protected":false},"excerpt":{"rendered":"<p>Ce pouf ottoman carr\u00e9 en cuir fait main, commun\u00e9ment appel\u00e9 pouf, est fabriqu\u00e9 en cuir v\u00e9ritable doux. Le pouf est si pratique qu&rsquo;il peut \u00eatre utilis\u00e9 comme une table, un repose-pieds, comme un si\u00e8ge bas \u00e0 c\u00f4t\u00e9 de votre table basse ou dans la chambre de vos enfants. Ce pouf est dot\u00e9 d&rsquo;une ouverture zipp\u00e9e au bas pour un remplissage facile.<\/p>\n","protected":false},"featured_media":6016,"comment_status":"open","ping_status":"closed","template":"","meta":{"_acf_changed":false,"ocean_post_layout":"","ocean_both_sidebars_style":"","ocean_both_sidebars_content_width":0,"ocean_both_sidebars_sidebars_width":0,"ocean_sidebar":"0","ocean_second_sidebar":"0","ocean_disable_margins":"enable","ocean_add_body_class":"","ocean_shortcode_before_top_bar":"","ocean_shortcode_after_top_bar":"","ocean_shortcode_before_header":"","ocean_shortcode_after_header":"","ocean_has_shortcode":"","ocean_shortcode_after_title":"","ocean_shortcode_before_footer_widgets":"","ocean_shortcode_after_footer_widgets":"","ocean_shortcode_before_footer_bottom":"","ocean_shortcode_after_footer_bottom":"","ocean_display_top_bar":"default","ocean_display_header":"default","ocean_header_style":"","ocean_center_header_left_menu":"0","ocean_custom_header_template":"0","ocean_custom_logo":0,"ocean_custom_retina_logo":0,"ocean_custom_logo_max_width":0,"ocean_custom_logo_tablet_max_width":0,"ocean_custom_logo_mobile_max_width":0,"ocean_custom_logo_max_height":0,"ocean_custom_logo_tablet_max_height":0,"ocean_custom_logo_mobile_max_height":0,"ocean_header_custom_menu":"0","ocean_menu_typo_font_family":"0","ocean_menu_typo_font_subset":"","ocean_menu_typo_font_size":0,"ocean_menu_typo_font_size_tablet":0,"ocean_menu_typo_font_size_mobile":0,"ocean_menu_typo_font_size_unit":"px","ocean_menu_typo_font_weight":"","ocean_menu_typo_font_weight_tablet":"","ocean_menu_typo_font_weight_mobile":"","ocean_menu_typo_transform":"","ocean_menu_typo_transform_tablet":"","ocean_menu_typo_transform_mobile":"","ocean_menu_typo_line_height":0,"ocean_menu_typo_line_height_tablet":0,"ocean_menu_typo_line_height_mobile":0,"ocean_menu_typo_line_height_unit":"","ocean_menu_typo_spacing":0,"ocean_menu_typo_spacing_tablet":0,"ocean_menu_typo_spacing_mobile":0,"ocean_menu_typo_spacing_unit":"","ocean_menu_link_color":"","ocean_menu_link_color_hover":"","ocean_menu_link_color_active":"","ocean_menu_link_background":"","ocean_menu_link_hover_background":"","ocean_menu_link_active_background":"","ocean_menu_social_links_bg":"","ocean_menu_social_hover_links_bg":"","ocean_menu_social_links_color":"","ocean_menu_social_hover_links_color":"","ocean_disable_title":"default","ocean_disable_heading":"default","ocean_post_title":"","ocean_post_subheading":"","ocean_post_title_style":"","ocean_post_title_background_color":"","ocean_post_title_background":0,"ocean_post_title_bg_image_position":"","ocean_post_title_bg_image_attachment":"","ocean_post_title_bg_image_repeat":"","ocean_post_title_bg_image_size":"","ocean_post_title_height":0,"ocean_post_title_bg_overlay":0.5,"ocean_post_title_bg_overlay_color":"","ocean_disable_breadcrumbs":"default","ocean_breadcrumbs_color":"","ocean_breadcrumbs_separator_color":"","ocean_breadcrumbs_links_color":"","ocean_breadcrumbs_links_hover_color":"","ocean_display_footer_widgets":"default","ocean_display_footer_bottom":"default","ocean_custom_footer_template":"0"},"product_brand":[],"product_cat":[307,306],"product_tag":[308,309,310,311,313,312,314,315],"class_list":{"0":"post-7753","1":"product","2":"type-product","3":"status-publish","4":"has-post-thumbnail","6":"product_cat-poufs-carres","7":"product_cat-poufs-marocains","8":"product_tag-chaises-et-ottomans","9":"product_tag-cuire-veritable","10":"product_tag-leather-pouf-fr","11":"product_tag-ottoman-footstool-fr","12":"product_tag-pouf-fr","13":"product_tag-pouf-fr-2","14":"product_tag-square-leather-poufs-fr","15":"product_tag-square-pouf-fr","16":"product_shipping_class-stuffed-pouf-3-kg-fr","18":"entry","19":"has-media","21":"first","22":"instock","23":"shipping-taxable","24":"purchasable","25":"product-type-variable","26":"has-product-nav","27":"col","28":"span_1_of_4","29":"owp-content-center","30":"owp-thumbs-layout-horizontal","31":"owp-btn-normal","32":"owp-tabs-layout-horizontal"},"acf":[],"jetpack_sharing_enabled":true,"_links":{"self":[{"href":"https:\/\/waysouk.com\/fr\/wp-json\/wp\/v2\/product\/7753","targetHints":{"allow":["GET"]}}],"collection":[{"href":"https:\/\/waysouk.com\/fr\/wp-json\/wp\/v2\/product"}],"about":[{"href":"https:\/\/waysouk.com\/fr\/wp-json\/wp\/v2\/types\/product"}],"replies":[{"embeddable":true,"href":"https:\/\/waysouk.com\/fr\/wp-json\/wp\/v2\/comments?post=7753"}],"wp:featuredmedia":[{"embeddable":true,"href":"https:\/\/waysouk.com\/fr\/wp-json\/wp\/v2\/media\/6016"}],"wp:attachment":[{"href":"https:\/\/waysouk.com\/fr\/wp-json\/wp\/v2\/media?parent=7753"}],"wp:term":[{"taxonomy":"product_brand","embeddable":true,"href":"https:\/\/waysouk.com\/fr\/wp-json\/wp\/v2\/product_brand?post=7753"},{"taxonomy":"product_cat","embeddable":true,"href":"https:\/\/waysouk.com\/fr\/wp-json\/wp\/v2\/product_cat?post=7753"},{"taxonomy":"product_tag","embeddable":true,"href":"https:\/\/waysouk.com\/fr\/wp-json\/wp\/v2\/product_tag?post=7753"}],"curies":[{"name":"wp","href":"https:\/\/api.w.org\/{rel}","templated":true}]}}