{"id":7742,"date":"2021-05-08T09:54:01","date_gmt":"2021-05-08T09:54:01","guid":{"rendered":"https:\/\/waysouk.com\/product\/small-moroccan-leather-pouf-multi-color-ottomans-footstool-poufs\/"},"modified":"2024-04-30T05:02:42","modified_gmt":"2024-04-30T05:02:42","slug":"petit-pouf-marocain-en-cuir-multicolore-ottoman-fait-main-en-cuir","status":"publish","type":"product","link":"https:\/\/waysouk.com\/fr\/produit\/petit-pouf-marocain-en-cuir-multicolore-ottoman-fait-main-en-cuir\/","title":{"rendered":"Petit Pouf Marocain..."},"content":{"rendered":"<p>Chacun m\u00e9rite un endroit o\u00f9 reposer confortablement ses pieds \u00e0 la fin d&rsquo;une longue journ\u00e9e. Un pouf comme celui-ci, recouvert de cuir de mouton, est une option artistique dans n&rsquo;importe quelle maison, tout en vous offrant un excellent endroit pour reposer vos pieds. Fabriqu\u00e9 \u00e0 la main au Maroc, ce pouf est brod\u00e9 avec un motif de m\u00e9daillon et pr\u00e9sente des d\u00e9tails cousus qui conf\u00e8rent un aspect bien voyag\u00e9 \u00e0 votre espace avec son influence marocaine. C&rsquo;est une excellente touche dans une vari\u00e9t\u00e9 de styles, du contemporain au traditionnel. Mesurant 9\u00a0\u00bb H x 14\u00a0\u00bb L x 14\u00a0\u00bb P, il est parfait devant les fauteuils et les fauteuils inclinables. Comme le cuir est teint \u00e0 la main, une certaine odeur peut persister pendant l&rsquo;exp\u00e9dition.<\/p>\n<p>Remarque : le pouf est exp\u00e9di\u00e9 non rempli, mais vous pouvez utiliser du rembourrage en fibre de polyester ou en coton, ou vous pouvez \u00e9galement utiliser de vieux serviettes pour le rendre ferme.<\/p>\n<p>CARACT\u00c9RISTIQUES<br \/>\n&#8211; Couleur : Multicolore<br \/>\n&#8211; Mat\u00e9riau : Cuir de ch\u00e8vre v\u00e9ritable<br \/>\n&#8211; Marque : Poufs marocains<br \/>\n&#8211; Type de tissu : Fait \u00e0 la main<br \/>\n&#8211; Forme : Rond<\/p>\n","protected":false},"excerpt":{"rendered":"<p>En tant que si\u00e8ge suppl\u00e9mentaire pour le salon, repose-pieds ou pi\u00e8ce d&rsquo;accent d\u00e9corative, cet ottoman enti\u00e8rement assembl\u00e9, artisanal et unique ajoute une touche industrielle \u00e0 n&rsquo;importe quel espace. Dot\u00e9 d&rsquo;un capitonnage sur mesure, cet ottoman polyvalent en cuir v\u00e9ritable fonctionne \u00e9galement tr\u00e8s bien comme table basse ou repose-pieds.<\/p>\n<p>&#8211; Couleur : Multicolore<br \/>\n&#8211; Mat\u00e9riau : Cuir de ch\u00e8vre v\u00e9ritable<br \/>\n&#8211; Marque : Poufs marocains<br \/>\n&#8211; Type de tissu : Fait \u00e0 la main<br \/>\n&#8211; Forme : Rond<\/p>\n","protected":false},"featured_media":6060,"comment_status":"open","ping_status":"closed","template":"","meta":{"_acf_changed":false,"ocean_post_layout":"","ocean_both_sidebars_style":"","ocean_both_sidebars_content_width":0,"ocean_both_sidebars_sidebars_width":0,"ocean_sidebar":"0","ocean_second_sidebar":"0","ocean_disable_margins":"enable","ocean_add_body_class":"","ocean_shortcode_before_top_bar":"","ocean_shortcode_after_top_bar":"","ocean_shortcode_before_header":"","ocean_shortcode_after_header":"","ocean_has_shortcode":"","ocean_shortcode_after_title":"","ocean_shortcode_before_footer_widgets":"","ocean_shortcode_after_footer_widgets":"","ocean_shortcode_before_footer_bottom":"","ocean_shortcode_after_footer_bottom":"","ocean_display_top_bar":"default","ocean_display_header":"default","ocean_header_style":"","ocean_center_header_left_menu":"0","ocean_custom_header_template":"0","ocean_custom_logo":0,"ocean_custom_retina_logo":0,"ocean_custom_logo_max_width":0,"ocean_custom_logo_tablet_max_width":0,"ocean_custom_logo_mobile_max_width":0,"ocean_custom_logo_max_height":0,"ocean_custom_logo_tablet_max_height":0,"ocean_custom_logo_mobile_max_height":0,"ocean_header_custom_menu":"0","ocean_menu_typo_font_family":"0","ocean_menu_typo_font_subset":"","ocean_menu_typo_font_size":0,"ocean_menu_typo_font_size_tablet":0,"ocean_menu_typo_font_size_mobile":0,"ocean_menu_typo_font_size_unit":"px","ocean_menu_typo_font_weight":"","ocean_menu_typo_font_weight_tablet":"","ocean_menu_typo_font_weight_mobile":"","ocean_menu_typo_transform":"","ocean_menu_typo_transform_tablet":"","ocean_menu_typo_transform_mobile":"","ocean_menu_typo_line_height":0,"ocean_menu_typo_line_height_tablet":0,"ocean_menu_typo_line_height_mobile":0,"ocean_menu_typo_line_height_unit":"","ocean_menu_typo_spacing":0,"ocean_menu_typo_spacing_tablet":0,"ocean_menu_typo_spacing_mobile":0,"ocean_menu_typo_spacing_unit":"","ocean_menu_link_color":"","ocean_menu_link_color_hover":"","ocean_menu_link_color_active":"","ocean_menu_link_background":"","ocean_menu_link_hover_background":"","ocean_menu_link_active_background":"","ocean_menu_social_links_bg":"","ocean_menu_social_hover_links_bg":"","ocean_menu_social_links_color":"","ocean_menu_social_hover_links_color":"","ocean_disable_title":"default","ocean_disable_heading":"default","ocean_post_title":"","ocean_post_subheading":"","ocean_post_title_style":"","ocean_post_title_background_color":"","ocean_post_title_background":0,"ocean_post_title_bg_image_position":"","ocean_post_title_bg_image_attachment":"","ocean_post_title_bg_image_repeat":"","ocean_post_title_bg_image_size":"","ocean_post_title_height":0,"ocean_post_title_bg_overlay":0.5,"ocean_post_title_bg_overlay_color":"","ocean_disable_breadcrumbs":"default","ocean_breadcrumbs_color":"","ocean_breadcrumbs_separator_color":"","ocean_breadcrumbs_links_color":"","ocean_breadcrumbs_links_hover_color":"","ocean_display_footer_widgets":"default","ocean_display_footer_bottom":"default","ocean_custom_footer_template":"0"},"product_brand":[],"product_cat":[306],"product_tag":[308,309,416,310,311,313],"class_list":{"0":"post-7742","1":"product","2":"type-product","3":"status-publish","4":"has-post-thumbnail","6":"product_cat-poufs-marocains","7":"product_tag-chaises-et-ottomans","8":"product_tag-cuire-veritable","9":"product_tag-kilim-pouf-fr","10":"product_tag-leather-pouf-fr","11":"product_tag-ottoman-footstool-fr","12":"product_tag-pouf-fr","14":"entry","15":"has-media","17":"first","18":"instock","19":"shipping-taxable","20":"purchasable","21":"product-type-variable","22":"has-default-attributes","23":"has-product-nav","24":"col","25":"span_1_of_4","26":"owp-content-center","27":"owp-thumbs-layout-horizontal","28":"owp-btn-normal","29":"owp-tabs-layout-horizontal"},"acf":[],"jetpack_sharing_enabled":true,"_links":{"self":[{"href":"https:\/\/waysouk.com\/fr\/wp-json\/wp\/v2\/product\/7742","targetHints":{"allow":["GET"]}}],"collection":[{"href":"https:\/\/waysouk.com\/fr\/wp-json\/wp\/v2\/product"}],"about":[{"href":"https:\/\/waysouk.com\/fr\/wp-json\/wp\/v2\/types\/product"}],"replies":[{"embeddable":true,"href":"https:\/\/waysouk.com\/fr\/wp-json\/wp\/v2\/comments?post=7742"}],"wp:featuredmedia":[{"embeddable":true,"href":"https:\/\/waysouk.com\/fr\/wp-json\/wp\/v2\/media\/6060"}],"wp:attachment":[{"href":"https:\/\/waysouk.com\/fr\/wp-json\/wp\/v2\/media?parent=7742"}],"wp:term":[{"taxonomy":"product_brand","embeddable":true,"href":"https:\/\/waysouk.com\/fr\/wp-json\/wp\/v2\/product_brand?post=7742"},{"taxonomy":"product_cat","embeddable":true,"href":"https:\/\/waysouk.com\/fr\/wp-json\/wp\/v2\/product_cat?post=7742"},{"taxonomy":"product_tag","embeddable":true,"href":"https:\/\/waysouk.com\/fr\/wp-json\/wp\/v2\/product_tag?post=7742"}],"curies":[{"name":"wp","href":"https:\/\/api.w.org\/{rel}","templated":true}]}}