{"id":7733,"date":"2021-05-30T09:08:34","date_gmt":"2021-05-30T09:08:34","guid":{"rendered":"https:\/\/waysouk.com\/product\/small-cognac-moroccan-pouf-decor-home-ottomans-poufs-brown-color-footstool-poufs-100-handmade-leather-poof\/"},"modified":"2024-04-30T04:42:16","modified_gmt":"2024-04-30T04:42:16","slug":"petit-pouf-marocain-couleur-cognac-fait-main","status":"publish","type":"product","link":"https:\/\/waysouk.com\/fr\/produit\/petit-pouf-marocain-couleur-cognac-fait-main\/","title":{"rendered":"Petit pouf marocain..."},"content":{"rendered":"<p>Parfait pour poser vos pieds \u00e0 la fin de la journ\u00e9e ou pour vous offrir un si\u00e8ge suppl\u00e9mentaire dans votre chambre de b\u00e9b\u00e9 ou votre salon, un ottoman comme celui-ci est une excellente option pour compl\u00e9ter n&rsquo;importe quel espace. Fabriqu\u00e9 en peau de mouton au Maroc, en plus de sa couleur distinctive, les d\u00e9tails d\u00e9coratifs sur son dos lui donnent un aspect attrayant qui le rend adapt\u00e9 aux espaces modernes, un look serr\u00e9 chez soi dans les collections modernes ou du milieu du si\u00e8cle.<\/p>\n<p>Remarque : le pouf est exp\u00e9di\u00e9 non rempli, mais vous pouvez utiliser du rembourrage en fibre de polyester ou en coton, ou vous pouvez \u00e9galement utiliser de vieux serviettes pour le rendre ferme.<\/p>\n<p>CARACT\u00c9RISTIQUES<br \/>\n&#8211; Couleur : Brun, Brun Fonc\u00e9, Orange<br \/>\n&#8211; Mat\u00e9riau : Cuir de mouton<br \/>\n&#8211; Marque : Poufs marocains<br \/>\n&#8211; Type de tissu : Fait \u00e0 la main<br \/>\n&#8211; Forme : Rond<br \/>\n&#8211; Dimensions de l&rsquo;article : 16 x 16 x 9 pouces<\/p>\n","protected":false},"excerpt":{"rendered":"<p>Un excellent ajout pour l&rsquo;heure du conte, ces ottomans offrent des si\u00e8ges suppl\u00e9mentaires tout en ajoutant une touche de modernit\u00e9 \u00e0 n&rsquo;importe quelle chambre \u00e0 coucher ou salle de jeux. Confortablement rembourr\u00e9s et con\u00e7us pour durer, ces ottomans sont un incontournable pour tout enfant.<\/p>\n<p>&#8211; **Couleur :** Brun, Brun Fonc\u00e9, Orange<br \/>\n&#8211; **Mat\u00e9riau :** Cuir de mouton<br \/>\n&#8211; **Marque :** Poufs marocains<br \/>\n&#8211; **Type de tissu :** Fait \u00e0 la main<br \/>\n&#8211; **Forme :** Rond<br \/>\n&#8211; **Dimensions de l&rsquo;article :** 16 x 16 x 9 pouces<\/p>\n<p>**Fermeture \u00c9clair robuste sur le dessous**<\/p>\n","protected":false},"featured_media":6157,"comment_status":"open","ping_status":"closed","template":"","meta":{"_acf_changed":false,"ocean_post_layout":"","ocean_both_sidebars_style":"","ocean_both_sidebars_content_width":0,"ocean_both_sidebars_sidebars_width":0,"ocean_sidebar":"0","ocean_second_sidebar":"0","ocean_disable_margins":"enable","ocean_add_body_class":"","ocean_shortcode_before_top_bar":"","ocean_shortcode_after_top_bar":"","ocean_shortcode_before_header":"","ocean_shortcode_after_header":"","ocean_has_shortcode":"","ocean_shortcode_after_title":"","ocean_shortcode_before_footer_widgets":"","ocean_shortcode_after_footer_widgets":"","ocean_shortcode_before_footer_bottom":"","ocean_shortcode_after_footer_bottom":"","ocean_display_top_bar":"default","ocean_display_header":"default","ocean_header_style":"","ocean_center_header_left_menu":"0","ocean_custom_header_template":"0","ocean_custom_logo":0,"ocean_custom_retina_logo":0,"ocean_custom_logo_max_width":0,"ocean_custom_logo_tablet_max_width":0,"ocean_custom_logo_mobile_max_width":0,"ocean_custom_logo_max_height":0,"ocean_custom_logo_tablet_max_height":0,"ocean_custom_logo_mobile_max_height":0,"ocean_header_custom_menu":"0","ocean_menu_typo_font_family":"0","ocean_menu_typo_font_subset":"","ocean_menu_typo_font_size":0,"ocean_menu_typo_font_size_tablet":0,"ocean_menu_typo_font_size_mobile":0,"ocean_menu_typo_font_size_unit":"px","ocean_menu_typo_font_weight":"","ocean_menu_typo_font_weight_tablet":"","ocean_menu_typo_font_weight_mobile":"","ocean_menu_typo_transform":"","ocean_menu_typo_transform_tablet":"","ocean_menu_typo_transform_mobile":"","ocean_menu_typo_line_height":0,"ocean_menu_typo_line_height_tablet":0,"ocean_menu_typo_line_height_mobile":0,"ocean_menu_typo_line_height_unit":"","ocean_menu_typo_spacing":0,"ocean_menu_typo_spacing_tablet":0,"ocean_menu_typo_spacing_mobile":0,"ocean_menu_typo_spacing_unit":"","ocean_menu_link_color":"","ocean_menu_link_color_hover":"","ocean_menu_link_color_active":"","ocean_menu_link_background":"","ocean_menu_link_hover_background":"","ocean_menu_link_active_background":"","ocean_menu_social_links_bg":"","ocean_menu_social_hover_links_bg":"","ocean_menu_social_links_color":"","ocean_menu_social_hover_links_color":"","ocean_disable_title":"default","ocean_disable_heading":"default","ocean_post_title":"","ocean_post_subheading":"","ocean_post_title_style":"","ocean_post_title_background_color":"","ocean_post_title_background":0,"ocean_post_title_bg_image_position":"","ocean_post_title_bg_image_attachment":"","ocean_post_title_bg_image_repeat":"","ocean_post_title_bg_image_size":"","ocean_post_title_height":0,"ocean_post_title_bg_overlay":0.5,"ocean_post_title_bg_overlay_color":"","ocean_disable_breadcrumbs":"default","ocean_breadcrumbs_color":"","ocean_breadcrumbs_separator_color":"","ocean_breadcrumbs_links_color":"","ocean_breadcrumbs_links_hover_color":"","ocean_display_footer_widgets":"default","ocean_display_footer_bottom":"default","ocean_custom_footer_template":"0"},"product_brand":[],"product_cat":[306],"product_tag":[308,309,416,310,311,313],"class_list":{"0":"post-7733","1":"product","2":"type-product","3":"status-publish","4":"has-post-thumbnail","6":"product_cat-poufs-marocains","7":"product_tag-chaises-et-ottomans","8":"product_tag-cuire-veritable","9":"product_tag-kilim-pouf-fr","10":"product_tag-leather-pouf-fr","11":"product_tag-ottoman-footstool-fr","12":"product_tag-pouf-fr","13":"product_shipping_class-stuffed-pouf-3-kg-fr","15":"entry","16":"has-media","18":"first","19":"instock","20":"shipping-taxable","21":"purchasable","22":"product-type-variable","23":"has-default-attributes","24":"has-product-nav","25":"col","26":"span_1_of_4","27":"owp-content-center","28":"owp-thumbs-layout-horizontal","29":"owp-btn-normal","30":"owp-tabs-layout-horizontal"},"acf":[],"jetpack_sharing_enabled":true,"_links":{"self":[{"href":"https:\/\/waysouk.com\/fr\/wp-json\/wp\/v2\/product\/7733","targetHints":{"allow":["GET"]}}],"collection":[{"href":"https:\/\/waysouk.com\/fr\/wp-json\/wp\/v2\/product"}],"about":[{"href":"https:\/\/waysouk.com\/fr\/wp-json\/wp\/v2\/types\/product"}],"replies":[{"embeddable":true,"href":"https:\/\/waysouk.com\/fr\/wp-json\/wp\/v2\/comments?post=7733"}],"wp:featuredmedia":[{"embeddable":true,"href":"https:\/\/waysouk.com\/fr\/wp-json\/wp\/v2\/media\/6157"}],"wp:attachment":[{"href":"https:\/\/waysouk.com\/fr\/wp-json\/wp\/v2\/media?parent=7733"}],"wp:term":[{"taxonomy":"product_brand","embeddable":true,"href":"https:\/\/waysouk.com\/fr\/wp-json\/wp\/v2\/product_brand?post=7733"},{"taxonomy":"product_cat","embeddable":true,"href":"https:\/\/waysouk.com\/fr\/wp-json\/wp\/v2\/product_cat?post=7733"},{"taxonomy":"product_tag","embeddable":true,"href":"https:\/\/waysouk.com\/fr\/wp-json\/wp\/v2\/product_tag?post=7733"}],"curies":[{"name":"wp","href":"https:\/\/api.w.org\/{rel}","templated":true}]}}