{"id":7718,"date":"2021-05-30T19:34:26","date_gmt":"2021-05-30T19:34:26","guid":{"rendered":"https:\/\/waysouk.com\/product\/light-kelly-green-leather-pouf-with-top-embroidery-2\/"},"modified":"2024-04-29T06:56:59","modified_gmt":"2024-04-29T06:56:59","slug":"pouf-en-cuir-fait-a-main-vert-kelly-clair-avec-broderie","status":"publish","type":"product","link":"https:\/\/waysouk.com\/fr\/produit\/pouf-en-cuir-fait-a-main-vert-kelly-clair-avec-broderie\/","title":{"rendered":"Pouf en cuir..."},"content":{"rendered":"<p>Notre pouf marocain est cousu par nos artisans exp\u00e9riment\u00e9s \u00e0 partir de cuir de ch\u00e8vre de qualit\u00e9 sup\u00e9rieure \u00e0 100 %, et les panneaux de cuir sont soutenus par une couche int\u00e9rieure sp\u00e9ciale qui lui donne plus de soutien et contribue \u00e0 maintenir sa forme.<\/p>\n<p>Notre pouf ottoman en cuir marocain peut \u00eatre plac\u00e9 o\u00f9 vous souhaitez ajouter une touche artistique et exotique \u00e0 votre int\u00e9rieur : pr\u00e8s de votre canap\u00e9 ou de votre chemin\u00e9e, au bout de votre lit ou dans la chambre de votre enfant. Le pouf en cuir marocain donne \u00e0 votre pi\u00e8ce une touche de style ottoman avec le pouf ottoman marocain de Marrakech. Il est disponible dans de nombreuses belles couleurs parmi lesquelles choisir. Notre pouf rond fait main est fabriqu\u00e9 en cuir de ch\u00e8vre, ce qui renforce sa solidit\u00e9 et sa durabilit\u00e9. L&rsquo;ottoman est parfait pour s&rsquo;asseoir et cr\u00e9e un attrait charmant dans la pi\u00e8ce.<\/p>\n<p>Notre incroyable pouf est fabriqu\u00e9 \u00e0 la main avec du cuir de qualit\u00e9 sup\u00e9rieure \u00e0 100 %.<\/p>\n<p>Remarque : le pouf est exp\u00e9di\u00e9 non garni, mais vous pouvez utiliser du rembourrage en fibre de polyester ou en coton, ou vous pouvez \u00e9galement utiliser de vieux chiffons pour le rendre ferme.<\/p>\n<p>CARACT\u00c9RISTIQUES<br \/>\n&#8211; Couleur : Vert clair<br \/>\n&#8211; Mat\u00e9riau : Cuir de ch\u00e8vre v\u00e9ritable<br \/>\n&#8211; Marque : Moroccan Poufs<br \/>\n&#8211; Type de tissu : Fait \u00e0 la main<br \/>\n&#8211; Forme : Rond<br \/>\n&#8211; Dimensions de l&rsquo;article (L x l x H) : 21 x 21 x 12 pouces<\/p>\n","protected":false},"excerpt":{"rendered":"<p>Ajoutez une touche de confort luxueux \u00e0 votre d\u00e9cor avec ce pouf ottoman marocain, recouvert de cuir de ch\u00e8vre naturel \u00e0 100 %. Ses couleurs vibrantes rehausseront n&rsquo;importe quel espace, que ce soit dans le salon, la chambre \u00e0 coucher ou la chambre d&rsquo;enfant !<\/p>\n<p>Veuillez noter que les poufs sont exp\u00e9di\u00e9s non garnis.<\/p>\n<p>D\u00e9tails :<br \/>\n&#8211; Couleur : Vert clair<br \/>\n&#8211; Mat\u00e9riau : Cuir de ch\u00e8vre v\u00e9ritable<br \/>\n&#8211; Marque : Moroccan Poufs<br \/>\n&#8211; Type de tissu : Fait \u00e0 la main<br \/>\n&#8211; Forme : Rond<br \/>\n&#8211; Dimensions de l&rsquo;article (L x l x H) : 21 x 21 x 12 pouces<br \/>\n&#8211; Fermeture \u00e9clair solide sur le dessous<\/p>\n","protected":false},"featured_media":6179,"comment_status":"open","ping_status":"closed","template":"","meta":{"_acf_changed":false,"ocean_post_layout":"","ocean_both_sidebars_style":"","ocean_both_sidebars_content_width":0,"ocean_both_sidebars_sidebars_width":0,"ocean_sidebar":"0","ocean_second_sidebar":"0","ocean_disable_margins":"enable","ocean_add_body_class":"","ocean_shortcode_before_top_bar":"","ocean_shortcode_after_top_bar":"","ocean_shortcode_before_header":"","ocean_shortcode_after_header":"","ocean_has_shortcode":"","ocean_shortcode_after_title":"","ocean_shortcode_before_footer_widgets":"","ocean_shortcode_after_footer_widgets":"","ocean_shortcode_before_footer_bottom":"","ocean_shortcode_after_footer_bottom":"","ocean_display_top_bar":"default","ocean_display_header":"default","ocean_header_style":"","ocean_center_header_left_menu":"0","ocean_custom_header_template":"0","ocean_custom_logo":0,"ocean_custom_retina_logo":0,"ocean_custom_logo_max_width":0,"ocean_custom_logo_tablet_max_width":0,"ocean_custom_logo_mobile_max_width":0,"ocean_custom_logo_max_height":0,"ocean_custom_logo_tablet_max_height":0,"ocean_custom_logo_mobile_max_height":0,"ocean_header_custom_menu":"0","ocean_menu_typo_font_family":"0","ocean_menu_typo_font_subset":"","ocean_menu_typo_font_size":0,"ocean_menu_typo_font_size_tablet":0,"ocean_menu_typo_font_size_mobile":0,"ocean_menu_typo_font_size_unit":"px","ocean_menu_typo_font_weight":"","ocean_menu_typo_font_weight_tablet":"","ocean_menu_typo_font_weight_mobile":"","ocean_menu_typo_transform":"","ocean_menu_typo_transform_tablet":"","ocean_menu_typo_transform_mobile":"","ocean_menu_typo_line_height":0,"ocean_menu_typo_line_height_tablet":0,"ocean_menu_typo_line_height_mobile":0,"ocean_menu_typo_line_height_unit":"","ocean_menu_typo_spacing":0,"ocean_menu_typo_spacing_tablet":0,"ocean_menu_typo_spacing_mobile":0,"ocean_menu_typo_spacing_unit":"","ocean_menu_link_color":"","ocean_menu_link_color_hover":"","ocean_menu_link_color_active":"","ocean_menu_link_background":"","ocean_menu_link_hover_background":"","ocean_menu_link_active_background":"","ocean_menu_social_links_bg":"","ocean_menu_social_hover_links_bg":"","ocean_menu_social_links_color":"","ocean_menu_social_hover_links_color":"","ocean_disable_title":"default","ocean_disable_heading":"default","ocean_post_title":"","ocean_post_subheading":"","ocean_post_title_style":"","ocean_post_title_background_color":"","ocean_post_title_background":0,"ocean_post_title_bg_image_position":"","ocean_post_title_bg_image_attachment":"","ocean_post_title_bg_image_repeat":"","ocean_post_title_bg_image_size":"","ocean_post_title_height":0,"ocean_post_title_bg_overlay":0.5,"ocean_post_title_bg_overlay_color":"","ocean_disable_breadcrumbs":"default","ocean_breadcrumbs_color":"","ocean_breadcrumbs_separator_color":"","ocean_breadcrumbs_links_color":"","ocean_breadcrumbs_links_hover_color":"","ocean_display_footer_widgets":"default","ocean_display_footer_bottom":"default","ocean_custom_footer_template":"0"},"product_brand":[],"product_cat":[306],"product_tag":[308,309,416,310,311,313],"class_list":{"0":"post-7718","1":"product","2":"type-product","3":"status-publish","4":"has-post-thumbnail","6":"product_cat-poufs-marocains","7":"product_tag-chaises-et-ottomans","8":"product_tag-cuire-veritable","9":"product_tag-kilim-pouf-fr","10":"product_tag-leather-pouf-fr","11":"product_tag-ottoman-footstool-fr","12":"product_tag-pouf-fr","13":"product_shipping_class-pouf-1-kg-fr","15":"entry","16":"has-media","18":"first","19":"instock","20":"shipping-taxable","21":"purchasable","22":"product-type-simple","23":"has-product-nav","24":"col","25":"span_1_of_4","26":"owp-content-center","27":"owp-thumbs-layout-horizontal","28":"owp-btn-normal","29":"owp-tabs-layout-horizontal"},"acf":[],"jetpack_sharing_enabled":true,"_links":{"self":[{"href":"https:\/\/waysouk.com\/fr\/wp-json\/wp\/v2\/product\/7718","targetHints":{"allow":["GET"]}}],"collection":[{"href":"https:\/\/waysouk.com\/fr\/wp-json\/wp\/v2\/product"}],"about":[{"href":"https:\/\/waysouk.com\/fr\/wp-json\/wp\/v2\/types\/product"}],"replies":[{"embeddable":true,"href":"https:\/\/waysouk.com\/fr\/wp-json\/wp\/v2\/comments?post=7718"}],"wp:featuredmedia":[{"embeddable":true,"href":"https:\/\/waysouk.com\/fr\/wp-json\/wp\/v2\/media\/6179"}],"wp:attachment":[{"href":"https:\/\/waysouk.com\/fr\/wp-json\/wp\/v2\/media?parent=7718"}],"wp:term":[{"taxonomy":"product_brand","embeddable":true,"href":"https:\/\/waysouk.com\/fr\/wp-json\/wp\/v2\/product_brand?post=7718"},{"taxonomy":"product_cat","embeddable":true,"href":"https:\/\/waysouk.com\/fr\/wp-json\/wp\/v2\/product_cat?post=7718"},{"taxonomy":"product_tag","embeddable":true,"href":"https:\/\/waysouk.com\/fr\/wp-json\/wp\/v2\/product_tag?post=7718"}],"curies":[{"name":"wp","href":"https:\/\/api.w.org\/{rel}","templated":true}]}}