{"id":7717,"date":"2021-05-30T22:55:37","date_gmt":"2021-05-30T22:55:37","guid":{"rendered":"https:\/\/waysouk.com\/product\/metalic-moroccan-ottomans-footstools\/"},"modified":"2024-04-29T07:06:00","modified_gmt":"2024-04-29T07:06:00","slug":"pouf-marocain-metallique-pouf-marocain-argente","status":"publish","type":"product","link":"https:\/\/waysouk.com\/fr\/produit\/pouf-marocain-metallique-pouf-marocain-argente\/","title":{"rendered":"Pouf marocain m\u00e9tallique..."},"content":{"rendered":"<p>Ce magnifique pouf marocain est cousu par nos artisans exp\u00e9riment\u00e9s \u00e0 partir de cuir synth\u00e9tique, soutenu par une couche int\u00e9rieure sp\u00e9ciale qui lui conf\u00e8re plus de solidit\u00e9 et lui permet de conserver sa forme. Ce pouf ottoman en cuir synth\u00e9tique marocain peut \u00eatre plac\u00e9 l\u00e0 o\u00f9 vous souhaitez ajouter une touche artistique et exotique \u00e0 votre int\u00e9rieur : pr\u00e8s de votre canap\u00e9 ou de votre chemin\u00e9e, au bout de votre lit ou dans la chambre de votre enfant. Offrant une touche de style ottoman \u00e0 votre pi\u00e8ce, il est disponible dans de nombreuses couleurs magnifiques. Fait \u00e0 la main, notre pouf rond est fabriqu\u00e9 en cuir synth\u00e9tique, ce qui renforce sa solidit\u00e9 et sa durabilit\u00e9. Livr\u00e9 non garni, vous pouvez le remplir de ouate de fibre ou de v\u00eatements pour obtenir le confort et la relaxation parfaits. Parfait pour s&rsquo;asseoir et ajoutant une touche charmante \u00e0 la pi\u00e8ce, ce pouf est id\u00e9al pour compl\u00e9ter votre d\u00e9coration int\u00e9rieure.<\/p>\n<p>Ce pouf est exp\u00e9di\u00e9 NON GARNI. Vous pouvez utiliser de la ouate de polyester ou de coton, ou une \u00e9ponge pour le remplir.<\/p>\n<p>Nettoyage : En utilisant un chiffon humide, vous pouvez facilement \u00e9liminer toute trace de salet\u00e9.<\/p>\n<p>D\u00c9TAILS DU PRODUIT<br \/>\nCouleur : Argent<br \/>\nMat\u00e9riau : Cuir synth\u00e9tique<br \/>\nMarque : Moroccan poufs<br \/>\nType de tissu : Fait \u00e0 la main<br \/>\nForme : Rond<br \/>\nDimensions de l&rsquo;article (L x l x H) : 21 x 21 x 12 pouces<\/p>\n<p>Fermeture \u00e9clair solide sur le dessous<\/p>\n","protected":false},"excerpt":{"rendered":"<p>Ajoutez une touche de confort luxueux \u00e0 votre d\u00e9cor avec ce pouf ottoman marocain recouvert de cuir de ch\u00e8vre naturel \u00e0 100 %. Ses couleurs vibrantes \u00e9gayeront l&rsquo;espace o\u00f9 que vous le d\u00e9placiez, que ce soit du salon \u00e0 la chambre \u00e0 coucher, en passant par la chambre d&rsquo;enfant !<\/p>\n<p>Veuillez noter que les poufs sont exp\u00e9di\u00e9s non garnis.<\/p>\n<p>D\u00e9tails :<br \/>\n&#8211; Couleur : Argent<br \/>\n&#8211; Mat\u00e9riau : Cuir synth\u00e9tique<br \/>\n&#8211; Marque : Moroccan poufs<br \/>\n&#8211; Type de tissu : Fait \u00e0 la main<br \/>\n&#8211; Forme : Rond<br \/>\n&#8211; Dimensions de l&rsquo;article (L x l x H) : 21 x 21 x 12 pouces<br \/>\n&#8211; Fermeture \u00e9clair solide sur le dessous<\/p>\n","protected":false},"featured_media":6196,"comment_status":"open","ping_status":"closed","template":"","meta":{"_acf_changed":false,"ocean_post_layout":"","ocean_both_sidebars_style":"","ocean_both_sidebars_content_width":0,"ocean_both_sidebars_sidebars_width":0,"ocean_sidebar":"0","ocean_second_sidebar":"0","ocean_disable_margins":"enable","ocean_add_body_class":"","ocean_shortcode_before_top_bar":"","ocean_shortcode_after_top_bar":"","ocean_shortcode_before_header":"","ocean_shortcode_after_header":"","ocean_has_shortcode":"","ocean_shortcode_after_title":"","ocean_shortcode_before_footer_widgets":"","ocean_shortcode_after_footer_widgets":"","ocean_shortcode_before_footer_bottom":"","ocean_shortcode_after_footer_bottom":"","ocean_display_top_bar":"default","ocean_display_header":"default","ocean_header_style":"","ocean_center_header_left_menu":"0","ocean_custom_header_template":"0","ocean_custom_logo":0,"ocean_custom_retina_logo":0,"ocean_custom_logo_max_width":0,"ocean_custom_logo_tablet_max_width":0,"ocean_custom_logo_mobile_max_width":0,"ocean_custom_logo_max_height":0,"ocean_custom_logo_tablet_max_height":0,"ocean_custom_logo_mobile_max_height":0,"ocean_header_custom_menu":"0","ocean_menu_typo_font_family":"0","ocean_menu_typo_font_subset":"","ocean_menu_typo_font_size":0,"ocean_menu_typo_font_size_tablet":0,"ocean_menu_typo_font_size_mobile":0,"ocean_menu_typo_font_size_unit":"px","ocean_menu_typo_font_weight":"","ocean_menu_typo_font_weight_tablet":"","ocean_menu_typo_font_weight_mobile":"","ocean_menu_typo_transform":"","ocean_menu_typo_transform_tablet":"","ocean_menu_typo_transform_mobile":"","ocean_menu_typo_line_height":0,"ocean_menu_typo_line_height_tablet":0,"ocean_menu_typo_line_height_mobile":0,"ocean_menu_typo_line_height_unit":"","ocean_menu_typo_spacing":0,"ocean_menu_typo_spacing_tablet":0,"ocean_menu_typo_spacing_mobile":0,"ocean_menu_typo_spacing_unit":"","ocean_menu_link_color":"","ocean_menu_link_color_hover":"","ocean_menu_link_color_active":"","ocean_menu_link_background":"","ocean_menu_link_hover_background":"","ocean_menu_link_active_background":"","ocean_menu_social_links_bg":"","ocean_menu_social_hover_links_bg":"","ocean_menu_social_links_color":"","ocean_menu_social_hover_links_color":"","ocean_disable_title":"default","ocean_disable_heading":"default","ocean_post_title":"","ocean_post_subheading":"","ocean_post_title_style":"","ocean_post_title_background_color":"","ocean_post_title_background":0,"ocean_post_title_bg_image_position":"","ocean_post_title_bg_image_attachment":"","ocean_post_title_bg_image_repeat":"","ocean_post_title_bg_image_size":"","ocean_post_title_height":0,"ocean_post_title_bg_overlay":0.5,"ocean_post_title_bg_overlay_color":"","ocean_disable_breadcrumbs":"default","ocean_breadcrumbs_color":"","ocean_breadcrumbs_separator_color":"","ocean_breadcrumbs_links_color":"","ocean_breadcrumbs_links_hover_color":"","ocean_display_footer_widgets":"default","ocean_display_footer_bottom":"default","ocean_custom_footer_template":"0"},"product_brand":[],"product_cat":[306],"product_tag":[308,309,416,310,311,313],"class_list":{"0":"post-7717","1":"product","2":"type-product","3":"status-publish","4":"has-post-thumbnail","6":"product_cat-poufs-marocains","7":"product_tag-chaises-et-ottomans","8":"product_tag-cuire-veritable","9":"product_tag-kilim-pouf-fr","10":"product_tag-leather-pouf-fr","11":"product_tag-ottoman-footstool-fr","12":"product_tag-pouf-fr","13":"product_shipping_class-pouf-1-kg-fr","15":"entry","16":"has-media","18":"first","19":"instock","20":"shipping-taxable","21":"purchasable","22":"product-type-simple","23":"has-product-nav","24":"col","25":"span_1_of_4","26":"owp-content-center","27":"owp-thumbs-layout-horizontal","28":"owp-btn-normal","29":"owp-tabs-layout-horizontal"},"acf":[],"jetpack_sharing_enabled":true,"_links":{"self":[{"href":"https:\/\/waysouk.com\/fr\/wp-json\/wp\/v2\/product\/7717","targetHints":{"allow":["GET"]}}],"collection":[{"href":"https:\/\/waysouk.com\/fr\/wp-json\/wp\/v2\/product"}],"about":[{"href":"https:\/\/waysouk.com\/fr\/wp-json\/wp\/v2\/types\/product"}],"replies":[{"embeddable":true,"href":"https:\/\/waysouk.com\/fr\/wp-json\/wp\/v2\/comments?post=7717"}],"wp:featuredmedia":[{"embeddable":true,"href":"https:\/\/waysouk.com\/fr\/wp-json\/wp\/v2\/media\/6196"}],"wp:attachment":[{"href":"https:\/\/waysouk.com\/fr\/wp-json\/wp\/v2\/media?parent=7717"}],"wp:term":[{"taxonomy":"product_brand","embeddable":true,"href":"https:\/\/waysouk.com\/fr\/wp-json\/wp\/v2\/product_brand?post=7717"},{"taxonomy":"product_cat","embeddable":true,"href":"https:\/\/waysouk.com\/fr\/wp-json\/wp\/v2\/product_cat?post=7717"},{"taxonomy":"product_tag","embeddable":true,"href":"https:\/\/waysouk.com\/fr\/wp-json\/wp\/v2\/product_tag?post=7717"}],"curies":[{"name":"wp","href":"https:\/\/api.w.org\/{rel}","templated":true}]}}