{"id":7716,"date":"2021-05-30T23:08:43","date_gmt":"2021-05-30T23:08:43","guid":{"rendered":"https:\/\/waysouk.com\/product\/moroccan-denim-blue-jean-pouf-with-leather\/"},"modified":"2024-04-29T07:48:30","modified_gmt":"2024-04-29T07:48:30","slug":"pouf-marocain-en-jean-bleu-denim-avec-cuir","status":"publish","type":"product","link":"https:\/\/waysouk.com\/fr\/produit\/pouf-marocain-en-jean-bleu-denim-avec-cuir\/","title":{"rendered":"Pouf marocain en..."},"content":{"rendered":"<p>Notre pouf marocain est cousu par nos artisans exp\u00e9riment\u00e9s \u00e0 partir de cuir de ch\u00e8vre de qualit\u00e9 sup\u00e9rieure \u00e0 100 % et de tissu en jean. Les panneaux en cuir sont soutenus par une couche int\u00e9rieure sp\u00e9ciale qui lui donne plus de soutien et lui permet de durer.<\/p>\n<p>Notre pouf ottoman marocain peut \u00eatre plac\u00e9 o\u00f9 vous pouvez ajouter une touche artistique et exotique \u00e0 votre int\u00e9rieur : pr\u00e8s de votre canap\u00e9 ou de votre chemin\u00e9e, au bout de votre lit ou dans la chambre de votre enfant. Notre pouf rond fait main est fabriqu\u00e9 \u00e0 partir de cuir de ch\u00e8vre et de jean, ce qui renforce sa r\u00e9sistance et sa durabilit\u00e9. Parfait pour s&rsquo;asseoir, il cr\u00e9e un attrait charmant pour la pi\u00e8ce.<\/p>\n<p>Remarque : le pouf est exp\u00e9di\u00e9 non garni, mais vous pouvez utiliser du rembourrage en fibre de polyester ou en coton, ou vous pouvez \u00e9galement utiliser de vieux torchons pour le rendre ferme.<\/p>\n<p>Caract\u00e9ristiques :<br \/>\n&#8211; Couleur : bleu jeans et marron<br \/>\n&#8211; Mat\u00e9riau : cuir de ch\u00e8vre v\u00e9ritable et tissu en jean<br \/>\n&#8211; Marque : Moroccan poufs<br \/>\n&#8211; Type de tissu : fait main<br \/>\n&#8211; Forme : ronde<br \/>\n&#8211; Dimensions de l&rsquo;article (LxlxH) : 21 x 21 x 12 pouces<\/p>\n<p>Fermeture \u00e9clair solide sur le dessous.<\/p>\n","protected":false},"excerpt":{"rendered":"<p>Ajoutez une touche de confort luxueux \u00e0 votre d\u00e9cor avec ce pouf ottoman marocain en cuir de ch\u00e8vre 100 % naturel. Ses couleurs vibrantes dynamiseront l&rsquo;espace o\u00f9 qu&rsquo;il soit plac\u00e9, du salon \u00e0 la chambre en passant par la chambre de b\u00e9b\u00e9 !<\/p>\n<p>Les poufs sont exp\u00e9di\u00e9s NON GARNIS<\/p>\n<p>Couleur : Bleu jeans et marron<br \/>\nMat\u00e9riau : Cuir de ch\u00e8vre v\u00e9ritable et tissu en jean<br \/>\nMarque : Moroccan poufs<br \/>\nType de tissu : Fait main<br \/>\nForme : Ronde<br \/>\nDimensions de l&rsquo;article (LxlxH) : 21 x 21 x 12 pouces<\/p>\n<p>Fermeture \u00e9clair solide sur le dessous.<\/p>\n","protected":false},"featured_media":6199,"comment_status":"open","ping_status":"closed","template":"","meta":{"_acf_changed":false,"ocean_post_layout":"","ocean_both_sidebars_style":"","ocean_both_sidebars_content_width":0,"ocean_both_sidebars_sidebars_width":0,"ocean_sidebar":"0","ocean_second_sidebar":"0","ocean_disable_margins":"enable","ocean_add_body_class":"","ocean_shortcode_before_top_bar":"","ocean_shortcode_after_top_bar":"","ocean_shortcode_before_header":"","ocean_shortcode_after_header":"","ocean_has_shortcode":"","ocean_shortcode_after_title":"","ocean_shortcode_before_footer_widgets":"","ocean_shortcode_after_footer_widgets":"","ocean_shortcode_before_footer_bottom":"","ocean_shortcode_after_footer_bottom":"","ocean_display_top_bar":"default","ocean_display_header":"default","ocean_header_style":"","ocean_center_header_left_menu":"0","ocean_custom_header_template":"0","ocean_custom_logo":0,"ocean_custom_retina_logo":0,"ocean_custom_logo_max_width":0,"ocean_custom_logo_tablet_max_width":0,"ocean_custom_logo_mobile_max_width":0,"ocean_custom_logo_max_height":0,"ocean_custom_logo_tablet_max_height":0,"ocean_custom_logo_mobile_max_height":0,"ocean_header_custom_menu":"0","ocean_menu_typo_font_family":"0","ocean_menu_typo_font_subset":"","ocean_menu_typo_font_size":0,"ocean_menu_typo_font_size_tablet":0,"ocean_menu_typo_font_size_mobile":0,"ocean_menu_typo_font_size_unit":"px","ocean_menu_typo_font_weight":"","ocean_menu_typo_font_weight_tablet":"","ocean_menu_typo_font_weight_mobile":"","ocean_menu_typo_transform":"","ocean_menu_typo_transform_tablet":"","ocean_menu_typo_transform_mobile":"","ocean_menu_typo_line_height":0,"ocean_menu_typo_line_height_tablet":0,"ocean_menu_typo_line_height_mobile":0,"ocean_menu_typo_line_height_unit":"","ocean_menu_typo_spacing":0,"ocean_menu_typo_spacing_tablet":0,"ocean_menu_typo_spacing_mobile":0,"ocean_menu_typo_spacing_unit":"","ocean_menu_link_color":"","ocean_menu_link_color_hover":"","ocean_menu_link_color_active":"","ocean_menu_link_background":"","ocean_menu_link_hover_background":"","ocean_menu_link_active_background":"","ocean_menu_social_links_bg":"","ocean_menu_social_hover_links_bg":"","ocean_menu_social_links_color":"","ocean_menu_social_hover_links_color":"","ocean_disable_title":"default","ocean_disable_heading":"default","ocean_post_title":"","ocean_post_subheading":"","ocean_post_title_style":"","ocean_post_title_background_color":"","ocean_post_title_background":0,"ocean_post_title_bg_image_position":"","ocean_post_title_bg_image_attachment":"","ocean_post_title_bg_image_repeat":"","ocean_post_title_bg_image_size":"","ocean_post_title_height":0,"ocean_post_title_bg_overlay":0.5,"ocean_post_title_bg_overlay_color":"","ocean_disable_breadcrumbs":"default","ocean_breadcrumbs_color":"","ocean_breadcrumbs_separator_color":"","ocean_breadcrumbs_links_color":"","ocean_breadcrumbs_links_hover_color":"","ocean_display_footer_widgets":"default","ocean_display_footer_bottom":"default","ocean_custom_footer_template":"0"},"product_brand":[],"product_cat":[306],"product_tag":[308,309,416,310,311,313],"class_list":{"0":"post-7716","1":"product","2":"type-product","3":"status-publish","4":"has-post-thumbnail","6":"product_cat-poufs-marocains","7":"product_tag-chaises-et-ottomans","8":"product_tag-cuire-veritable","9":"product_tag-kilim-pouf-fr","10":"product_tag-leather-pouf-fr","11":"product_tag-ottoman-footstool-fr","12":"product_tag-pouf-fr","13":"product_shipping_class-pouf-1-kg-fr","15":"entry","16":"has-media","18":"first","19":"instock","20":"shipping-taxable","21":"purchasable","22":"product-type-simple","23":"has-product-nav","24":"col","25":"span_1_of_4","26":"owp-content-center","27":"owp-thumbs-layout-horizontal","28":"owp-btn-normal","29":"owp-tabs-layout-horizontal"},"acf":[],"jetpack_sharing_enabled":true,"_links":{"self":[{"href":"https:\/\/waysouk.com\/fr\/wp-json\/wp\/v2\/product\/7716","targetHints":{"allow":["GET"]}}],"collection":[{"href":"https:\/\/waysouk.com\/fr\/wp-json\/wp\/v2\/product"}],"about":[{"href":"https:\/\/waysouk.com\/fr\/wp-json\/wp\/v2\/types\/product"}],"replies":[{"embeddable":true,"href":"https:\/\/waysouk.com\/fr\/wp-json\/wp\/v2\/comments?post=7716"}],"wp:featuredmedia":[{"embeddable":true,"href":"https:\/\/waysouk.com\/fr\/wp-json\/wp\/v2\/media\/6199"}],"wp:attachment":[{"href":"https:\/\/waysouk.com\/fr\/wp-json\/wp\/v2\/media?parent=7716"}],"wp:term":[{"taxonomy":"product_brand","embeddable":true,"href":"https:\/\/waysouk.com\/fr\/wp-json\/wp\/v2\/product_brand?post=7716"},{"taxonomy":"product_cat","embeddable":true,"href":"https:\/\/waysouk.com\/fr\/wp-json\/wp\/v2\/product_cat?post=7716"},{"taxonomy":"product_tag","embeddable":true,"href":"https:\/\/waysouk.com\/fr\/wp-json\/wp\/v2\/product_tag?post=7716"}],"curies":[{"name":"wp","href":"https:\/\/api.w.org\/{rel}","templated":true}]}}