{"id":7715,"date":"2021-05-30T23:12:23","date_gmt":"2021-05-30T23:12:23","guid":{"rendered":"https:\/\/waysouk.com\/product\/gold-faux-leather-moroccan-footstool-pouf-from-marrakech\/"},"modified":"2024-04-29T06:21:58","modified_gmt":"2024-04-29T06:21:58","slug":"pouf-repose-pieds-marocain-en-simili-cuir-dore-de-marrakech","status":"publish","type":"product","link":"https:\/\/waysouk.com\/fr\/produit\/pouf-repose-pieds-marocain-en-simili-cuir-dore-de-marrakech\/","title":{"rendered":"Pouf repose-pieds marocain..."},"content":{"rendered":"<p>Ce magnifique pouf marocain est cousu par nos artisans exp\u00e9riment\u00e9s \u00e0 partir de simili cuir, et les panneaux sont soutenus par une couche int\u00e9rieure sp\u00e9ciale qui lui donne plus de soutien et contribue \u00e0 sa long\u00e9vit\u00e9.<\/p>\n<p>Ce pouf ottoman marocain en simili cuir peut \u00eatre plac\u00e9 l\u00e0 o\u00f9 vous souhaitez ajouter une touche artistique et exotique \u00e0 votre int\u00e9rieur : pr\u00e8s de votre canap\u00e9 ou de votre chemin\u00e9e, au bout de votre lit ou dans la chambre de votre enfant. Le pouf marocain en cuir donne \u00e0 votre pi\u00e8ce une touche de style ottoman avec le pouf ottoman de Marrakech. Il est disponible dans de nombreuses belles couleurs \u00e0 choisir. Notre pouf rond fait \u00e0 la main est fabriqu\u00e9 en simili cuir, ce qui renforce sa r\u00e9sistance et sa durabilit\u00e9. Il peut \u00eatre rempli de ouate de polyester et utilis\u00e9 avec des v\u00eatements pour vous offrir le confort et la relaxation parfaits. Le pouf est parfait pour s&rsquo;asseoir et cr\u00e9e un attrait charmant dans la pi\u00e8ce. Il est id\u00e9al pour s&rsquo;asseoir et constitue un excellent ajout \u00e0 votre int\u00e9rieur.<\/p>\n<p>Ce pouf est exp\u00e9di\u00e9 non rembourr\u00e9, vous pouvez utiliser du polyester ou du coton, ou une \u00e9ponge pour le remplir.<\/p>\n<p>Nettoyage : En utilisant un chiffon humide, vous pouvez \u00e9liminer d\u00e9finitivement toute trace de salet\u00e9.<\/p>\n<p>D\u00c9TAILS DU PRODUIT<br \/>\nCouleur : Or<br \/>\nMat\u00e9riau : Simili cuir<br \/>\nMarque : Poufs marocains<br \/>\nType de tissu : Fait main<br \/>\nForme : Rond<br \/>\nDimensions de l&rsquo;article LxlxH : 21 x 21 x 12 pouces<\/p>\n<p>Fermeture \u00e9clair solide sur le dessous.<\/p>\n","protected":false},"excerpt":{"rendered":"<p>Ajoutez une touche de confort luxueux \u00e0 votre d\u00e9cor avec ce pouf marocain recouvert de cuir de ch\u00e8vre 100 % naturel. Ses couleurs vives illumineront l&rsquo;espace o\u00f9 qu&rsquo;il soit d\u00e9plac\u00e9, du salon \u00e0 la chambre \u00e0 coucher, en passant par la nursery !<\/p>\n<p>Les poufs sont exp\u00e9di\u00e9s NON GARNIS<\/p>\n<p>Couleur : Or<br \/>\nMat\u00e9riau : Faux cuir<br \/>\nMarque : Moroccan poufs<br \/>\nType de tissu : Fait main<br \/>\nForme : Rond<br \/>\nDimensions de l&rsquo;article LxlxH : 21 x 21 x 12 pouces<\/p>\n<p>Fermeture \u00e9clair solide sur le dessous.<\/p>\n","protected":false},"featured_media":6202,"comment_status":"open","ping_status":"closed","template":"","meta":{"_acf_changed":false,"ocean_post_layout":"","ocean_both_sidebars_style":"","ocean_both_sidebars_content_width":0,"ocean_both_sidebars_sidebars_width":0,"ocean_sidebar":"0","ocean_second_sidebar":"0","ocean_disable_margins":"enable","ocean_add_body_class":"","ocean_shortcode_before_top_bar":"","ocean_shortcode_after_top_bar":"","ocean_shortcode_before_header":"","ocean_shortcode_after_header":"","ocean_has_shortcode":"","ocean_shortcode_after_title":"","ocean_shortcode_before_footer_widgets":"","ocean_shortcode_after_footer_widgets":"","ocean_shortcode_before_footer_bottom":"","ocean_shortcode_after_footer_bottom":"","ocean_display_top_bar":"default","ocean_display_header":"default","ocean_header_style":"","ocean_center_header_left_menu":"0","ocean_custom_header_template":"0","ocean_custom_logo":0,"ocean_custom_retina_logo":0,"ocean_custom_logo_max_width":0,"ocean_custom_logo_tablet_max_width":0,"ocean_custom_logo_mobile_max_width":0,"ocean_custom_logo_max_height":0,"ocean_custom_logo_tablet_max_height":0,"ocean_custom_logo_mobile_max_height":0,"ocean_header_custom_menu":"0","ocean_menu_typo_font_family":"0","ocean_menu_typo_font_subset":"","ocean_menu_typo_font_size":0,"ocean_menu_typo_font_size_tablet":0,"ocean_menu_typo_font_size_mobile":0,"ocean_menu_typo_font_size_unit":"px","ocean_menu_typo_font_weight":"","ocean_menu_typo_font_weight_tablet":"","ocean_menu_typo_font_weight_mobile":"","ocean_menu_typo_transform":"","ocean_menu_typo_transform_tablet":"","ocean_menu_typo_transform_mobile":"","ocean_menu_typo_line_height":0,"ocean_menu_typo_line_height_tablet":0,"ocean_menu_typo_line_height_mobile":0,"ocean_menu_typo_line_height_unit":"","ocean_menu_typo_spacing":0,"ocean_menu_typo_spacing_tablet":0,"ocean_menu_typo_spacing_mobile":0,"ocean_menu_typo_spacing_unit":"","ocean_menu_link_color":"","ocean_menu_link_color_hover":"","ocean_menu_link_color_active":"","ocean_menu_link_background":"","ocean_menu_link_hover_background":"","ocean_menu_link_active_background":"","ocean_menu_social_links_bg":"","ocean_menu_social_hover_links_bg":"","ocean_menu_social_links_color":"","ocean_menu_social_hover_links_color":"","ocean_disable_title":"default","ocean_disable_heading":"default","ocean_post_title":"","ocean_post_subheading":"","ocean_post_title_style":"","ocean_post_title_background_color":"","ocean_post_title_background":0,"ocean_post_title_bg_image_position":"","ocean_post_title_bg_image_attachment":"","ocean_post_title_bg_image_repeat":"","ocean_post_title_bg_image_size":"","ocean_post_title_height":0,"ocean_post_title_bg_overlay":0.5,"ocean_post_title_bg_overlay_color":"","ocean_disable_breadcrumbs":"default","ocean_breadcrumbs_color":"","ocean_breadcrumbs_separator_color":"","ocean_breadcrumbs_links_color":"","ocean_breadcrumbs_links_hover_color":"","ocean_display_footer_widgets":"default","ocean_display_footer_bottom":"default","ocean_custom_footer_template":"0"},"product_brand":[],"product_cat":[306],"product_tag":[308,309,416,310,311,313],"class_list":{"0":"post-7715","1":"product","2":"type-product","3":"status-publish","4":"has-post-thumbnail","6":"product_cat-poufs-marocains","7":"product_tag-chaises-et-ottomans","8":"product_tag-cuire-veritable","9":"product_tag-kilim-pouf-fr","10":"product_tag-leather-pouf-fr","11":"product_tag-ottoman-footstool-fr","12":"product_tag-pouf-fr","13":"product_shipping_class-pouf-1-kg-fr","15":"entry","16":"has-media","18":"first","19":"instock","20":"shipping-taxable","21":"purchasable","22":"product-type-simple","23":"has-product-nav","24":"col","25":"span_1_of_4","26":"owp-content-center","27":"owp-thumbs-layout-horizontal","28":"owp-btn-normal","29":"owp-tabs-layout-horizontal"},"acf":[],"jetpack_sharing_enabled":true,"_links":{"self":[{"href":"https:\/\/waysouk.com\/fr\/wp-json\/wp\/v2\/product\/7715","targetHints":{"allow":["GET"]}}],"collection":[{"href":"https:\/\/waysouk.com\/fr\/wp-json\/wp\/v2\/product"}],"about":[{"href":"https:\/\/waysouk.com\/fr\/wp-json\/wp\/v2\/types\/product"}],"replies":[{"embeddable":true,"href":"https:\/\/waysouk.com\/fr\/wp-json\/wp\/v2\/comments?post=7715"}],"wp:featuredmedia":[{"embeddable":true,"href":"https:\/\/waysouk.com\/fr\/wp-json\/wp\/v2\/media\/6202"}],"wp:attachment":[{"href":"https:\/\/waysouk.com\/fr\/wp-json\/wp\/v2\/media?parent=7715"}],"wp:term":[{"taxonomy":"product_brand","embeddable":true,"href":"https:\/\/waysouk.com\/fr\/wp-json\/wp\/v2\/product_brand?post=7715"},{"taxonomy":"product_cat","embeddable":true,"href":"https:\/\/waysouk.com\/fr\/wp-json\/wp\/v2\/product_cat?post=7715"},{"taxonomy":"product_tag","embeddable":true,"href":"https:\/\/waysouk.com\/fr\/wp-json\/wp\/v2\/product_tag?post=7715"}],"curies":[{"name":"wp","href":"https:\/\/api.w.org\/{rel}","templated":true}]}}