{"id":7672,"date":"2021-07-18T18:56:17","date_gmt":"2021-07-18T18:56:17","guid":{"rendered":"https:\/\/waysouk.com\/product\/white-moroccan-handwoven-pom-pom-blanket-weaved-by-hand-and-hand\/"},"modified":"2024-04-28T11:57:14","modified_gmt":"2024-04-28T11:57:14","slug":"couvertures-marocaines-blanches-tissees-a-la-main","status":"publish","type":"product","link":"https:\/\/waysouk.com\/fr\/produit\/couvertures-marocaines-blanches-tissees-a-la-main\/","title":{"rendered":"Couvertures marocaines blanches..."},"content":{"rendered":"<p>Couverture marocaine \u00e0 pompons tiss\u00e9e \u00e0 la main et teinte \u00e0 la main, parfaite pour r\u00e9conforter votre maison, votre lit ou votre canap\u00e9. Cette couverture enchantera vos chambres et nurseries avec ses textures tr\u00e8s douces et chaudes.<\/p>\n<p>Nos couvertures tiss\u00e9es \u00e0 la main sont con\u00e7ues et cr\u00e9\u00e9es par des artisans vivant \u00e0 Marrakech. Incroyablement douce, magnifiquement tiss\u00e9e \u00e0 la main et suffisamment grande pour votre lit ! Agr\u00e9ment\u00e9e de pompons cousus le long de deux c\u00f4t\u00e9s de la couverture pour ajouter un d\u00e9tail amusant que tout le monde adore.<\/p>\n<p>La couverture est fabriqu\u00e9e \u00e0 partir de 100 % de coton tiss\u00e9 \u00e0 la main.<\/p>\n<p>INSTRUCTIONS DE LAVAGE : Ne pas laver en machine. En raison de la nature artisanale de ce produit et pour de meilleurs r\u00e9sultats, si vous avez besoin de nettoyer la couverture, nous vous recommandons de la nettoyer localement avec un chiffon humide et un savon doux. Si une couverture enti\u00e8re a besoin d&rsquo;\u00eatre nettoy\u00e9e, un lavage \u00e0 la main dans une baignoire avec pr\u00e9caution est conseill\u00e9. Suspendre \u00e0 s\u00e9cher apr\u00e8s le lavage \u00e0 la main.<\/p>\n","protected":false},"excerpt":{"rendered":"<p>Apportez une touche de style \u00e0 votre pi\u00e8ce avec nos couvertures \u00e0 pompons marocains, de magnifiques couvertures authentiques marocaines soigneusement tiss\u00e9es \u00e0 la main par nos artisans hautement qualifi\u00e9s, qui allient \u00e0 la fois cr\u00e9ativit\u00e9 et savoir-faire.<\/p>\n<ul>\n<li>Les couvertures sont de la taille parfaite pour \u00eatre utilis\u00e9es comme jet\u00e9 de lit, au pied d&rsquo;un lit queen ou king-size, ou comme une belle d\u00e9coration.<\/li>\n<li>La couverture est fabriqu\u00e9e \u00e0 partir de 100 % de coton tiss\u00e9 \u00e0 la main.<\/li>\n<li>La couleur est blanche avec de larges rayures noires.<\/li>\n<li>Fabriqu\u00e9 au Maroc.<\/li>\n<\/ul>\n","protected":false},"featured_media":6224,"comment_status":"open","ping_status":"closed","template":"","meta":{"_acf_changed":false,"ocean_post_layout":"","ocean_both_sidebars_style":"","ocean_both_sidebars_content_width":0,"ocean_both_sidebars_sidebars_width":0,"ocean_sidebar":"0","ocean_second_sidebar":"0","ocean_disable_margins":"enable","ocean_add_body_class":"","ocean_shortcode_before_top_bar":"","ocean_shortcode_after_top_bar":"","ocean_shortcode_before_header":"","ocean_shortcode_after_header":"","ocean_has_shortcode":"","ocean_shortcode_after_title":"","ocean_shortcode_before_footer_widgets":"","ocean_shortcode_after_footer_widgets":"","ocean_shortcode_before_footer_bottom":"","ocean_shortcode_after_footer_bottom":"","ocean_display_top_bar":"default","ocean_display_header":"default","ocean_header_style":"","ocean_center_header_left_menu":"0","ocean_custom_header_template":"0","ocean_custom_logo":0,"ocean_custom_retina_logo":0,"ocean_custom_logo_max_width":0,"ocean_custom_logo_tablet_max_width":0,"ocean_custom_logo_mobile_max_width":0,"ocean_custom_logo_max_height":0,"ocean_custom_logo_tablet_max_height":0,"ocean_custom_logo_mobile_max_height":0,"ocean_header_custom_menu":"0","ocean_menu_typo_font_family":"0","ocean_menu_typo_font_subset":"","ocean_menu_typo_font_size":0,"ocean_menu_typo_font_size_tablet":0,"ocean_menu_typo_font_size_mobile":0,"ocean_menu_typo_font_size_unit":"px","ocean_menu_typo_font_weight":"","ocean_menu_typo_font_weight_tablet":"","ocean_menu_typo_font_weight_mobile":"","ocean_menu_typo_transform":"","ocean_menu_typo_transform_tablet":"","ocean_menu_typo_transform_mobile":"","ocean_menu_typo_line_height":0,"ocean_menu_typo_line_height_tablet":0,"ocean_menu_typo_line_height_mobile":0,"ocean_menu_typo_line_height_unit":"","ocean_menu_typo_spacing":0,"ocean_menu_typo_spacing_tablet":0,"ocean_menu_typo_spacing_mobile":0,"ocean_menu_typo_spacing_unit":"","ocean_menu_link_color":"","ocean_menu_link_color_hover":"","ocean_menu_link_color_active":"","ocean_menu_link_background":"","ocean_menu_link_hover_background":"","ocean_menu_link_active_background":"","ocean_menu_social_links_bg":"","ocean_menu_social_hover_links_bg":"","ocean_menu_social_links_color":"","ocean_menu_social_hover_links_color":"","ocean_disable_title":"default","ocean_disable_heading":"default","ocean_post_title":"","ocean_post_subheading":"","ocean_post_title_style":"","ocean_post_title_background_color":"","ocean_post_title_background":0,"ocean_post_title_bg_image_position":"","ocean_post_title_bg_image_attachment":"","ocean_post_title_bg_image_repeat":"","ocean_post_title_bg_image_size":"","ocean_post_title_height":0,"ocean_post_title_bg_overlay":0.5,"ocean_post_title_bg_overlay_color":"","ocean_disable_breadcrumbs":"default","ocean_breadcrumbs_color":"","ocean_breadcrumbs_separator_color":"","ocean_breadcrumbs_links_color":"","ocean_breadcrumbs_links_hover_color":"","ocean_display_footer_widgets":"default","ocean_display_footer_bottom":"default","ocean_custom_footer_template":"0"},"product_brand":[],"product_cat":[209],"product_tag":[],"class_list":{"0":"post-7672","1":"product","2":"type-product","3":"status-publish","4":"has-post-thumbnail","6":"product_cat-home-decor","8":"entry","9":"has-media","11":"first","12":"instock","13":"shipping-taxable","14":"purchasable","15":"product-type-variable","16":"has-default-attributes","17":"has-product-nav","18":"col","19":"span_1_of_4","20":"owp-content-center","21":"owp-thumbs-layout-horizontal","22":"owp-btn-normal","23":"owp-tabs-layout-horizontal"},"acf":[],"jetpack_sharing_enabled":true,"_links":{"self":[{"href":"https:\/\/waysouk.com\/fr\/wp-json\/wp\/v2\/product\/7672","targetHints":{"allow":["GET"]}}],"collection":[{"href":"https:\/\/waysouk.com\/fr\/wp-json\/wp\/v2\/product"}],"about":[{"href":"https:\/\/waysouk.com\/fr\/wp-json\/wp\/v2\/types\/product"}],"replies":[{"embeddable":true,"href":"https:\/\/waysouk.com\/fr\/wp-json\/wp\/v2\/comments?post=7672"}],"wp:featuredmedia":[{"embeddable":true,"href":"https:\/\/waysouk.com\/fr\/wp-json\/wp\/v2\/media\/6224"}],"wp:attachment":[{"href":"https:\/\/waysouk.com\/fr\/wp-json\/wp\/v2\/media?parent=7672"}],"wp:term":[{"taxonomy":"product_brand","embeddable":true,"href":"https:\/\/waysouk.com\/fr\/wp-json\/wp\/v2\/product_brand?post=7672"},{"taxonomy":"product_cat","embeddable":true,"href":"https:\/\/waysouk.com\/fr\/wp-json\/wp\/v2\/product_cat?post=7672"},{"taxonomy":"product_tag","embeddable":true,"href":"https:\/\/waysouk.com\/fr\/wp-json\/wp\/v2\/product_tag?post=7672"}],"curies":[{"name":"wp","href":"https:\/\/api.w.org\/{rel}","templated":true}]}}