{"id":7618,"date":"2021-08-04T18:56:18","date_gmt":"2021-08-04T18:56:18","guid":{"rendered":"https:\/\/waysouk.com\/product\/handmade-moroccan-basket-double-hemp-handles-french-market-basket\/"},"modified":"2024-04-28T15:20:00","modified_gmt":"2024-04-28T15:20:00","slug":"panier-marocain-fait-main-panier-a-double-poignees-en-chanvre","status":"publish","type":"product","link":"https:\/\/waysouk.com\/fr\/produit\/panier-marocain-fait-main-panier-a-double-poignees-en-chanvre\/","title":{"rendered":"Panier marocain fait..."},"content":{"rendered":"<p>Createz votre espace de r\u00eave avec cette pi\u00e8ce \u00e9l\u00e9gante et fonctionnelle. Embellissez n&rsquo;importe quelle pi\u00e8ce tout en stockant et en organisant vos biens. Chaque achat soutient les artisans au Maroc qui mouler et peignent soigneusement chaque pi\u00e8ce \u00e0 la main. Ils gagnent des salaires \u00e9quitables et pr\u00e9servent une technique ancestrale.<\/p>\n<p>Pour la plage, le march\u00e9 fermier ou le pique-nique en famille &#8211; nous adorons les utiliser pour pratiquement tout !<\/p>\n<p>MESURES :<\/p>\n<p>Haut : 45,72 cm \/ 18 po<br \/>\nBas : 30,5 cm \/ 12 po<br \/>\nHauteur : 30,5 cm \/ 12 po<br \/>\nPoign\u00e9es : Environ 6&Prime; \/ 15 cm de large et 4&Prime; \/ 10 cm de haut<\/p>\n<p>Comme pour tous les articles faits \u00e0 la main, des variations peuvent survenir.<\/p>\n<p>MAT\u00c9RIEL<\/p>\n<p>Feuille de palmier dattier et poign\u00e9es en chanvre<\/p>\n","protected":false},"excerpt":{"rendered":"<p>Nos paniers en paille marocains sont le choix parfait lorsque vous avez besoin d&rsquo;un fourre-tout durable et polyvalent qui peut \u00eatre utilis\u00e9 de diff\u00e9rentes mani\u00e8res. Ils sont fabriqu\u00e9s en paille naturelle solide et robuste qui a \u00e9t\u00e9 tiss\u00e9e \u00e0 la main par des artisans marocains talentueux. Ils sont extra-spacieux et si solides que vous pourrez les remplir de serviettes de bain, ou pour ranger des papiers, la seule limite est votre imagination !<\/p>\n<p>MESURES :<\/p>\n<p>Haut : 45,72 cm \/ 18 po<br \/>\nBas : 30,5 cm \/ 12 po<br \/>\nHauteur : 30,5 cm \/ 12 po<br \/>\nPoign\u00e9es : Environ 6&Prime; \/ 15 cm de large et 4&Prime; \/ 10 cm de haut<\/p>\n","protected":false},"featured_media":6289,"comment_status":"open","ping_status":"closed","template":"","meta":{"_acf_changed":false,"ocean_post_layout":"","ocean_both_sidebars_style":"","ocean_both_sidebars_content_width":0,"ocean_both_sidebars_sidebars_width":0,"ocean_sidebar":"0","ocean_second_sidebar":"0","ocean_disable_margins":"enable","ocean_add_body_class":"","ocean_shortcode_before_top_bar":"","ocean_shortcode_after_top_bar":"","ocean_shortcode_before_header":"","ocean_shortcode_after_header":"","ocean_has_shortcode":"","ocean_shortcode_after_title":"","ocean_shortcode_before_footer_widgets":"","ocean_shortcode_after_footer_widgets":"","ocean_shortcode_before_footer_bottom":"","ocean_shortcode_after_footer_bottom":"","ocean_display_top_bar":"default","ocean_display_header":"default","ocean_header_style":"","ocean_center_header_left_menu":"0","ocean_custom_header_template":"0","ocean_custom_logo":0,"ocean_custom_retina_logo":0,"ocean_custom_logo_max_width":0,"ocean_custom_logo_tablet_max_width":0,"ocean_custom_logo_mobile_max_width":0,"ocean_custom_logo_max_height":0,"ocean_custom_logo_tablet_max_height":0,"ocean_custom_logo_mobile_max_height":0,"ocean_header_custom_menu":"0","ocean_menu_typo_font_family":"0","ocean_menu_typo_font_subset":"","ocean_menu_typo_font_size":0,"ocean_menu_typo_font_size_tablet":0,"ocean_menu_typo_font_size_mobile":0,"ocean_menu_typo_font_size_unit":"px","ocean_menu_typo_font_weight":"","ocean_menu_typo_font_weight_tablet":"","ocean_menu_typo_font_weight_mobile":"","ocean_menu_typo_transform":"","ocean_menu_typo_transform_tablet":"","ocean_menu_typo_transform_mobile":"","ocean_menu_typo_line_height":0,"ocean_menu_typo_line_height_tablet":0,"ocean_menu_typo_line_height_mobile":0,"ocean_menu_typo_line_height_unit":"","ocean_menu_typo_spacing":0,"ocean_menu_typo_spacing_tablet":0,"ocean_menu_typo_spacing_mobile":0,"ocean_menu_typo_spacing_unit":"","ocean_menu_link_color":"","ocean_menu_link_color_hover":"","ocean_menu_link_color_active":"","ocean_menu_link_background":"","ocean_menu_link_hover_background":"","ocean_menu_link_active_background":"","ocean_menu_social_links_bg":"","ocean_menu_social_hover_links_bg":"","ocean_menu_social_links_color":"","ocean_menu_social_hover_links_color":"","ocean_disable_title":"default","ocean_disable_heading":"default","ocean_post_title":"","ocean_post_subheading":"","ocean_post_title_style":"","ocean_post_title_background_color":"","ocean_post_title_background":0,"ocean_post_title_bg_image_position":"","ocean_post_title_bg_image_attachment":"","ocean_post_title_bg_image_repeat":"","ocean_post_title_bg_image_size":"","ocean_post_title_height":0,"ocean_post_title_bg_overlay":0.5,"ocean_post_title_bg_overlay_color":"","ocean_disable_breadcrumbs":"default","ocean_breadcrumbs_color":"","ocean_breadcrumbs_separator_color":"","ocean_breadcrumbs_links_color":"","ocean_breadcrumbs_links_hover_color":"","ocean_display_footer_widgets":"default","ocean_display_footer_bottom":"default","ocean_custom_footer_template":"0"},"product_brand":[],"product_cat":[327],"product_tag":[330,329,328],"class_list":{"0":"post-7618","1":"product","2":"type-product","3":"status-publish","4":"has-post-thumbnail","6":"product_cat-paniers-en-paille","7":"product_tag-leather-handbags-fr","8":"product_tag-petit-sac-crossover","9":"product_tag-sac-en-bandouliere","10":"product_shipping_class-pouf-1-kg-fr","12":"entry","13":"has-media","15":"first","16":"instock","17":"shipping-taxable","18":"purchasable","19":"product-type-simple","20":"has-product-nav","21":"col","22":"span_1_of_4","23":"owp-content-center","24":"owp-thumbs-layout-horizontal","25":"owp-btn-normal","26":"owp-tabs-layout-horizontal"},"acf":[],"jetpack_sharing_enabled":true,"_links":{"self":[{"href":"https:\/\/waysouk.com\/fr\/wp-json\/wp\/v2\/product\/7618","targetHints":{"allow":["GET"]}}],"collection":[{"href":"https:\/\/waysouk.com\/fr\/wp-json\/wp\/v2\/product"}],"about":[{"href":"https:\/\/waysouk.com\/fr\/wp-json\/wp\/v2\/types\/product"}],"replies":[{"embeddable":true,"href":"https:\/\/waysouk.com\/fr\/wp-json\/wp\/v2\/comments?post=7618"}],"wp:featuredmedia":[{"embeddable":true,"href":"https:\/\/waysouk.com\/fr\/wp-json\/wp\/v2\/media\/6289"}],"wp:attachment":[{"href":"https:\/\/waysouk.com\/fr\/wp-json\/wp\/v2\/media?parent=7618"}],"wp:term":[{"taxonomy":"product_brand","embeddable":true,"href":"https:\/\/waysouk.com\/fr\/wp-json\/wp\/v2\/product_brand?post=7618"},{"taxonomy":"product_cat","embeddable":true,"href":"https:\/\/waysouk.com\/fr\/wp-json\/wp\/v2\/product_cat?post=7618"},{"taxonomy":"product_tag","embeddable":true,"href":"https:\/\/waysouk.com\/fr\/wp-json\/wp\/v2\/product_tag?post=7618"}],"curies":[{"name":"wp","href":"https:\/\/api.w.org\/{rel}","templated":true}]}}