{"id":7546,"date":"2021-08-12T18:51:40","date_gmt":"2021-08-12T18:51:40","guid":{"rendered":"https:\/\/waysouk.com\/product\/bohemian-global-hanging-raffia-pendant-lamp-moroccan-antique-handmade-lighting-lampshade\/"},"modified":"2024-04-28T14:13:44","modified_gmt":"2024-04-28T14:13:44","slug":"luminaire-suspendu-raphia-boheme-fabrication-artisanale-marocaine","status":"publish","type":"product","link":"https:\/\/waysouk.com\/fr\/produit\/luminaire-suspendu-raphia-boheme-fabrication-artisanale-marocaine\/","title":{"rendered":"Lustre suspendu en..."},"content":{"rendered":"<p>Il s&rsquo;agit d&rsquo;un lustre suspendu qui s&rsquo;inscrit dans la tendance boh\u00e8me chic !<\/p>\n<p>Ce lustre suspendu de forme ronde donne une impression de l\u00e9g\u00e8ret\u00e9 gr\u00e2ce \u00e0 son tissage fin et m\u00e9ticuleux. Cette tressage nous rappelle un essaim d&rsquo;abeilles. La lumi\u00e8re diffuse est douce et \u00e9quilibr\u00e9e.<\/p>\n<p>Le raphia est tress\u00e9 sur une armature m\u00e9tallique, ce qui apporte un esprit ethnique \u00e0 votre int\u00e9rieur. Le luminaire est dot\u00e9 d&rsquo;une poign\u00e9e m\u00e9tallique pour le suspendre.<\/p>\n<p>Apportez un charme authentique \u00e0 votre int\u00e9rieur avec cette jolie suspension lumineuse. Vous pouvez suspendre cet abat-jour dans un salon ou dans une cuisine, il apportera une touche naturelle et \u00e9l\u00e9gante \u00e0 votre espace.<\/p>\n<p>Le travail de tissage est impressionnant, c&rsquo;est un travail de longues heures qui offre un r\u00e9sultat unique.<\/p>\n<p>D\u00c9TAILS<\/p>\n<p>Mesures : Hauteur : 15,7&Prime; x Diam\u00e8tre : 17,7&Prime; \/ Hauteur : 40 cm x Diam\u00e8tre : 45 cm<br \/>\nMat\u00e9riel : M\u00e9tal et Raphia<\/p>\n<p>Syst\u00e8me \u00e9lectrique fourni<br \/>\nFabriqu\u00e9 \u00e0 la main au Maroc<\/p>\n<p>La production est artisanale, chaque pi\u00e8ce est unique, les dimensions et les couleurs peuvent donc l\u00e9g\u00e8rement varier.<\/p>\n","protected":false},"excerpt":{"rendered":"<p>Les produits Cosydar sont authentiques et inspir\u00e9s du Maroc. Ce luminaire suspendu illuminera votre int\u00e9rieur avec sa touche boh\u00e8me.<\/p>\n<p>D\u00c9TAILS<\/p>\n<p>Mesures : Hauteur : 15,7&Prime; x Diam\u00e8tre : 17,7&Prime; \/ Hauteur : 40 cm x Diam\u00e8tre : 45 cm<br \/>\nMat\u00e9riel : M\u00e9tal et Raphia<\/p>\n<p>Syst\u00e8me \u00e9lectrique fourni<br \/>\nFabriqu\u00e9 \u00e0 la main au Maroc<\/p>\n","protected":false},"featured_media":6317,"comment_status":"open","ping_status":"closed","template":"","meta":{"_acf_changed":false,"ocean_post_layout":"","ocean_both_sidebars_style":"","ocean_both_sidebars_content_width":0,"ocean_both_sidebars_sidebars_width":0,"ocean_sidebar":"0","ocean_second_sidebar":"0","ocean_disable_margins":"enable","ocean_add_body_class":"","ocean_shortcode_before_top_bar":"","ocean_shortcode_after_top_bar":"","ocean_shortcode_before_header":"","ocean_shortcode_after_header":"","ocean_has_shortcode":"","ocean_shortcode_after_title":"","ocean_shortcode_before_footer_widgets":"","ocean_shortcode_after_footer_widgets":"","ocean_shortcode_before_footer_bottom":"","ocean_shortcode_after_footer_bottom":"","ocean_display_top_bar":"default","ocean_display_header":"default","ocean_header_style":"","ocean_center_header_left_menu":"0","ocean_custom_header_template":"0","ocean_custom_logo":0,"ocean_custom_retina_logo":0,"ocean_custom_logo_max_width":0,"ocean_custom_logo_tablet_max_width":0,"ocean_custom_logo_mobile_max_width":0,"ocean_custom_logo_max_height":0,"ocean_custom_logo_tablet_max_height":0,"ocean_custom_logo_mobile_max_height":0,"ocean_header_custom_menu":"0","ocean_menu_typo_font_family":"0","ocean_menu_typo_font_subset":"","ocean_menu_typo_font_size":0,"ocean_menu_typo_font_size_tablet":0,"ocean_menu_typo_font_size_mobile":0,"ocean_menu_typo_font_size_unit":"px","ocean_menu_typo_font_weight":"","ocean_menu_typo_font_weight_tablet":"","ocean_menu_typo_font_weight_mobile":"","ocean_menu_typo_transform":"","ocean_menu_typo_transform_tablet":"","ocean_menu_typo_transform_mobile":"","ocean_menu_typo_line_height":0,"ocean_menu_typo_line_height_tablet":0,"ocean_menu_typo_line_height_mobile":0,"ocean_menu_typo_line_height_unit":"","ocean_menu_typo_spacing":0,"ocean_menu_typo_spacing_tablet":0,"ocean_menu_typo_spacing_mobile":0,"ocean_menu_typo_spacing_unit":"","ocean_menu_link_color":"","ocean_menu_link_color_hover":"","ocean_menu_link_color_active":"","ocean_menu_link_background":"","ocean_menu_link_hover_background":"","ocean_menu_link_active_background":"","ocean_menu_social_links_bg":"","ocean_menu_social_hover_links_bg":"","ocean_menu_social_links_color":"","ocean_menu_social_hover_links_color":"","ocean_disable_title":"default","ocean_disable_heading":"default","ocean_post_title":"","ocean_post_subheading":"","ocean_post_title_style":"","ocean_post_title_background_color":"","ocean_post_title_background":0,"ocean_post_title_bg_image_position":"","ocean_post_title_bg_image_attachment":"","ocean_post_title_bg_image_repeat":"","ocean_post_title_bg_image_size":"","ocean_post_title_height":0,"ocean_post_title_bg_overlay":0.5,"ocean_post_title_bg_overlay_color":"","ocean_disable_breadcrumbs":"default","ocean_breadcrumbs_color":"","ocean_breadcrumbs_separator_color":"","ocean_breadcrumbs_links_color":"","ocean_breadcrumbs_links_hover_color":"","ocean_display_footer_widgets":"default","ocean_display_footer_bottom":"default","ocean_custom_footer_template":"0"},"product_brand":[],"product_cat":[446],"product_tag":[448,449,450],"class_list":{"0":"post-7546","1":"product","2":"type-product","3":"status-publish","4":"has-post-thumbnail","6":"product_cat-eclairage","7":"product_tag-eclairage-antique","8":"product_tag-hanging-lamp-shade-fr","9":"product_tag-pendant-light-fr","11":"entry","12":"has-media","14":"first","15":"instock","16":"shipping-taxable","17":"purchasable","18":"product-type-simple","19":"has-product-nav","20":"col","21":"span_1_of_4","22":"owp-content-center","23":"owp-thumbs-layout-horizontal","24":"owp-btn-normal","25":"owp-tabs-layout-horizontal"},"acf":[],"jetpack_sharing_enabled":true,"_links":{"self":[{"href":"https:\/\/waysouk.com\/fr\/wp-json\/wp\/v2\/product\/7546","targetHints":{"allow":["GET"]}}],"collection":[{"href":"https:\/\/waysouk.com\/fr\/wp-json\/wp\/v2\/product"}],"about":[{"href":"https:\/\/waysouk.com\/fr\/wp-json\/wp\/v2\/types\/product"}],"replies":[{"embeddable":true,"href":"https:\/\/waysouk.com\/fr\/wp-json\/wp\/v2\/comments?post=7546"}],"wp:featuredmedia":[{"embeddable":true,"href":"https:\/\/waysouk.com\/fr\/wp-json\/wp\/v2\/media\/6317"}],"wp:attachment":[{"href":"https:\/\/waysouk.com\/fr\/wp-json\/wp\/v2\/media?parent=7546"}],"wp:term":[{"taxonomy":"product_brand","embeddable":true,"href":"https:\/\/waysouk.com\/fr\/wp-json\/wp\/v2\/product_brand?post=7546"},{"taxonomy":"product_cat","embeddable":true,"href":"https:\/\/waysouk.com\/fr\/wp-json\/wp\/v2\/product_cat?post=7546"},{"taxonomy":"product_tag","embeddable":true,"href":"https:\/\/waysouk.com\/fr\/wp-json\/wp\/v2\/product_tag?post=7546"}],"curies":[{"name":"wp","href":"https:\/\/api.w.org\/{rel}","templated":true}]}}