{"id":7541,"date":"2021-08-30T22:52:51","date_gmt":"2021-08-30T22:52:51","guid":{"rendered":"https:\/\/waysouk.com\/product\/colorful-handmade-moroccan-boucherouite-rug-7-4x4-5-feet-azilal-handwoven-by-berber-women-from-morocco\/"},"modified":"2024-04-28T13:52:45","modified_gmt":"2024-04-28T13:52:45","slug":"tapis-boucherouite-marocain-fait-main","status":"publish","type":"product","link":"https:\/\/waysouk.com\/fr\/produit\/tapis-boucherouite-marocain-fait-main\/","title":{"rendered":"Tapis Boucherouite marocain..."},"content":{"rendered":"<p>Ce joyeux tapis\/textile boucherouite aux multiples couleurs est fabriqu\u00e9 \u00e0 partir de fils de coton nou\u00e9s sur une base en coton. C&rsquo;est comme si votre tapis \u00e9tait fait de confettis !<\/p>\n<p>Ce tapis berb\u00e8re a l&rsquo;air tr\u00e8s chic. Et les femmes berb\u00e8res excellent dans leur tricot. Sans aucun doute, elle est rebelle, comme si elle avait un aspect r\u00e9volutionnaire. Cela en dit long sur la culture berb\u00e8re.<\/p>\n<p>Dimensions approximatives : 7,4&#215;4,5 pieds \/ 220&#215;140 cm. En raison du travail manuel, le tapis n&rsquo;est pas parfaitement rectangulaire.<\/p>\n<p>Nettoyage inclus avant l&rsquo;exp\u00e9dition. De plus, vous pouvez le nettoyer en utilisant une machine \u00e0 laver.<\/p>\n<p>Longueur x largeur :<\/p>\n<p>7,4&#215;4,5 pieds<br \/>\n220&#215;140 cm<br \/>\n89&#215;55 pouces<\/p>\n<p>CARACT\u00c9RISTIQUES<\/p>\n<p>Type : Tapis Boucherouite berb\u00e8re<br \/>\nMat\u00e9riau : coton recycl\u00e9 et laine<br \/>\nR\u00e9gion : Haut Atlas du Maroc<br \/>\n\u00c9tat : Neuf (AUCUNE MARQUE)<br \/>\nCondition : Parfait, propre, aucun dommage, aucune tache<br \/>\nFabrication : \u00c0 la main<\/p>\n<p>OFFRE SP\u00c9CIALE<\/p>\n<p>Avez-vous aim\u00e9 un tapis mais il est en rupture de stock ?<br \/>\nAvez-vous vu un beau tapis boh\u00e9mien que vous souhaitez cr\u00e9er ?<br \/>\nN&rsquo;h\u00e9sitez pas \u00e0 nous envoyer votre tapis de r\u00eave, une photo et les dimensions souhait\u00e9es. Contactez-nous.<\/p>\n","protected":false},"excerpt":{"rendered":"<p>Ce tapis berb\u00e8re Boucherouite a l&rsquo;air tr\u00e8s chic. Il est fabriqu\u00e9 par des femmes berb\u00e8res \u00e0 partir de fils de coton nou\u00e9s sur une base en coton. Il semble rebelle, comme s&rsquo;il avait un aspect r\u00e9volutionnaire. Cela en dit long sur la culture berb\u00e8re.<\/p>\n<p>Dimensions :<br \/>\n7,4&#215;4,5 pieds \/ 220&#215;140 cm \/ 89&#215;55 pouces<\/p>\n<p>Type : Tapis berb\u00e8re<br \/>\nMat\u00e9riau : Coton biologique color\u00e9<br \/>\nR\u00e9gion : Haut Atlas du Maroc<br \/>\n\u00c9tat : Neuf (AUCUNE MARQUE)<br \/>\nCondition : Parfait, propre, aucun dommage, aucune tache<br \/>\nFabrication : \u00c0 la main<\/p>\n","protected":false},"featured_media":6344,"comment_status":"open","ping_status":"closed","template":"","meta":{"_acf_changed":false,"ocean_post_layout":"","ocean_both_sidebars_style":"","ocean_both_sidebars_content_width":0,"ocean_both_sidebars_sidebars_width":0,"ocean_sidebar":"0","ocean_second_sidebar":"0","ocean_disable_margins":"enable","ocean_add_body_class":"","ocean_shortcode_before_top_bar":"","ocean_shortcode_after_top_bar":"","ocean_shortcode_before_header":"","ocean_shortcode_after_header":"","ocean_has_shortcode":"","ocean_shortcode_after_title":"","ocean_shortcode_before_footer_widgets":"","ocean_shortcode_after_footer_widgets":"","ocean_shortcode_before_footer_bottom":"","ocean_shortcode_after_footer_bottom":"","ocean_display_top_bar":"default","ocean_display_header":"default","ocean_header_style":"","ocean_center_header_left_menu":"0","ocean_custom_header_template":"0","ocean_custom_logo":0,"ocean_custom_retina_logo":0,"ocean_custom_logo_max_width":0,"ocean_custom_logo_tablet_max_width":0,"ocean_custom_logo_mobile_max_width":0,"ocean_custom_logo_max_height":0,"ocean_custom_logo_tablet_max_height":0,"ocean_custom_logo_mobile_max_height":0,"ocean_header_custom_menu":"0","ocean_menu_typo_font_family":"0","ocean_menu_typo_font_subset":"","ocean_menu_typo_font_size":0,"ocean_menu_typo_font_size_tablet":0,"ocean_menu_typo_font_size_mobile":0,"ocean_menu_typo_font_size_unit":"px","ocean_menu_typo_font_weight":"","ocean_menu_typo_font_weight_tablet":"","ocean_menu_typo_font_weight_mobile":"","ocean_menu_typo_transform":"","ocean_menu_typo_transform_tablet":"","ocean_menu_typo_transform_mobile":"","ocean_menu_typo_line_height":0,"ocean_menu_typo_line_height_tablet":0,"ocean_menu_typo_line_height_mobile":0,"ocean_menu_typo_line_height_unit":"","ocean_menu_typo_spacing":0,"ocean_menu_typo_spacing_tablet":0,"ocean_menu_typo_spacing_mobile":0,"ocean_menu_typo_spacing_unit":"","ocean_menu_link_color":"","ocean_menu_link_color_hover":"","ocean_menu_link_color_active":"","ocean_menu_link_background":"","ocean_menu_link_hover_background":"","ocean_menu_link_active_background":"","ocean_menu_social_links_bg":"","ocean_menu_social_hover_links_bg":"","ocean_menu_social_links_color":"","ocean_menu_social_hover_links_color":"","ocean_disable_title":"default","ocean_disable_heading":"default","ocean_post_title":"","ocean_post_subheading":"","ocean_post_title_style":"","ocean_post_title_background_color":"","ocean_post_title_background":0,"ocean_post_title_bg_image_position":"","ocean_post_title_bg_image_attachment":"","ocean_post_title_bg_image_repeat":"","ocean_post_title_bg_image_size":"","ocean_post_title_height":0,"ocean_post_title_bg_overlay":0.5,"ocean_post_title_bg_overlay_color":"","ocean_disable_breadcrumbs":"default","ocean_breadcrumbs_color":"","ocean_breadcrumbs_separator_color":"","ocean_breadcrumbs_links_color":"","ocean_breadcrumbs_links_hover_color":"","ocean_display_footer_widgets":"default","ocean_display_footer_bottom":"default","ocean_custom_footer_template":"0"},"product_brand":[],"product_cat":[439,400,401],"product_tag":[403,412,413,405],"class_list":{"0":"post-7541","1":"product","2":"type-product","3":"status-publish","4":"has-post-thumbnail","6":"product_cat-boucherouite-tapis","7":"product_cat-tapis-azilal","8":"product_cat-tapis-marocains","9":"product_tag-carpet","10":"product_tag-tapis-boucherouite","11":"product_tag-tapis-en-coton","12":"product_tag-vitage-rug-fr","13":"product_shipping_class-less-tan-5-kg-fr","15":"entry","16":"has-media","18":"first","19":"instock","20":"sold-individually","21":"shipping-taxable","22":"purchasable","23":"product-type-simple","24":"has-product-nav","25":"col","26":"span_1_of_4","27":"owp-content-center","28":"owp-thumbs-layout-horizontal","29":"owp-btn-normal","30":"owp-tabs-layout-horizontal"},"acf":[],"jetpack_sharing_enabled":true,"_links":{"self":[{"href":"https:\/\/waysouk.com\/fr\/wp-json\/wp\/v2\/product\/7541","targetHints":{"allow":["GET"]}}],"collection":[{"href":"https:\/\/waysouk.com\/fr\/wp-json\/wp\/v2\/product"}],"about":[{"href":"https:\/\/waysouk.com\/fr\/wp-json\/wp\/v2\/types\/product"}],"replies":[{"embeddable":true,"href":"https:\/\/waysouk.com\/fr\/wp-json\/wp\/v2\/comments?post=7541"}],"wp:featuredmedia":[{"embeddable":true,"href":"https:\/\/waysouk.com\/fr\/wp-json\/wp\/v2\/media\/6344"}],"wp:attachment":[{"href":"https:\/\/waysouk.com\/fr\/wp-json\/wp\/v2\/media?parent=7541"}],"wp:term":[{"taxonomy":"product_brand","embeddable":true,"href":"https:\/\/waysouk.com\/fr\/wp-json\/wp\/v2\/product_brand?post=7541"},{"taxonomy":"product_cat","embeddable":true,"href":"https:\/\/waysouk.com\/fr\/wp-json\/wp\/v2\/product_cat?post=7541"},{"taxonomy":"product_tag","embeddable":true,"href":"https:\/\/waysouk.com\/fr\/wp-json\/wp\/v2\/product_tag?post=7541"}],"curies":[{"name":"wp","href":"https:\/\/api.w.org\/{rel}","templated":true}]}}