{"id":7538,"date":"2021-09-13T22:54:18","date_gmt":"2021-09-13T22:54:18","guid":{"rendered":"https:\/\/waysouk.com\/product\/colorful-handmade-moroccan-azilal-rug-7-7x4-5-feet\/"},"modified":"2024-04-28T13:57:17","modified_gmt":"2024-04-28T13:57:17","slug":"tapis-azilal-marocain-fait-main-colore-7-7x4-5-pieds","status":"publish","type":"product","link":"https:\/\/waysouk.com\/fr\/produit\/tapis-azilal-marocain-fait-main-colore-7-7x4-5-pieds\/","title":{"rendered":"Tapis Azilal Marocain..."},"content":{"rendered":"<p>Les murs ne sont pas les seuls endroits o\u00f9 exprimer votre personnalit\u00e9 \u00e0 travers l&rsquo;art. Vos sols ont aussi besoin de personnalit\u00e9 ! C&rsquo;est l\u00e0 que les tapis entrent en jeu. Que ce soit d\u00e9roul\u00e9 au centre de votre salon, sous votre table \u00e0 manger, ou dans votre suite parentale, les tapis agissent \u00e0 la fois comme une base et un point focal. Celui-ci, par exemple, pr\u00e9sente un design classique, parfait pour une esth\u00e9tique traditionnelle. Il est fabriqu\u00e9 \u00e0 la main \u00e0 partir de 100 % de laine.<\/p>\n<p>Ce tapis berb\u00e8re a l&rsquo;air tr\u00e8s chic. Et les femmes berb\u00e8res excellent dans leur tricot. Sans aucun doute, elle est rebelle, comme si elle avait un aspect r\u00e9volutionnaire. Cela en dit long sur la culture berb\u00e8re.<\/p>\n<p>Dimensions approximatives : 7,7&#215;4,5 pieds \/ 237&#215;140 cm. En raison du travail manuel, le tapis n&rsquo;est pas parfaitement rectangulaire.<\/p>\n<p>Nettoyage inclus avant l&rsquo;exp\u00e9dition. De plus, vous pouvez le nettoyer en utilisant une machine \u00e0 laver.<\/p>\n<p>Longueur x largeur :<\/p>\n<p>7,7&#215;4,5 pieds<br \/>\n237&#215;140 cm<br \/>\n95&#215;55 pouces<\/p>\n<p>CARACT\u00c9RISTIQUES<\/p>\n<p>Type : Tapis Berb\u00e8re Azilal<br \/>\nMat\u00e9riau : Laine<br \/>\nR\u00e9gion : Haut Atlas du Maroc<br \/>\n\u00c9tat : Neuf (AUCUNE MARQUE)<br \/>\nCondition : Parfait, propre, aucun dommage, aucune tache<br \/>\nFabrication : \u00c0 la main<\/p>\n<p>OFFRE SP\u00c9CIAL<\/p>\n<p>Avez-vous aim\u00e9 un tapis mais il est en rupture de stock ?<br \/>\nAvez-vous vu un beau tapis boh\u00e9mien que vous souhaitez cr\u00e9er ?<br \/>\nN&rsquo;h\u00e9sitez pas \u00e0 nous envoyer votre tapis de r\u00eave, une photo et les dimensions souhait\u00e9es. Contactez-nous.<\/p>\n","protected":false},"excerpt":{"rendered":"<p>Ce tapis berb\u00e8re Azilal a l&rsquo;air tr\u00e8s chic. Il est fabriqu\u00e9 par des femmes berb\u00e8res \u00e0 partir de laine. Il semble rebelle, comme s&rsquo;il avait un aspect r\u00e9volutionnaire. Cela en dit long sur la culture berb\u00e8re.<\/p>\n<p>Dimensions :<br \/>\n7,7&#215;4,5 pieds \/ 237&#215;140 cm \/ 95&#215;55 pouces<\/p>\n<p>Type : Tapis berb\u00e8re<br \/>\nMat\u00e9riau : Coton biologique color\u00e9<br \/>\nR\u00e9gion : Haut Atlas du Maroc<br \/>\n\u00c9tat : Neuf (AUCUNE MARQUE)<br \/>\nCondition : Parfait, propre, aucun dommage, aucune tache<br \/>\nFabrication : \u00c0 la main<\/p>\n","protected":false},"featured_media":6378,"comment_status":"open","ping_status":"closed","template":"","meta":{"_acf_changed":false,"ocean_post_layout":"","ocean_both_sidebars_style":"","ocean_both_sidebars_content_width":0,"ocean_both_sidebars_sidebars_width":0,"ocean_sidebar":"0","ocean_second_sidebar":"0","ocean_disable_margins":"enable","ocean_add_body_class":"","ocean_shortcode_before_top_bar":"","ocean_shortcode_after_top_bar":"","ocean_shortcode_before_header":"","ocean_shortcode_after_header":"","ocean_has_shortcode":"","ocean_shortcode_after_title":"","ocean_shortcode_before_footer_widgets":"","ocean_shortcode_after_footer_widgets":"","ocean_shortcode_before_footer_bottom":"","ocean_shortcode_after_footer_bottom":"","ocean_display_top_bar":"default","ocean_display_header":"default","ocean_header_style":"","ocean_center_header_left_menu":"0","ocean_custom_header_template":"0","ocean_custom_logo":0,"ocean_custom_retina_logo":0,"ocean_custom_logo_max_width":0,"ocean_custom_logo_tablet_max_width":0,"ocean_custom_logo_mobile_max_width":0,"ocean_custom_logo_max_height":0,"ocean_custom_logo_tablet_max_height":0,"ocean_custom_logo_mobile_max_height":0,"ocean_header_custom_menu":"0","ocean_menu_typo_font_family":"0","ocean_menu_typo_font_subset":"","ocean_menu_typo_font_size":0,"ocean_menu_typo_font_size_tablet":0,"ocean_menu_typo_font_size_mobile":0,"ocean_menu_typo_font_size_unit":"px","ocean_menu_typo_font_weight":"","ocean_menu_typo_font_weight_tablet":"","ocean_menu_typo_font_weight_mobile":"","ocean_menu_typo_transform":"","ocean_menu_typo_transform_tablet":"","ocean_menu_typo_transform_mobile":"","ocean_menu_typo_line_height":0,"ocean_menu_typo_line_height_tablet":0,"ocean_menu_typo_line_height_mobile":0,"ocean_menu_typo_line_height_unit":"","ocean_menu_typo_spacing":0,"ocean_menu_typo_spacing_tablet":0,"ocean_menu_typo_spacing_mobile":0,"ocean_menu_typo_spacing_unit":"","ocean_menu_link_color":"","ocean_menu_link_color_hover":"","ocean_menu_link_color_active":"","ocean_menu_link_background":"","ocean_menu_link_hover_background":"","ocean_menu_link_active_background":"","ocean_menu_social_links_bg":"","ocean_menu_social_hover_links_bg":"","ocean_menu_social_links_color":"","ocean_menu_social_hover_links_color":"","ocean_disable_title":"default","ocean_disable_heading":"default","ocean_post_title":"","ocean_post_subheading":"","ocean_post_title_style":"","ocean_post_title_background_color":"","ocean_post_title_background":0,"ocean_post_title_bg_image_position":"","ocean_post_title_bg_image_attachment":"","ocean_post_title_bg_image_repeat":"","ocean_post_title_bg_image_size":"","ocean_post_title_height":0,"ocean_post_title_bg_overlay":0.5,"ocean_post_title_bg_overlay_color":"","ocean_disable_breadcrumbs":"default","ocean_breadcrumbs_color":"","ocean_breadcrumbs_separator_color":"","ocean_breadcrumbs_links_color":"","ocean_breadcrumbs_links_hover_color":"","ocean_display_footer_widgets":"default","ocean_display_footer_bottom":"default","ocean_custom_footer_template":"0"},"product_brand":[],"product_cat":[400,401],"product_tag":[403,404,405,406,407,408],"class_list":{"0":"post-7538","1":"product","2":"type-product","3":"status-publish","4":"has-post-thumbnail","6":"product_cat-tapis-azilal","7":"product_cat-tapis-marocains","8":"product_tag-carpet","9":"product_tag-rug-fr","10":"product_tag-vitage-rug-fr","11":"product_tag-wool-fr","12":"product_tag-wool-crapet-fr","13":"product_tag-wool-rugs-fr","14":"product_shipping_class-less-tan-5-kg-fr","16":"entry","17":"has-media","19":"first","20":"instock","21":"sold-individually","22":"shipping-taxable","23":"purchasable","24":"product-type-simple","25":"has-product-nav","26":"col","27":"span_1_of_4","28":"owp-content-center","29":"owp-thumbs-layout-horizontal","30":"owp-btn-normal","31":"owp-tabs-layout-horizontal"},"acf":[],"jetpack_sharing_enabled":true,"_links":{"self":[{"href":"https:\/\/waysouk.com\/fr\/wp-json\/wp\/v2\/product\/7538","targetHints":{"allow":["GET"]}}],"collection":[{"href":"https:\/\/waysouk.com\/fr\/wp-json\/wp\/v2\/product"}],"about":[{"href":"https:\/\/waysouk.com\/fr\/wp-json\/wp\/v2\/types\/product"}],"replies":[{"embeddable":true,"href":"https:\/\/waysouk.com\/fr\/wp-json\/wp\/v2\/comments?post=7538"}],"wp:featuredmedia":[{"embeddable":true,"href":"https:\/\/waysouk.com\/fr\/wp-json\/wp\/v2\/media\/6378"}],"wp:attachment":[{"href":"https:\/\/waysouk.com\/fr\/wp-json\/wp\/v2\/media?parent=7538"}],"wp:term":[{"taxonomy":"product_brand","embeddable":true,"href":"https:\/\/waysouk.com\/fr\/wp-json\/wp\/v2\/product_brand?post=7538"},{"taxonomy":"product_cat","embeddable":true,"href":"https:\/\/waysouk.com\/fr\/wp-json\/wp\/v2\/product_cat?post=7538"},{"taxonomy":"product_tag","embeddable":true,"href":"https:\/\/waysouk.com\/fr\/wp-json\/wp\/v2\/product_tag?post=7538"}],"curies":[{"name":"wp","href":"https:\/\/api.w.org\/{rel}","templated":true}]}}