{"id":7516,"date":"2020-11-08T12:07:48","date_gmt":"2020-11-08T12:07:48","guid":{"rendered":"https:\/\/waysouk.com\/product\/moroccan-brown-handmade-genuine-leather-footstool-pouf\/"},"modified":"2024-04-29T07:30:56","modified_gmt":"2024-04-29T07:30:56","slug":"pouf-repose-pieds-marocain-marron-en-cuir-veritable-fait-main","status":"publish","type":"product","link":"https:\/\/waysouk.com\/fr\/produit\/pouf-repose-pieds-marocain-marron-en-cuir-veritable-fait-main\/","title":{"rendered":"Pouf Repose-pieds Marocain..."},"content":{"rendered":"<p>Les pieds de chacun m\u00e9ritent un endroit confortable pour se reposer \u00e0 la fin d&rsquo;une longue journ\u00e9e. Pour cela, ce pouf est un excellent choix dans n&rsquo;importe quelle maison pour vous donner le style boh\u00e9mien marocain, tout en vous offrant un excellent endroit pour sur\u00e9lever vos pieds. Fabriqu\u00e9s \u00e0 la main au Maroc, ils ajoutent une excellente touche \u00e0 une vari\u00e9t\u00e9 de styles, du contemporain au traditionnel. Mesurant 12 pouces de hauteur sur 21 pouces de largeur x 21 pouces de profondeur, il est parfait devant les fauteuils et les tabourets. Comme le cuir est teint \u00e0 la main, une certaine odeur peut persister pendant l&rsquo;exp\u00e9dition.<\/p>\n<p>Fabriqu\u00e9s et cousus \u00e0 la main avec des d\u00e9tails complexes, ces repose-pieds arborent des couleurs riches et vibrantes ainsi qu&rsquo;un charme exquis que vous ne trouverez pas dans des meubles commerciaux standard. En fait, ce pouf marocain ajoute tellement de chaleur et de style unique \u00e0 votre maison qu&rsquo;il peut \u00eatre appr\u00e9ci\u00e9 pour sur\u00e9lever vos pieds ou simplement comme une magnifique pi\u00e8ce de conversation pour vos amis et votre famille.<\/p>\n<p>Note : le pouf est exp\u00e9di\u00e9 non garni, mais vous pouvez utiliser du rembourrage en fibre de polyester ou en coton, ou vous pouvez \u00e9galement utiliser de vieux draps pour le rendre plus ferme.<\/p>\n<p>CARACT\u00c9RISTIQUES<br \/>\nCouleur : Marron Tan<br \/>\nMat\u00e9riau : Cuir de ch\u00e8vre v\u00e9ritable<br \/>\nMarque : Moroccan poufs<br \/>\nType de tissu : Fait \u00e0 la main<br \/>\nForme : Rond<br \/>\nDimensions de l&rsquo;article LxlxH : 21 x 21 x 12 pouces<\/p>\n","protected":false},"excerpt":{"rendered":"<p>Ajoutez une touche de confort luxueux \u00e0 votre d\u00e9coration avec ce pouf ottoman marocain en cuir de ch\u00e8vre naturel \u00e0 100%. Ses couleurs vibrantes dynamiseront l&rsquo;espace o\u00f9 que vous le d\u00e9placiez, du salon \u00e0 la chambre en passant par la chambre de b\u00e9b\u00e9 !<\/p>\n<p>Les poufs sont exp\u00e9di\u00e9s NON GARNIS<\/p>\n<p>Couleur : Marron Tan<br \/>\nMat\u00e9riau sup\u00e9rieur : Cuir<br \/>\nMarque : Moroccan poufs<br \/>\nType de tissu : Fait \u00e0 la main<br \/>\nMat\u00e9riau du cadre : Cuir<br \/>\nForme : Rond<br \/>\nDimensions de l&rsquo;article LxlxH : 21 x 21 x 13 pouces<\/p>\n","protected":false},"featured_media":6725,"comment_status":"open","ping_status":"closed","template":"","meta":{"_acf_changed":false,"ocean_post_layout":"","ocean_both_sidebars_style":"","ocean_both_sidebars_content_width":0,"ocean_both_sidebars_sidebars_width":0,"ocean_sidebar":"0","ocean_second_sidebar":"0","ocean_disable_margins":"enable","ocean_add_body_class":"","ocean_shortcode_before_top_bar":"","ocean_shortcode_after_top_bar":"","ocean_shortcode_before_header":"","ocean_shortcode_after_header":"","ocean_has_shortcode":"","ocean_shortcode_after_title":"","ocean_shortcode_before_footer_widgets":"","ocean_shortcode_after_footer_widgets":"","ocean_shortcode_before_footer_bottom":"","ocean_shortcode_after_footer_bottom":"","ocean_display_top_bar":"default","ocean_display_header":"default","ocean_header_style":"","ocean_center_header_left_menu":"0","ocean_custom_header_template":"0","ocean_custom_logo":0,"ocean_custom_retina_logo":0,"ocean_custom_logo_max_width":0,"ocean_custom_logo_tablet_max_width":0,"ocean_custom_logo_mobile_max_width":0,"ocean_custom_logo_max_height":0,"ocean_custom_logo_tablet_max_height":0,"ocean_custom_logo_mobile_max_height":0,"ocean_header_custom_menu":"0","ocean_menu_typo_font_family":"0","ocean_menu_typo_font_subset":"","ocean_menu_typo_font_size":0,"ocean_menu_typo_font_size_tablet":0,"ocean_menu_typo_font_size_mobile":0,"ocean_menu_typo_font_size_unit":"px","ocean_menu_typo_font_weight":"","ocean_menu_typo_font_weight_tablet":"","ocean_menu_typo_font_weight_mobile":"","ocean_menu_typo_transform":"","ocean_menu_typo_transform_tablet":"","ocean_menu_typo_transform_mobile":"","ocean_menu_typo_line_height":0,"ocean_menu_typo_line_height_tablet":0,"ocean_menu_typo_line_height_mobile":0,"ocean_menu_typo_line_height_unit":"","ocean_menu_typo_spacing":0,"ocean_menu_typo_spacing_tablet":0,"ocean_menu_typo_spacing_mobile":0,"ocean_menu_typo_spacing_unit":"","ocean_menu_link_color":"","ocean_menu_link_color_hover":"","ocean_menu_link_color_active":"","ocean_menu_link_background":"","ocean_menu_link_hover_background":"","ocean_menu_link_active_background":"","ocean_menu_social_links_bg":"","ocean_menu_social_hover_links_bg":"","ocean_menu_social_links_color":"","ocean_menu_social_hover_links_color":"","ocean_disable_title":"default","ocean_disable_heading":"default","ocean_post_title":"","ocean_post_subheading":"","ocean_post_title_style":"","ocean_post_title_background_color":"","ocean_post_title_background":0,"ocean_post_title_bg_image_position":"","ocean_post_title_bg_image_attachment":"","ocean_post_title_bg_image_repeat":"","ocean_post_title_bg_image_size":"","ocean_post_title_height":0,"ocean_post_title_bg_overlay":0.5,"ocean_post_title_bg_overlay_color":"","ocean_disable_breadcrumbs":"default","ocean_breadcrumbs_color":"","ocean_breadcrumbs_separator_color":"","ocean_breadcrumbs_links_color":"","ocean_breadcrumbs_links_hover_color":"","ocean_display_footer_widgets":"default","ocean_display_footer_bottom":"default","ocean_custom_footer_template":"0"},"product_brand":[],"product_cat":[306],"product_tag":[308,309,416,310,311],"class_list":{"0":"post-7516","1":"product","2":"type-product","3":"status-publish","4":"has-post-thumbnail","6":"product_cat-poufs-marocains","7":"product_tag-chaises-et-ottomans","8":"product_tag-cuire-veritable","9":"product_tag-kilim-pouf-fr","10":"product_tag-leather-pouf-fr","11":"product_tag-ottoman-footstool-fr","13":"entry","14":"has-media","16":"first","17":"instock","18":"shipping-taxable","19":"purchasable","20":"product-type-variable","21":"has-default-attributes","22":"has-product-nav","23":"col","24":"span_1_of_4","25":"owp-content-center","26":"owp-thumbs-layout-horizontal","27":"owp-btn-normal","28":"owp-tabs-layout-horizontal"},"acf":[],"jetpack_sharing_enabled":true,"_links":{"self":[{"href":"https:\/\/waysouk.com\/fr\/wp-json\/wp\/v2\/product\/7516","targetHints":{"allow":["GET"]}}],"collection":[{"href":"https:\/\/waysouk.com\/fr\/wp-json\/wp\/v2\/product"}],"about":[{"href":"https:\/\/waysouk.com\/fr\/wp-json\/wp\/v2\/types\/product"}],"replies":[{"embeddable":true,"href":"https:\/\/waysouk.com\/fr\/wp-json\/wp\/v2\/comments?post=7516"}],"wp:featuredmedia":[{"embeddable":true,"href":"https:\/\/waysouk.com\/fr\/wp-json\/wp\/v2\/media\/6725"}],"wp:attachment":[{"href":"https:\/\/waysouk.com\/fr\/wp-json\/wp\/v2\/media?parent=7516"}],"wp:term":[{"taxonomy":"product_brand","embeddable":true,"href":"https:\/\/waysouk.com\/fr\/wp-json\/wp\/v2\/product_brand?post=7516"},{"taxonomy":"product_cat","embeddable":true,"href":"https:\/\/waysouk.com\/fr\/wp-json\/wp\/v2\/product_cat?post=7516"},{"taxonomy":"product_tag","embeddable":true,"href":"https:\/\/waysouk.com\/fr\/wp-json\/wp\/v2\/product_tag?post=7516"}],"curies":[{"name":"wp","href":"https:\/\/api.w.org\/{rel}","templated":true}]}}