{"id":7098,"date":"2020-08-29T12:04:55","date_gmt":"2020-08-29T12:04:55","guid":{"rendered":"https:\/\/waysouk.com\/product\/black-pouf-in-genuine-natural-leather\/"},"modified":"2024-04-29T07:17:43","modified_gmt":"2024-04-29T07:17:43","slug":"pouf-marocain-noir-en-cuir-veritable","status":"publish","type":"product","link":"https:\/\/waysouk.com\/fr\/produit\/pouf-marocain-noir-en-cuir-veritable\/","title":{"rendered":"Pouf marocain noir..."},"content":{"rendered":"<p>Notre pouf marocain est cousu par nos artisans exp\u00e9riment\u00e9s \u00e0 partir de cuir de ch\u00e8vre de premi\u00e8re qualit\u00e9 \u00e0 100 %, soutenu par une couche int\u00e9rieure sp\u00e9ciale qui lui conf\u00e8re plus de solidit\u00e9.<\/p>\n<p>Ajoutez une touche artistique et exotique \u00e0 votre int\u00e9rieur avec notre pouf ottoman en cuir marocain, id\u00e9al pr\u00e8s du canap\u00e9, de la chemin\u00e9e, du lit ou dans la chambre d&rsquo;enfant. Disponible dans de nombreuses belles couleurs, notre pouf rond fait main est fabriqu\u00e9 en cuir de ch\u00e8vre, renfor\u00e7ant sa r\u00e9sistance et sa durabilit\u00e9.<\/p>\n<p>Note : le pouf est exp\u00e9di\u00e9 non garni, mais vous pouvez le remplir avec de la ouate de polyester, du coton ou d&rsquo;anciennes serviettes pour le rendre ferme.<\/p>\n<p>CARACT\u00c9RISTIQUES<br \/>\n&#8211; Couleur : Noir<br \/>\n&#8211; Mat\u00e9riau : Cuir v\u00e9ritable de ch\u00e8vre<br \/>\n&#8211; Marque : Poufs marocains<br \/>\n&#8211; Type de tissu : Fait main<br \/>\n&#8211; Forme : Rond<br \/>\n&#8211; Dimensions de l&rsquo;article (L x l x H) : 21 x 21 x 12 pouces<\/p>\n","protected":false},"excerpt":{"rendered":"<p>Une tendance de pointe dans la mode maison, les poufs peuvent \u00eatre trouv\u00e9s dans n&rsquo;importe quelle pi\u00e8ce comme un accent d\u00e9coratif, un repose-pieds, une table d&rsquo;appoint ou un si\u00e8ge suppl\u00e9mentaire. Ici, la forme circulaire en cuir v\u00e9ritable de ch\u00e8vre est parfaite pour une d\u00e9coration au style rustique-chic.<\/p>\n<p>Les poufs sont exp\u00e9di\u00e9s NON GARNIS.<\/p>\n<p>Couleur : Noir<br \/>\nMat\u00e9riau : Cuir v\u00e9ritable de ch\u00e8vre<br \/>\nMarque : Poufs marocains<br \/>\nType de tissu : Fait main<br \/>\nForme : Rond<br \/>\nDimensions de l&rsquo;article (L x l x H) : 21 x 21 x 12 pouces<\/p>\n<p>Fermeture \u00e9clair solide en dessous.<\/p>\n","protected":false},"featured_media":5848,"comment_status":"open","ping_status":"closed","template":"","meta":{"_acf_changed":false,"ocean_post_layout":"","ocean_both_sidebars_style":"","ocean_both_sidebars_content_width":0,"ocean_both_sidebars_sidebars_width":0,"ocean_sidebar":"0","ocean_second_sidebar":"0","ocean_disable_margins":"enable","ocean_add_body_class":"","ocean_shortcode_before_top_bar":"","ocean_shortcode_after_top_bar":"","ocean_shortcode_before_header":"","ocean_shortcode_after_header":"","ocean_has_shortcode":"","ocean_shortcode_after_title":"","ocean_shortcode_before_footer_widgets":"","ocean_shortcode_after_footer_widgets":"","ocean_shortcode_before_footer_bottom":"","ocean_shortcode_after_footer_bottom":"","ocean_display_top_bar":"default","ocean_display_header":"default","ocean_header_style":"","ocean_center_header_left_menu":"0","ocean_custom_header_template":"0","ocean_custom_logo":0,"ocean_custom_retina_logo":0,"ocean_custom_logo_max_width":0,"ocean_custom_logo_tablet_max_width":0,"ocean_custom_logo_mobile_max_width":0,"ocean_custom_logo_max_height":0,"ocean_custom_logo_tablet_max_height":0,"ocean_custom_logo_mobile_max_height":0,"ocean_header_custom_menu":"0","ocean_menu_typo_font_family":"0","ocean_menu_typo_font_subset":"","ocean_menu_typo_font_size":0,"ocean_menu_typo_font_size_tablet":0,"ocean_menu_typo_font_size_mobile":0,"ocean_menu_typo_font_size_unit":"px","ocean_menu_typo_font_weight":"","ocean_menu_typo_font_weight_tablet":"","ocean_menu_typo_font_weight_mobile":"","ocean_menu_typo_transform":"","ocean_menu_typo_transform_tablet":"","ocean_menu_typo_transform_mobile":"","ocean_menu_typo_line_height":0,"ocean_menu_typo_line_height_tablet":0,"ocean_menu_typo_line_height_mobile":0,"ocean_menu_typo_line_height_unit":"","ocean_menu_typo_spacing":0,"ocean_menu_typo_spacing_tablet":0,"ocean_menu_typo_spacing_mobile":0,"ocean_menu_typo_spacing_unit":"","ocean_menu_link_color":"","ocean_menu_link_color_hover":"","ocean_menu_link_color_active":"","ocean_menu_link_background":"","ocean_menu_link_hover_background":"","ocean_menu_link_active_background":"","ocean_menu_social_links_bg":"","ocean_menu_social_hover_links_bg":"","ocean_menu_social_links_color":"","ocean_menu_social_hover_links_color":"","ocean_disable_title":"default","ocean_disable_heading":"default","ocean_post_title":"","ocean_post_subheading":"","ocean_post_title_style":"","ocean_post_title_background_color":"","ocean_post_title_background":0,"ocean_post_title_bg_image_position":"","ocean_post_title_bg_image_attachment":"","ocean_post_title_bg_image_repeat":"","ocean_post_title_bg_image_size":"","ocean_post_title_height":0,"ocean_post_title_bg_overlay":0.5,"ocean_post_title_bg_overlay_color":"","ocean_disable_breadcrumbs":"default","ocean_breadcrumbs_color":"","ocean_breadcrumbs_separator_color":"","ocean_breadcrumbs_links_color":"","ocean_breadcrumbs_links_hover_color":"","ocean_display_footer_widgets":"default","ocean_display_footer_bottom":"default","ocean_custom_footer_template":"0"},"product_brand":[],"product_cat":[306],"product_tag":[308,309,416,310,313],"class_list":{"0":"post-7098","1":"product","2":"type-product","3":"status-publish","4":"has-post-thumbnail","6":"product_cat-poufs-marocains","7":"product_tag-chaises-et-ottomans","8":"product_tag-cuire-veritable","9":"product_tag-kilim-pouf-fr","10":"product_tag-leather-pouf-fr","11":"product_tag-pouf-fr","13":"entry","14":"has-media","16":"first","17":"instock","18":"shipping-taxable","19":"purchasable","20":"product-type-variable","21":"has-default-attributes","22":"has-product-nav","23":"col","24":"span_1_of_4","25":"owp-content-center","26":"owp-thumbs-layout-horizontal","27":"owp-btn-normal","28":"owp-tabs-layout-horizontal"},"acf":[],"jetpack_sharing_enabled":true,"_links":{"self":[{"href":"https:\/\/waysouk.com\/fr\/wp-json\/wp\/v2\/product\/7098","targetHints":{"allow":["GET"]}}],"collection":[{"href":"https:\/\/waysouk.com\/fr\/wp-json\/wp\/v2\/product"}],"about":[{"href":"https:\/\/waysouk.com\/fr\/wp-json\/wp\/v2\/types\/product"}],"replies":[{"embeddable":true,"href":"https:\/\/waysouk.com\/fr\/wp-json\/wp\/v2\/comments?post=7098"}],"wp:featuredmedia":[{"embeddable":true,"href":"https:\/\/waysouk.com\/fr\/wp-json\/wp\/v2\/media\/5848"}],"wp:attachment":[{"href":"https:\/\/waysouk.com\/fr\/wp-json\/wp\/v2\/media?parent=7098"}],"wp:term":[{"taxonomy":"product_brand","embeddable":true,"href":"https:\/\/waysouk.com\/fr\/wp-json\/wp\/v2\/product_brand?post=7098"},{"taxonomy":"product_cat","embeddable":true,"href":"https:\/\/waysouk.com\/fr\/wp-json\/wp\/v2\/product_cat?post=7098"},{"taxonomy":"product_tag","embeddable":true,"href":"https:\/\/waysouk.com\/fr\/wp-json\/wp\/v2\/product_tag?post=7098"}],"curies":[{"name":"wp","href":"https:\/\/api.w.org\/{rel}","templated":true}]}}