{"id":7093,"date":"2020-11-07T22:56:43","date_gmt":"2020-11-07T22:56:43","guid":{"rendered":"https:\/\/waysouk.com\/product\/yellow-mustard-moroccan-yellow-leather-pouf-with-stitching\/"},"modified":"2024-04-28T12:10:21","modified_gmt":"2024-04-28T12:10:21","slug":"pouf-marocain-en-cuir-jaune-moutarde-ottoman-cuir-veritable","status":"publish","type":"product","link":"https:\/\/waysouk.com\/fr\/produit\/pouf-marocain-en-cuir-jaune-moutarde-ottoman-cuir-veritable\/","title":{"rendered":"Pouf marocain en..."},"content":{"rendered":"<p>Notre pouf marocain est cousu par nos artisans exp\u00e9riment\u00e9s \u00e0 partir de cuir de ch\u00e8vre de premi\u00e8re qualit\u00e9 \u00e0 100 %, renforc\u00e9 par une couche int\u00e9rieure sp\u00e9ciale pour plus de soutien et de durabilit\u00e9.<\/p>\n<p>Ajoutez une touche artistique et exotique \u00e0 votre int\u00e9rieur avec notre pouf ottoman en cuir marocain, disponible dans de nombreuses belles couleurs. Parfait pour cr\u00e9er une ambiance chaleureuse et accueillante dans n&rsquo;importe quelle pi\u00e8ce.<\/p>\n<p>Remarque : le pouf est exp\u00e9di\u00e9 non rembourr\u00e9, mais vous pouvez utiliser du rembourrage en fibres de polyester, en coton ou m\u00eame de vieux serviettes pour le rendre ferme.<\/p>\n<p>Caract\u00e9ristiques :<br \/>\n&#8211; Couleur : Jaune moutarde<br \/>\n&#8211; Mat\u00e9riau : Cuir de ch\u00e8vre v\u00e9ritable<br \/>\n&#8211; Marque : Moroccan Poufs<br \/>\n&#8211; Type de tissu : Fait main<br \/>\n&#8211; Forme : Ronde<br \/>\n&#8211; Dimensions de l&rsquo;article : 21 x 21 x 12 pouces<\/p>\n","protected":false},"excerpt":{"rendered":"<p>\u00c9gayez votre d\u00e9coration avec ce pouf en cuir de ch\u00e8vre naturel aux couleurs vibrantes ! Sa conception boh\u00e8me magnifique en fera un chef-d&rsquo;\u0153uvre partout, du salon \u00e0 la chambre en passant par la salle de jeux pour enfants ou la nurserie. Les poufs sont exp\u00e9di\u00e9s NON REMBOURR\u00c9S.<\/p>\n<p>Couleur : Jaune moutarde<br \/>\nMat\u00e9riau : Cuir de ch\u00e8vre v\u00e9ritable<br \/>\nMarque : Moroccan poufs<br \/>\nType de tissu : Fait main<br \/>\nForme : Ronde<br \/>\nDimensions de l&rsquo;article : 21 x 21 x 12 pouces<\/p>\n<p>Fermeture \u00e9clair solide sur le dessous.<\/p>\n","protected":false},"featured_media":5875,"comment_status":"open","ping_status":"closed","template":"","meta":{"_acf_changed":false,"ocean_post_layout":"","ocean_both_sidebars_style":"","ocean_both_sidebars_content_width":0,"ocean_both_sidebars_sidebars_width":0,"ocean_sidebar":"0","ocean_second_sidebar":"0","ocean_disable_margins":"enable","ocean_add_body_class":"","ocean_shortcode_before_top_bar":"","ocean_shortcode_after_top_bar":"","ocean_shortcode_before_header":"","ocean_shortcode_after_header":"","ocean_has_shortcode":"","ocean_shortcode_after_title":"","ocean_shortcode_before_footer_widgets":"","ocean_shortcode_after_footer_widgets":"","ocean_shortcode_before_footer_bottom":"","ocean_shortcode_after_footer_bottom":"","ocean_display_top_bar":"default","ocean_display_header":"default","ocean_header_style":"","ocean_center_header_left_menu":"0","ocean_custom_header_template":"0","ocean_custom_logo":0,"ocean_custom_retina_logo":0,"ocean_custom_logo_max_width":0,"ocean_custom_logo_tablet_max_width":0,"ocean_custom_logo_mobile_max_width":0,"ocean_custom_logo_max_height":0,"ocean_custom_logo_tablet_max_height":0,"ocean_custom_logo_mobile_max_height":0,"ocean_header_custom_menu":"0","ocean_menu_typo_font_family":"0","ocean_menu_typo_font_subset":"","ocean_menu_typo_font_size":0,"ocean_menu_typo_font_size_tablet":0,"ocean_menu_typo_font_size_mobile":0,"ocean_menu_typo_font_size_unit":"px","ocean_menu_typo_font_weight":"","ocean_menu_typo_font_weight_tablet":"","ocean_menu_typo_font_weight_mobile":"","ocean_menu_typo_transform":"","ocean_menu_typo_transform_tablet":"","ocean_menu_typo_transform_mobile":"","ocean_menu_typo_line_height":0,"ocean_menu_typo_line_height_tablet":0,"ocean_menu_typo_line_height_mobile":0,"ocean_menu_typo_line_height_unit":"","ocean_menu_typo_spacing":0,"ocean_menu_typo_spacing_tablet":0,"ocean_menu_typo_spacing_mobile":0,"ocean_menu_typo_spacing_unit":"","ocean_menu_link_color":"","ocean_menu_link_color_hover":"","ocean_menu_link_color_active":"","ocean_menu_link_background":"","ocean_menu_link_hover_background":"","ocean_menu_link_active_background":"","ocean_menu_social_links_bg":"","ocean_menu_social_hover_links_bg":"","ocean_menu_social_links_color":"","ocean_menu_social_hover_links_color":"","ocean_disable_title":"default","ocean_disable_heading":"default","ocean_post_title":"","ocean_post_subheading":"","ocean_post_title_style":"","ocean_post_title_background_color":"","ocean_post_title_background":0,"ocean_post_title_bg_image_position":"","ocean_post_title_bg_image_attachment":"","ocean_post_title_bg_image_repeat":"","ocean_post_title_bg_image_size":"","ocean_post_title_height":0,"ocean_post_title_bg_overlay":0.5,"ocean_post_title_bg_overlay_color":"","ocean_disable_breadcrumbs":"default","ocean_breadcrumbs_color":"","ocean_breadcrumbs_separator_color":"","ocean_breadcrumbs_links_color":"","ocean_breadcrumbs_links_hover_color":"","ocean_display_footer_widgets":"default","ocean_display_footer_bottom":"default","ocean_custom_footer_template":"0"},"product_brand":[],"product_cat":[306],"product_tag":[308,309,416,310,313],"class_list":{"0":"post-7093","1":"product","2":"type-product","3":"status-publish","4":"has-post-thumbnail","6":"product_cat-poufs-marocains","7":"product_tag-chaises-et-ottomans","8":"product_tag-cuire-veritable","9":"product_tag-kilim-pouf-fr","10":"product_tag-leather-pouf-fr","11":"product_tag-pouf-fr","13":"entry","14":"has-media","16":"first","17":"instock","18":"shipping-taxable","19":"purchasable","20":"product-type-variable","21":"has-default-attributes","22":"has-product-nav","23":"col","24":"span_1_of_4","25":"owp-content-center","26":"owp-thumbs-layout-horizontal","27":"owp-btn-normal","28":"owp-tabs-layout-horizontal"},"acf":[],"jetpack_sharing_enabled":true,"_links":{"self":[{"href":"https:\/\/waysouk.com\/fr\/wp-json\/wp\/v2\/product\/7093","targetHints":{"allow":["GET"]}}],"collection":[{"href":"https:\/\/waysouk.com\/fr\/wp-json\/wp\/v2\/product"}],"about":[{"href":"https:\/\/waysouk.com\/fr\/wp-json\/wp\/v2\/types\/product"}],"replies":[{"embeddable":true,"href":"https:\/\/waysouk.com\/fr\/wp-json\/wp\/v2\/comments?post=7093"}],"wp:featuredmedia":[{"embeddable":true,"href":"https:\/\/waysouk.com\/fr\/wp-json\/wp\/v2\/media\/5875"}],"wp:attachment":[{"href":"https:\/\/waysouk.com\/fr\/wp-json\/wp\/v2\/media?parent=7093"}],"wp:term":[{"taxonomy":"product_brand","embeddable":true,"href":"https:\/\/waysouk.com\/fr\/wp-json\/wp\/v2\/product_brand?post=7093"},{"taxonomy":"product_cat","embeddable":true,"href":"https:\/\/waysouk.com\/fr\/wp-json\/wp\/v2\/product_cat?post=7093"},{"taxonomy":"product_tag","embeddable":true,"href":"https:\/\/waysouk.com\/fr\/wp-json\/wp\/v2\/product_tag?post=7093"}],"curies":[{"name":"wp","href":"https:\/\/api.w.org\/{rel}","templated":true}]}}