{"id":7078,"date":"2020-11-08T11:35:15","date_gmt":"2020-11-08T11:35:15","guid":{"rendered":"https:\/\/waysouk.com\/product\/small-moroccan-leather-pouf-brown-color\/"},"modified":"2024-04-30T04:47:23","modified_gmt":"2024-04-30T04:47:23","slug":"petit-pouf-marocain-en-cuir-multicolore","status":"publish","type":"product","link":"https:\/\/waysouk.com\/fr\/produit\/petit-pouf-marocain-en-cuir-multicolore\/","title":{"rendered":"Petit Pouf Marocain..."},"content":{"rendered":"<p>Notre pouf marocain est cousu par nos artisans exp\u00e9riment\u00e9s \u00e0 partir de cuir de ch\u00e8vre de qualit\u00e9 sup\u00e9rieure \u00e0 100%, et les panneaux de cuir sont renforc\u00e9s avec une couche int\u00e9rieure sp\u00e9ciale qui lui donne plus de soutien et contribue \u00e0 sa long\u00e9vit\u00e9.<\/p>\n<p>Notre pouf ottoman en cuir marocain peut \u00eatre plac\u00e9 l\u00e0 o\u00f9 vous pouvez ajouter une touche artistique et exotique \u00e0 votre int\u00e9rieur : pr\u00e8s de votre canap\u00e9 ou de votre chemin\u00e9e, au pied de votre lit ou dans la chambre de votre enfant. Le pouf ottoman marocain donne \u00e0 votre pi\u00e8ce une touche de style ottoman avec le pouf ottoman marocain de Marrakech. Il est disponible dans de nombreuses belles couleurs \u00e0 choisir. Notre pouf rond fait \u00e0 la main est fabriqu\u00e9 en cuir de ch\u00e8vre, ce qui renforce sa solidit\u00e9 et sa durabilit\u00e9. L&rsquo;ottoman est parfait pour s&rsquo;asseoir et cr\u00e9e un attrait charmant pour la pi\u00e8ce.<\/p>\n<p>Notre incroyable pouf est fabriqu\u00e9 en cuir 100% PREMIUM QUALITY cousu \u00e0 la main.<\/p>\n<p>Remarque : le pouf est exp\u00e9di\u00e9 non rempli, mais vous pouvez utiliser du rembourrage en fibre de polyester ou en coton, ou vous pouvez \u00e9galement utiliser de vieux serviettes pour le rendre ferme.<\/p>\n<p>CARACT\u00c9RISTIQUES<br \/>\n&#8211; Couleur : Marron, Brun Fonc\u00e9, Noir, Blanc, Rose&#8230;<br \/>\n&#8211; Mat\u00e9riau : Cuir de ch\u00e8vre v\u00e9ritable<br \/>\n&#8211; Marque : Poufs marocains<br \/>\n&#8211; Type de tissu : Fait \u00e0 la main<br \/>\n&#8211; Forme : Rond<br \/>\n&#8211; Dimensions de l&rsquo;article : 14 x 14 x 9 pouces<\/p>\n","protected":false},"excerpt":{"rendered":"<p>Une tendance de pointe dans la mode maison, les poufs peuvent \u00eatre trouv\u00e9s dans n&rsquo;importe quelle pi\u00e8ce comme un accent d\u00e9coratif, un repose-pieds, une table d&rsquo;appoint ou comme si\u00e8ge suppl\u00e9mentaire. Ici, la forme circulaire en cuir de ch\u00e8vre v\u00e9ritable est parfaite pour une d\u00e9coration avec un esprit rustique-chic.<\/p>\n<p>Les poufs sont exp\u00e9di\u00e9s NON REMPLIS.<\/p>\n<p>&#8211; Couleur : Multi-Couleur<br \/>\n&#8211; Mat\u00e9riau : Cuir de ch\u00e8vre v\u00e9ritable<br \/>\n&#8211; Marque : Poufs marocains<br \/>\n&#8211; Type de tissu : Fait \u00e0 la main<br \/>\n&#8211; Forme : Rond<br \/>\n&#8211; Dimensions de l&rsquo;article : 14 x 14 x 9 pouces<\/p>\n<p>Fermeture \u00c9clair robuste sur le dessous.<\/p>\n","protected":false},"featured_media":5860,"comment_status":"open","ping_status":"closed","template":"","meta":{"_acf_changed":false,"ocean_post_layout":"","ocean_both_sidebars_style":"","ocean_both_sidebars_content_width":0,"ocean_both_sidebars_sidebars_width":0,"ocean_sidebar":"0","ocean_second_sidebar":"0","ocean_disable_margins":"enable","ocean_add_body_class":"","ocean_shortcode_before_top_bar":"","ocean_shortcode_after_top_bar":"","ocean_shortcode_before_header":"","ocean_shortcode_after_header":"","ocean_has_shortcode":"","ocean_shortcode_after_title":"","ocean_shortcode_before_footer_widgets":"","ocean_shortcode_after_footer_widgets":"","ocean_shortcode_before_footer_bottom":"","ocean_shortcode_after_footer_bottom":"","ocean_display_top_bar":"default","ocean_display_header":"default","ocean_header_style":"","ocean_center_header_left_menu":"0","ocean_custom_header_template":"0","ocean_custom_logo":0,"ocean_custom_retina_logo":0,"ocean_custom_logo_max_width":0,"ocean_custom_logo_tablet_max_width":0,"ocean_custom_logo_mobile_max_width":0,"ocean_custom_logo_max_height":0,"ocean_custom_logo_tablet_max_height":0,"ocean_custom_logo_mobile_max_height":0,"ocean_header_custom_menu":"0","ocean_menu_typo_font_family":"0","ocean_menu_typo_font_subset":"","ocean_menu_typo_font_size":0,"ocean_menu_typo_font_size_tablet":0,"ocean_menu_typo_font_size_mobile":0,"ocean_menu_typo_font_size_unit":"px","ocean_menu_typo_font_weight":"","ocean_menu_typo_font_weight_tablet":"","ocean_menu_typo_font_weight_mobile":"","ocean_menu_typo_transform":"","ocean_menu_typo_transform_tablet":"","ocean_menu_typo_transform_mobile":"","ocean_menu_typo_line_height":0,"ocean_menu_typo_line_height_tablet":0,"ocean_menu_typo_line_height_mobile":0,"ocean_menu_typo_line_height_unit":"","ocean_menu_typo_spacing":0,"ocean_menu_typo_spacing_tablet":0,"ocean_menu_typo_spacing_mobile":0,"ocean_menu_typo_spacing_unit":"","ocean_menu_link_color":"","ocean_menu_link_color_hover":"","ocean_menu_link_color_active":"","ocean_menu_link_background":"","ocean_menu_link_hover_background":"","ocean_menu_link_active_background":"","ocean_menu_social_links_bg":"","ocean_menu_social_hover_links_bg":"","ocean_menu_social_links_color":"","ocean_menu_social_hover_links_color":"","ocean_disable_title":"default","ocean_disable_heading":"default","ocean_post_title":"","ocean_post_subheading":"","ocean_post_title_style":"","ocean_post_title_background_color":"","ocean_post_title_background":0,"ocean_post_title_bg_image_position":"","ocean_post_title_bg_image_attachment":"","ocean_post_title_bg_image_repeat":"","ocean_post_title_bg_image_size":"","ocean_post_title_height":0,"ocean_post_title_bg_overlay":0.5,"ocean_post_title_bg_overlay_color":"","ocean_disable_breadcrumbs":"default","ocean_breadcrumbs_color":"","ocean_breadcrumbs_separator_color":"","ocean_breadcrumbs_links_color":"","ocean_breadcrumbs_links_hover_color":"","ocean_display_footer_widgets":"default","ocean_display_footer_bottom":"default","ocean_custom_footer_template":"0"},"product_brand":[],"product_cat":[306],"product_tag":[308,309,416,310,311,313,418],"class_list":{"0":"post-7078","1":"product","2":"type-product","3":"status-publish","4":"has-post-thumbnail","6":"product_cat-poufs-marocains","7":"product_tag-chaises-et-ottomans","8":"product_tag-cuire-veritable","9":"product_tag-kilim-pouf-fr","10":"product_tag-leather-pouf-fr","11":"product_tag-ottoman-footstool-fr","12":"product_tag-pouf-fr","13":"product_tag-small-leather-pouf-fr","15":"entry","16":"has-media","18":"first","19":"instock","20":"shipping-taxable","21":"purchasable","22":"product-type-variable","23":"has-default-attributes","24":"has-product-nav","25":"col","26":"span_1_of_4","27":"owp-content-center","28":"owp-thumbs-layout-horizontal","29":"owp-btn-normal","30":"owp-tabs-layout-horizontal"},"acf":[],"jetpack_sharing_enabled":true,"_links":{"self":[{"href":"https:\/\/waysouk.com\/fr\/wp-json\/wp\/v2\/product\/7078","targetHints":{"allow":["GET"]}}],"collection":[{"href":"https:\/\/waysouk.com\/fr\/wp-json\/wp\/v2\/product"}],"about":[{"href":"https:\/\/waysouk.com\/fr\/wp-json\/wp\/v2\/types\/product"}],"replies":[{"embeddable":true,"href":"https:\/\/waysouk.com\/fr\/wp-json\/wp\/v2\/comments?post=7078"}],"wp:featuredmedia":[{"embeddable":true,"href":"https:\/\/waysouk.com\/fr\/wp-json\/wp\/v2\/media\/5860"}],"wp:attachment":[{"href":"https:\/\/waysouk.com\/fr\/wp-json\/wp\/v2\/media?parent=7078"}],"wp:term":[{"taxonomy":"product_brand","embeddable":true,"href":"https:\/\/waysouk.com\/fr\/wp-json\/wp\/v2\/product_brand?post=7078"},{"taxonomy":"product_cat","embeddable":true,"href":"https:\/\/waysouk.com\/fr\/wp-json\/wp\/v2\/product_cat?post=7078"},{"taxonomy":"product_tag","embeddable":true,"href":"https:\/\/waysouk.com\/fr\/wp-json\/wp\/v2\/product_tag?post=7078"}],"curies":[{"name":"wp","href":"https:\/\/api.w.org\/{rel}","templated":true}]}}