{"id":7070,"date":"2020-11-08T11:35:19","date_gmt":"2020-11-08T11:35:19","guid":{"rendered":"https:\/\/waysouk.com\/product\/moroccan-blue-jeans-leather-pouf-with-biege-stitching\/"},"modified":"2024-04-29T07:25:20","modified_gmt":"2024-04-29T07:25:20","slug":"pouf-marocain-en-cuir-bleu-jean-avec-coutures-beige","status":"publish","type":"product","link":"https:\/\/waysouk.com\/fr\/produit\/pouf-marocain-en-cuir-bleu-jean-avec-coutures-beige\/","title":{"rendered":"Pouf marocain en..."},"content":{"rendered":"<p>Notre pouf marocain est cousu par nos artisans exp\u00e9riment\u00e9s \u00e0 partir de cuir de ch\u00e8vre de qualit\u00e9 premium \u00e0 100 %, renforc\u00e9 par une couche int\u00e9rieure sp\u00e9ciale pour plus de solidit\u00e9.<\/p>\n<p>Placez notre pouf ottoman en cuir marocain l\u00e0 o\u00f9 vous souhaitez ajouter une touche artistique et exotique \u00e0 votre int\u00e9rieur : pr\u00e8s de votre canap\u00e9 ou de votre chemin\u00e9e, au bout de votre lit ou dans la chambre de votre enfant. Le pouf en cuir marocain donne \u00e0 votre pi\u00e8ce une touche de style ottoman avec le pouf ottoman de Marrakech. Disponible dans de nombreuses belles couleurs, notre pouf rond fait main est fabriqu\u00e9 en cuir de ch\u00e8vre, renfor\u00e7ant sa r\u00e9sistance et sa durabilit\u00e9.<\/p>\n<p>Notre incroyable pouf est fait \u00e0 la main en cuir de qualit\u00e9 premium cousu \u00e0 la main.<\/p>\n<p>Remarque : le pouf est exp\u00e9di\u00e9 non garni, mais vous pouvez utiliser de la ouate de polyester, du coton ou d&rsquo;anciennes serviettes pour le rendre ferme.<\/p>\n<p>CARACT\u00c9RISTIQUES<br \/>\n&#8211; Couleur : Blue jeans<br \/>\n&#8211; Mat\u00e9riau : Cuir v\u00e9ritable de ch\u00e8vre<br \/>\n&#8211; Marque : Poufs marocains<br \/>\n&#8211; Type de tissu : Fait main<br \/>\n&#8211; Forme : Rond<br \/>\n&#8211; Dimensions de l&rsquo;article (L x l x H) : 21 x 21 x 12 pouces<\/p>\n","protected":false},"excerpt":{"rendered":"<p>Ajoutez une touche de confort luxueux \u00e0 votre d\u00e9cor avec ce pouf marocain recouvert de cuir de ch\u00e8vre 100 % naturel. Ses couleurs vibrantes \u00e9gayeront l&rsquo;espace o\u00f9 qu&rsquo;il soit d\u00e9plac\u00e9, du salon \u00e0 la chambre en passant par la nurserie !<\/p>\n<p>Les poufs sont exp\u00e9di\u00e9s NON GARNIS<\/p>\n<p>Couleur : Blue jeans<br \/>\nMat\u00e9riau sup\u00e9rieur : Cuir<br \/>\nMarque : Poufs marocains<br \/>\nType de tissu : Fait main<br \/>\nMat\u00e9riau de la structure : Cuir<br \/>\nForme : Rond<\/p>\n<p>Dimensions de l&rsquo;article (L x l x H) : 21 x 21 x 13 pouces<\/p>\n","protected":false},"featured_media":5825,"comment_status":"open","ping_status":"closed","template":"","meta":{"_acf_changed":false,"ocean_post_layout":"","ocean_both_sidebars_style":"","ocean_both_sidebars_content_width":0,"ocean_both_sidebars_sidebars_width":0,"ocean_sidebar":"0","ocean_second_sidebar":"0","ocean_disable_margins":"enable","ocean_add_body_class":"","ocean_shortcode_before_top_bar":"","ocean_shortcode_after_top_bar":"","ocean_shortcode_before_header":"","ocean_shortcode_after_header":"","ocean_has_shortcode":"","ocean_shortcode_after_title":"","ocean_shortcode_before_footer_widgets":"","ocean_shortcode_after_footer_widgets":"","ocean_shortcode_before_footer_bottom":"","ocean_shortcode_after_footer_bottom":"","ocean_display_top_bar":"default","ocean_display_header":"default","ocean_header_style":"","ocean_center_header_left_menu":"0","ocean_custom_header_template":"0","ocean_custom_logo":0,"ocean_custom_retina_logo":0,"ocean_custom_logo_max_width":0,"ocean_custom_logo_tablet_max_width":0,"ocean_custom_logo_mobile_max_width":0,"ocean_custom_logo_max_height":0,"ocean_custom_logo_tablet_max_height":0,"ocean_custom_logo_mobile_max_height":0,"ocean_header_custom_menu":"0","ocean_menu_typo_font_family":"0","ocean_menu_typo_font_subset":"","ocean_menu_typo_font_size":0,"ocean_menu_typo_font_size_tablet":0,"ocean_menu_typo_font_size_mobile":0,"ocean_menu_typo_font_size_unit":"px","ocean_menu_typo_font_weight":"","ocean_menu_typo_font_weight_tablet":"","ocean_menu_typo_font_weight_mobile":"","ocean_menu_typo_transform":"","ocean_menu_typo_transform_tablet":"","ocean_menu_typo_transform_mobile":"","ocean_menu_typo_line_height":0,"ocean_menu_typo_line_height_tablet":0,"ocean_menu_typo_line_height_mobile":0,"ocean_menu_typo_line_height_unit":"","ocean_menu_typo_spacing":0,"ocean_menu_typo_spacing_tablet":0,"ocean_menu_typo_spacing_mobile":0,"ocean_menu_typo_spacing_unit":"","ocean_menu_link_color":"","ocean_menu_link_color_hover":"","ocean_menu_link_color_active":"","ocean_menu_link_background":"","ocean_menu_link_hover_background":"","ocean_menu_link_active_background":"","ocean_menu_social_links_bg":"","ocean_menu_social_hover_links_bg":"","ocean_menu_social_links_color":"","ocean_menu_social_hover_links_color":"","ocean_disable_title":"default","ocean_disable_heading":"default","ocean_post_title":"","ocean_post_subheading":"","ocean_post_title_style":"","ocean_post_title_background_color":"","ocean_post_title_background":0,"ocean_post_title_bg_image_position":"","ocean_post_title_bg_image_attachment":"","ocean_post_title_bg_image_repeat":"","ocean_post_title_bg_image_size":"","ocean_post_title_height":0,"ocean_post_title_bg_overlay":0.5,"ocean_post_title_bg_overlay_color":"","ocean_disable_breadcrumbs":"default","ocean_breadcrumbs_color":"","ocean_breadcrumbs_separator_color":"","ocean_breadcrumbs_links_color":"","ocean_breadcrumbs_links_hover_color":"","ocean_display_footer_widgets":"default","ocean_display_footer_bottom":"default","ocean_custom_footer_template":"0"},"product_brand":[],"product_cat":[306],"product_tag":[308,309,416,310,311,313],"class_list":{"0":"post-7070","1":"product","2":"type-product","3":"status-publish","4":"has-post-thumbnail","6":"product_cat-poufs-marocains","7":"product_tag-chaises-et-ottomans","8":"product_tag-cuire-veritable","9":"product_tag-kilim-pouf-fr","10":"product_tag-leather-pouf-fr","11":"product_tag-ottoman-footstool-fr","12":"product_tag-pouf-fr","14":"entry","15":"has-media","17":"first","18":"instock","19":"shipping-taxable","20":"purchasable","21":"product-type-simple","22":"has-product-nav","23":"col","24":"span_1_of_4","25":"owp-content-center","26":"owp-thumbs-layout-horizontal","27":"owp-btn-normal","28":"owp-tabs-layout-horizontal"},"acf":[],"jetpack_sharing_enabled":true,"_links":{"self":[{"href":"https:\/\/waysouk.com\/fr\/wp-json\/wp\/v2\/product\/7070","targetHints":{"allow":["GET"]}}],"collection":[{"href":"https:\/\/waysouk.com\/fr\/wp-json\/wp\/v2\/product"}],"about":[{"href":"https:\/\/waysouk.com\/fr\/wp-json\/wp\/v2\/types\/product"}],"replies":[{"embeddable":true,"href":"https:\/\/waysouk.com\/fr\/wp-json\/wp\/v2\/comments?post=7070"}],"wp:featuredmedia":[{"embeddable":true,"href":"https:\/\/waysouk.com\/fr\/wp-json\/wp\/v2\/media\/5825"}],"wp:attachment":[{"href":"https:\/\/waysouk.com\/fr\/wp-json\/wp\/v2\/media?parent=7070"}],"wp:term":[{"taxonomy":"product_brand","embeddable":true,"href":"https:\/\/waysouk.com\/fr\/wp-json\/wp\/v2\/product_brand?post=7070"},{"taxonomy":"product_cat","embeddable":true,"href":"https:\/\/waysouk.com\/fr\/wp-json\/wp\/v2\/product_cat?post=7070"},{"taxonomy":"product_tag","embeddable":true,"href":"https:\/\/waysouk.com\/fr\/wp-json\/wp\/v2\/product_tag?post=7070"}],"curies":[{"name":"wp","href":"https:\/\/api.w.org\/{rel}","templated":true}]}}