{"id":7066,"date":"2021-09-16T17:43:44","date_gmt":"2021-09-16T17:43:44","guid":{"rendered":"https:\/\/waysouk.com\/product\/azilal-handmade-wool-grey-area-rug\/"},"modified":"2024-04-28T13:36:18","modified_gmt":"2024-04-28T13:36:18","slug":"beni-ourain-tapis-gris-en-laine-fait-main","status":"publish","type":"product","link":"https:\/\/waysouk.com\/fr\/produit\/beni-ourain-tapis-gris-en-laine-fait-main\/","title":{"rendered":"Beni Ourain &#8211;..."},"content":{"rendered":"<p>Mis \u00e0 part l&rsquo;aspect esth\u00e9tique, les tapis de zone aident \u00e0 absorber et \u00e0 r\u00e9duire le bruit tout en adoucissant les pas sur les sols en bois dur et en carrelage. Fabriqu\u00e9 au Maroc, celui-ci est en laine, riche en propri\u00e9t\u00e9s naturellement denses qui repoussent efficacement les liquides tout en conservant sa forme. En faire le choix parfait pour ajouter une touche de confort dans le salon, la chambre \u00e0 coucher, et au-del\u00e0.<\/p>\n<p>Dimensions approximatives : 4,5&#215;3 pieds \/ 140&#215;94 cm. Nettoyage inclus avant exp\u00e9dition, \u00e9galement lavable en machine.<\/p>\n<p>Type : Tapis Berb\u00e8re Beni Ourain<br \/>\nMat\u00e9riau : Laine<br \/>\nR\u00e9gion : Haut Atlas du Maroc<br \/>\n\u00c9tat : Neuf (AUCUNE MARQUE)<br \/>\nCondition : Parfait, propre, aucun dommage, aucune tache<br \/>\nFabrication : \u00c0 la main<\/p>\n<h2>OFFRE SP\u00c9CIALE<\/h2>\n<p>Avez-vous aim\u00e9 un tapis mais il est en rupture de stock ?<br \/>\nAvez-vous vu un beau tapis boh\u00e9mien que vous souhaitez cr\u00e9er ?<br \/>\nN&rsquo;h\u00e9sitez pas \u00e0 nous envoyer votre tapis de r\u00eave, une photo et les dimensions souhait\u00e9es. Contactez-nous.<\/p>\n","protected":false},"excerpt":{"rendered":"<p>Superbe tapis Beni Ourain gris\/blanc pour int\u00e9rieur\/ext\u00e9rieur, id\u00e9al pour tout d\u00e9cor, ajoutant de la texture au sol et compl\u00e9tant n&rsquo;importe quel style.<\/p>\n<p>Dimensions : 4,5&#215;3 pieds \/ 140&#215;94 cm.<\/p>\n<p>Type : Tapis Berb\u00e8re<br \/>\nMat\u00e9riau : Coton biologique teint\u00e9<br \/>\nR\u00e9gion : Haut Atlas du Maroc<br \/>\n\u00c9tat : Neuf (AUCUNE MARQUE)<br \/>\nCondition : Parfait, propre, aucun dommage, aucune tache<br \/>\nFabrication : \u00c0 la main<\/p>\n","protected":false},"featured_media":6457,"comment_status":"open","ping_status":"closed","template":"","meta":{"_acf_changed":false,"ocean_post_layout":"","ocean_both_sidebars_style":"","ocean_both_sidebars_content_width":0,"ocean_both_sidebars_sidebars_width":0,"ocean_sidebar":"0","ocean_second_sidebar":"0","ocean_disable_margins":"enable","ocean_add_body_class":"","ocean_shortcode_before_top_bar":"","ocean_shortcode_after_top_bar":"","ocean_shortcode_before_header":"","ocean_shortcode_after_header":"","ocean_has_shortcode":"","ocean_shortcode_after_title":"","ocean_shortcode_before_footer_widgets":"","ocean_shortcode_after_footer_widgets":"","ocean_shortcode_before_footer_bottom":"","ocean_shortcode_after_footer_bottom":"","ocean_display_top_bar":"default","ocean_display_header":"default","ocean_header_style":"","ocean_center_header_left_menu":"0","ocean_custom_header_template":"0","ocean_custom_logo":0,"ocean_custom_retina_logo":0,"ocean_custom_logo_max_width":0,"ocean_custom_logo_tablet_max_width":0,"ocean_custom_logo_mobile_max_width":0,"ocean_custom_logo_max_height":0,"ocean_custom_logo_tablet_max_height":0,"ocean_custom_logo_mobile_max_height":0,"ocean_header_custom_menu":"0","ocean_menu_typo_font_family":"0","ocean_menu_typo_font_subset":"","ocean_menu_typo_font_size":0,"ocean_menu_typo_font_size_tablet":0,"ocean_menu_typo_font_size_mobile":0,"ocean_menu_typo_font_size_unit":"px","ocean_menu_typo_font_weight":"","ocean_menu_typo_font_weight_tablet":"","ocean_menu_typo_font_weight_mobile":"","ocean_menu_typo_transform":"","ocean_menu_typo_transform_tablet":"","ocean_menu_typo_transform_mobile":"","ocean_menu_typo_line_height":0,"ocean_menu_typo_line_height_tablet":0,"ocean_menu_typo_line_height_mobile":0,"ocean_menu_typo_line_height_unit":"","ocean_menu_typo_spacing":0,"ocean_menu_typo_spacing_tablet":0,"ocean_menu_typo_spacing_mobile":0,"ocean_menu_typo_spacing_unit":"","ocean_menu_link_color":"","ocean_menu_link_color_hover":"","ocean_menu_link_color_active":"","ocean_menu_link_background":"","ocean_menu_link_hover_background":"","ocean_menu_link_active_background":"","ocean_menu_social_links_bg":"","ocean_menu_social_hover_links_bg":"","ocean_menu_social_links_color":"","ocean_menu_social_hover_links_color":"","ocean_disable_title":"default","ocean_disable_heading":"default","ocean_post_title":"","ocean_post_subheading":"","ocean_post_title_style":"","ocean_post_title_background_color":"","ocean_post_title_background":0,"ocean_post_title_bg_image_position":"","ocean_post_title_bg_image_attachment":"","ocean_post_title_bg_image_repeat":"","ocean_post_title_bg_image_size":"","ocean_post_title_height":0,"ocean_post_title_bg_overlay":0.5,"ocean_post_title_bg_overlay_color":"","ocean_disable_breadcrumbs":"default","ocean_breadcrumbs_color":"","ocean_breadcrumbs_separator_color":"","ocean_breadcrumbs_links_color":"","ocean_breadcrumbs_links_hover_color":"","ocean_display_footer_widgets":"default","ocean_display_footer_bottom":"default","ocean_custom_footer_template":"0"},"product_brand":[],"product_cat":[400,401],"product_tag":[403,404,405,406,407,408],"class_list":{"0":"post-7066","1":"product","2":"type-product","3":"status-publish","4":"has-post-thumbnail","6":"product_cat-tapis-azilal","7":"product_cat-tapis-marocains","8":"product_tag-carpet","9":"product_tag-rug-fr","10":"product_tag-vitage-rug-fr","11":"product_tag-wool-fr","12":"product_tag-wool-crapet-fr","13":"product_tag-wool-rugs-fr","14":"product_shipping_class-less-tan-3-kg-fr","16":"entry","17":"has-media","19":"first","20":"instock","21":"sold-individually","22":"shipping-taxable","23":"purchasable","24":"product-type-simple","25":"has-product-nav","26":"col","27":"span_1_of_4","28":"owp-content-center","29":"owp-thumbs-layout-horizontal","30":"owp-btn-normal","31":"owp-tabs-layout-horizontal"},"acf":[],"jetpack_sharing_enabled":true,"_links":{"self":[{"href":"https:\/\/waysouk.com\/fr\/wp-json\/wp\/v2\/product\/7066","targetHints":{"allow":["GET"]}}],"collection":[{"href":"https:\/\/waysouk.com\/fr\/wp-json\/wp\/v2\/product"}],"about":[{"href":"https:\/\/waysouk.com\/fr\/wp-json\/wp\/v2\/types\/product"}],"replies":[{"embeddable":true,"href":"https:\/\/waysouk.com\/fr\/wp-json\/wp\/v2\/comments?post=7066"}],"wp:featuredmedia":[{"embeddable":true,"href":"https:\/\/waysouk.com\/fr\/wp-json\/wp\/v2\/media\/6457"}],"wp:attachment":[{"href":"https:\/\/waysouk.com\/fr\/wp-json\/wp\/v2\/media?parent=7066"}],"wp:term":[{"taxonomy":"product_brand","embeddable":true,"href":"https:\/\/waysouk.com\/fr\/wp-json\/wp\/v2\/product_brand?post=7066"},{"taxonomy":"product_cat","embeddable":true,"href":"https:\/\/waysouk.com\/fr\/wp-json\/wp\/v2\/product_cat?post=7066"},{"taxonomy":"product_tag","embeddable":true,"href":"https:\/\/waysouk.com\/fr\/wp-json\/wp\/v2\/product_tag?post=7066"}],"curies":[{"name":"wp","href":"https:\/\/api.w.org\/{rel}","templated":true}]}}