{"id":7060,"date":"2021-09-25T12:17:50","date_gmt":"2021-09-25T12:17:50","guid":{"rendered":"https:\/\/waysouk.com\/product\/handmade-french-shopping-straw-basket-with-short-leather-handles\/"},"modified":"2024-04-28T23:13:13","modified_gmt":"2024-04-28T23:13:13","slug":"sac-en-paille-marocain-fait-main","status":"publish","type":"product","link":"https:\/\/waysouk.com\/fr\/produit\/sac-en-paille-marocain-fait-main\/","title":{"rendered":"Panier de shopping..."},"content":{"rendered":"<p>Que vous vous rendiez au march\u00e9 fermier local pour des ingr\u00e9dients frais pour le d\u00eener ou que vous parcouriez votre boutique pr\u00e9f\u00e9r\u00e9e \u00e0 la recherche de babioles, ce charmant panier de march\u00e9 fran\u00e7ais est un fid\u00e8le compagnon de magasinage.<\/p>\n<p>\u00c9l\u00e9gant et fiable, ce panier est \u00e9galement un merveilleux sac pour un pique-nique tranquille \u00e0 la campagne. Le fond plat maintient le sac debout tout seul pendant que vous choisissez soigneusement les meilleures p\u00eaches, et le rebord sup\u00e9rieur doublement tiss\u00e9 lui donne une finition solide suppl\u00e9mentaire. Deux poign\u00e9es en chanvre et deux longues sangles en cuir vous permettent de le porter d\u00e9contract\u00e9 sur l&rsquo;\u00e9paule ou de le porter \u00e0 la main.<\/p>\n<p>Fabriqu\u00e9 \u00e0 la main au Maroc, o\u00f9 sont fabriqu\u00e9s les meilleurs paniers de march\u00e9 fran\u00e7ais, ce beau panier est con\u00e7u pour durer !<\/p>\n<p>Tous nos produits sont faits \u00e0 la main et peuvent pr\u00e9senter de l\u00e9g\u00e8res imperfections, ce qui les rend encore plus beaux et charmants.<\/p>\n<p>DIMENSIONS APPROXIMATIVES :<\/p>\n<p>Moyen : L 18 pouces x H 10,5 pouces \/ L 45 cm x H 27 cm<br \/>\nGrand : L 19,5 pouces x H 12 pouces \/ L 50 cm x H 30 cm<br \/>\nTr\u00e8s Grand : L 20 pouces x H 14 pouces \/ L : 56 cm x H 36 cm<\/p>\n<p>Comme avec tous les articles faits \u00e0 la main, des variations peuvent se produire.<\/p>\n<p>MAT\u00c9RIEL<\/p>\n<p>&#8211; Feuille de palmier dattier et cuir<br \/>\n&#8211; Rebord sup\u00e9rieur doublement tiss\u00e9 pour une finition solide<\/p>\n<p>Entretien :<\/p>\n<p>Laver \u00e0 la main avec de l&rsquo;eau dilu\u00e9e avec une petite quantit\u00e9 de vinaigre. S\u00e9cher au soleil soigneusement pour \u00e9viter la moisissure. Peut \u00eatre remodel\u00e9 lorsqu&rsquo;il est mouill\u00e9.<\/p>\n","protected":false},"excerpt":{"rendered":"<p>Le sac panier fran\u00e7ais est tout ce que vous voudrez porter cet \u00e9t\u00e9. Que vous fassiez du tourisme ou que vous fassiez des courses, le panier est l\u00e0 pour vous. Avec autant d&rsquo;espace, vous n&rsquo;aurez pas besoin de laisser quoi que ce soit derri\u00e8re. Dot\u00e9 de poign\u00e9es sup\u00e9rieures, d&rsquo;un design \u00e0 ouverture sur le dessus et de garnitures en cuir.<\/p>\n<p>CARACT\u00c9RISTIQUES CL\u00c9S :<\/p>\n<p>100 % Fait \u00e0 la main au Maroc<br \/>\nProduction \u00e9quitable et durable<br \/>\nMat\u00e9riel : Feuille de palmier dattier et cuir<\/p>\n<p>DIMENSIONS APPROXIMATIVES :<\/p>\n<p>Moyen : L 18 pouces x H 10,5 pouces ( L 45 cm x H 27 cm )<br \/>\nGrand : L 19,5 pouces x H 12 pouces ( L 50 cm x H 30 cm )<br \/>\nTr\u00e8s Grand : L 20 pouces x H 14 pouces ( L 56 cm x H 36 cm )<\/p>\n","protected":false},"featured_media":6497,"comment_status":"open","ping_status":"closed","template":"","meta":{"_acf_changed":false,"ocean_post_layout":"","ocean_both_sidebars_style":"","ocean_both_sidebars_content_width":0,"ocean_both_sidebars_sidebars_width":0,"ocean_sidebar":"0","ocean_second_sidebar":"0","ocean_disable_margins":"enable","ocean_add_body_class":"","ocean_shortcode_before_top_bar":"","ocean_shortcode_after_top_bar":"","ocean_shortcode_before_header":"","ocean_shortcode_after_header":"","ocean_has_shortcode":"","ocean_shortcode_after_title":"","ocean_shortcode_before_footer_widgets":"","ocean_shortcode_after_footer_widgets":"","ocean_shortcode_before_footer_bottom":"","ocean_shortcode_after_footer_bottom":"","ocean_display_top_bar":"default","ocean_display_header":"default","ocean_header_style":"","ocean_center_header_left_menu":"0","ocean_custom_header_template":"0","ocean_custom_logo":0,"ocean_custom_retina_logo":0,"ocean_custom_logo_max_width":0,"ocean_custom_logo_tablet_max_width":0,"ocean_custom_logo_mobile_max_width":0,"ocean_custom_logo_max_height":0,"ocean_custom_logo_tablet_max_height":0,"ocean_custom_logo_mobile_max_height":0,"ocean_header_custom_menu":"0","ocean_menu_typo_font_family":"0","ocean_menu_typo_font_subset":"","ocean_menu_typo_font_size":0,"ocean_menu_typo_font_size_tablet":0,"ocean_menu_typo_font_size_mobile":0,"ocean_menu_typo_font_size_unit":"px","ocean_menu_typo_font_weight":"","ocean_menu_typo_font_weight_tablet":"","ocean_menu_typo_font_weight_mobile":"","ocean_menu_typo_transform":"","ocean_menu_typo_transform_tablet":"","ocean_menu_typo_transform_mobile":"","ocean_menu_typo_line_height":0,"ocean_menu_typo_line_height_tablet":0,"ocean_menu_typo_line_height_mobile":0,"ocean_menu_typo_line_height_unit":"","ocean_menu_typo_spacing":0,"ocean_menu_typo_spacing_tablet":0,"ocean_menu_typo_spacing_mobile":0,"ocean_menu_typo_spacing_unit":"","ocean_menu_link_color":"","ocean_menu_link_color_hover":"","ocean_menu_link_color_active":"","ocean_menu_link_background":"","ocean_menu_link_hover_background":"","ocean_menu_link_active_background":"","ocean_menu_social_links_bg":"","ocean_menu_social_hover_links_bg":"","ocean_menu_social_links_color":"","ocean_menu_social_hover_links_color":"","ocean_disable_title":"default","ocean_disable_heading":"default","ocean_post_title":"","ocean_post_subheading":"","ocean_post_title_style":"","ocean_post_title_background_color":"","ocean_post_title_background":0,"ocean_post_title_bg_image_position":"","ocean_post_title_bg_image_attachment":"","ocean_post_title_bg_image_repeat":"","ocean_post_title_bg_image_size":"","ocean_post_title_height":0,"ocean_post_title_bg_overlay":0.5,"ocean_post_title_bg_overlay_color":"","ocean_disable_breadcrumbs":"default","ocean_breadcrumbs_color":"","ocean_breadcrumbs_separator_color":"","ocean_breadcrumbs_links_color":"","ocean_breadcrumbs_links_hover_color":"","ocean_display_footer_widgets":"default","ocean_display_footer_bottom":"default","ocean_custom_footer_template":"0"},"product_brand":[],"product_cat":[327],"product_tag":[391,390,329,328,392,332],"class_list":{"0":"post-7060","1":"product","2":"type-product","3":"status-publish","4":"has-post-thumbnail","6":"product_cat-paniers-en-paille","7":"product_tag-moroccan-basket-fr","8":"product_tag-panier-de-marche-francais","9":"product_tag-petit-sac-crossover","10":"product_tag-sac-en-bandouliere","11":"product_tag-straw-bag-fr","12":"product_tag-straw-basket-fr","13":"product_shipping_class-pouf-1-kg-fr","15":"entry","16":"has-media","18":"first","19":"instock","20":"shipping-taxable","21":"purchasable","22":"product-type-simple","23":"has-product-nav","24":"col","25":"span_1_of_4","26":"owp-content-center","27":"owp-thumbs-layout-horizontal","28":"owp-btn-normal","29":"owp-tabs-layout-horizontal"},"acf":[],"jetpack_sharing_enabled":true,"_links":{"self":[{"href":"https:\/\/waysouk.com\/fr\/wp-json\/wp\/v2\/product\/7060","targetHints":{"allow":["GET"]}}],"collection":[{"href":"https:\/\/waysouk.com\/fr\/wp-json\/wp\/v2\/product"}],"about":[{"href":"https:\/\/waysouk.com\/fr\/wp-json\/wp\/v2\/types\/product"}],"replies":[{"embeddable":true,"href":"https:\/\/waysouk.com\/fr\/wp-json\/wp\/v2\/comments?post=7060"}],"wp:featuredmedia":[{"embeddable":true,"href":"https:\/\/waysouk.com\/fr\/wp-json\/wp\/v2\/media\/6497"}],"wp:attachment":[{"href":"https:\/\/waysouk.com\/fr\/wp-json\/wp\/v2\/media?parent=7060"}],"wp:term":[{"taxonomy":"product_brand","embeddable":true,"href":"https:\/\/waysouk.com\/fr\/wp-json\/wp\/v2\/product_brand?post=7060"},{"taxonomy":"product_cat","embeddable":true,"href":"https:\/\/waysouk.com\/fr\/wp-json\/wp\/v2\/product_cat?post=7060"},{"taxonomy":"product_tag","embeddable":true,"href":"https:\/\/waysouk.com\/fr\/wp-json\/wp\/v2\/product_tag?post=7060"}],"curies":[{"name":"wp","href":"https:\/\/api.w.org\/{rel}","templated":true}]}}