{"id":7046,"date":"2021-10-10T11:25:04","date_gmt":"2021-10-10T11:25:04","guid":{"rendered":"https:\/\/waysouk.com\/product\/black-handwoven-moroccan-pillow-with-pom-pom-weaved-by-hand-in-marrakech\/"},"modified":"2024-04-28T14:10:05","modified_gmt":"2024-04-28T14:10:05","slug":"coussin-marocain-noir-tisse-a-la-main-avec-pompons","status":"publish","type":"product","link":"https:\/\/waysouk.com\/fr\/produit\/coussin-marocain-noir-tisse-a-la-main-avec-pompons\/","title":{"rendered":"Coussin marocain noir..."},"content":{"rendered":"<div id=\"gtx-trans\" style=\"position: absolute; left: 29px; top: 132px;\">\n<div class=\"gtx-trans-icon\">\n<p>Coussin pompon marocain tiss\u00e9 \u00e0 la main et color\u00e9 \u00e0 la main, parfait pour embellir votre maison, votre lit ou votre canap\u00e9. Cette housse enchantera vos chambres et vos nurseries avec ses textures tr\u00e8s douces et chaudes.<\/p>\n<p>Nos coussins tiss\u00e9s \u00e0 la main sont con\u00e7us et cr\u00e9\u00e9s par des artisans vivant \u00e0 Marrakech. Ils sont incroyablement doux et magnifiquement tiss\u00e9s \u00e0 la main.<\/p>\n<p>Mesures approximatives :<\/p>\n<p>Le coussin est fait \u00e0 100% de coton tiss\u00e9 \u00e0 la main.<\/p>\n<p>INSTRUCTIONS DE LAVAGE : Ne pas laver en machine. En raison de la nature artisanale de ce produit et pour de meilleurs r\u00e9sultats, si vous avez besoin de nettoyer la couverture, nous recommandons de nettoyer les taches avec un chiffon humide et un savon doux. Si une couverture enti\u00e8re doit \u00eatre nettoy\u00e9e, un lavage \u00e0 la main dans une baignoire est conseill\u00e9. Suspendre pour s\u00e9cher apr\u00e8s le lavage \u00e0 la main.<\/p>\n<\/div>\n<\/div>\n","protected":false},"excerpt":{"rendered":"<p>Apportez une touche de style \u00e0 votre pi\u00e8ce avec notre coussin pompon marocain, un magnifique coussin authentique marocain soigneusement tiss\u00e9 \u00e0 la main par nos artisans hautement qualifi\u00e9s, qui allient cr\u00e9ativit\u00e9 et savoir-faire.<\/p>\n<p>Le coussin est fabriqu\u00e9 \u00e0 partir de coton tiss\u00e9 \u00e0 la main \u00e0 100%<br \/>\nCouleur : Noir<br \/>\nFabriqu\u00e9 au Maroc<\/p>\n","protected":false},"featured_media":6282,"comment_status":"open","ping_status":"closed","template":"","meta":{"_acf_changed":false,"ocean_post_layout":"","ocean_both_sidebars_style":"","ocean_both_sidebars_content_width":0,"ocean_both_sidebars_sidebars_width":0,"ocean_sidebar":"0","ocean_second_sidebar":"0","ocean_disable_margins":"enable","ocean_add_body_class":"","ocean_shortcode_before_top_bar":"","ocean_shortcode_after_top_bar":"","ocean_shortcode_before_header":"","ocean_shortcode_after_header":"","ocean_has_shortcode":"","ocean_shortcode_after_title":"","ocean_shortcode_before_footer_widgets":"","ocean_shortcode_after_footer_widgets":"","ocean_shortcode_before_footer_bottom":"","ocean_shortcode_after_footer_bottom":"","ocean_display_top_bar":"default","ocean_display_header":"default","ocean_header_style":"","ocean_center_header_left_menu":"0","ocean_custom_header_template":"0","ocean_custom_logo":0,"ocean_custom_retina_logo":0,"ocean_custom_logo_max_width":0,"ocean_custom_logo_tablet_max_width":0,"ocean_custom_logo_mobile_max_width":0,"ocean_custom_logo_max_height":0,"ocean_custom_logo_tablet_max_height":0,"ocean_custom_logo_mobile_max_height":0,"ocean_header_custom_menu":"0","ocean_menu_typo_font_family":"0","ocean_menu_typo_font_subset":"","ocean_menu_typo_font_size":0,"ocean_menu_typo_font_size_tablet":0,"ocean_menu_typo_font_size_mobile":0,"ocean_menu_typo_font_size_unit":"px","ocean_menu_typo_font_weight":"","ocean_menu_typo_font_weight_tablet":"","ocean_menu_typo_font_weight_mobile":"","ocean_menu_typo_transform":"","ocean_menu_typo_transform_tablet":"","ocean_menu_typo_transform_mobile":"","ocean_menu_typo_line_height":0,"ocean_menu_typo_line_height_tablet":0,"ocean_menu_typo_line_height_mobile":0,"ocean_menu_typo_line_height_unit":"","ocean_menu_typo_spacing":0,"ocean_menu_typo_spacing_tablet":0,"ocean_menu_typo_spacing_mobile":0,"ocean_menu_typo_spacing_unit":"","ocean_menu_link_color":"","ocean_menu_link_color_hover":"","ocean_menu_link_color_active":"","ocean_menu_link_background":"","ocean_menu_link_hover_background":"","ocean_menu_link_active_background":"","ocean_menu_social_links_bg":"","ocean_menu_social_hover_links_bg":"","ocean_menu_social_links_color":"","ocean_menu_social_hover_links_color":"","ocean_disable_title":"default","ocean_disable_heading":"default","ocean_post_title":"","ocean_post_subheading":"","ocean_post_title_style":"","ocean_post_title_background_color":"","ocean_post_title_background":0,"ocean_post_title_bg_image_position":"","ocean_post_title_bg_image_attachment":"","ocean_post_title_bg_image_repeat":"","ocean_post_title_bg_image_size":"","ocean_post_title_height":0,"ocean_post_title_bg_overlay":0.5,"ocean_post_title_bg_overlay_color":"","ocean_disable_breadcrumbs":"default","ocean_breadcrumbs_color":"","ocean_breadcrumbs_separator_color":"","ocean_breadcrumbs_links_color":"","ocean_breadcrumbs_links_hover_color":"","ocean_display_footer_widgets":"default","ocean_display_footer_bottom":"default","ocean_custom_footer_template":"0"},"product_brand":[],"product_cat":[209],"product_tag":[384],"class_list":{"0":"post-7046","1":"product","2":"type-product","3":"status-publish","4":"has-post-thumbnail","6":"product_cat-home-decor","7":"product_tag-housse-de-coussin","9":"entry","10":"has-media","12":"first","13":"instock","14":"shipping-taxable","15":"purchasable","16":"product-type-variable","17":"has-product-nav","18":"col","19":"span_1_of_4","20":"owp-content-center","21":"owp-thumbs-layout-horizontal","22":"owp-btn-normal","23":"owp-tabs-layout-horizontal"},"acf":[],"jetpack_sharing_enabled":true,"_links":{"self":[{"href":"https:\/\/waysouk.com\/fr\/wp-json\/wp\/v2\/product\/7046","targetHints":{"allow":["GET"]}}],"collection":[{"href":"https:\/\/waysouk.com\/fr\/wp-json\/wp\/v2\/product"}],"about":[{"href":"https:\/\/waysouk.com\/fr\/wp-json\/wp\/v2\/types\/product"}],"replies":[{"embeddable":true,"href":"https:\/\/waysouk.com\/fr\/wp-json\/wp\/v2\/comments?post=7046"}],"wp:featuredmedia":[{"embeddable":true,"href":"https:\/\/waysouk.com\/fr\/wp-json\/wp\/v2\/media\/6282"}],"wp:attachment":[{"href":"https:\/\/waysouk.com\/fr\/wp-json\/wp\/v2\/media?parent=7046"}],"wp:term":[{"taxonomy":"product_brand","embeddable":true,"href":"https:\/\/waysouk.com\/fr\/wp-json\/wp\/v2\/product_brand?post=7046"},{"taxonomy":"product_cat","embeddable":true,"href":"https:\/\/waysouk.com\/fr\/wp-json\/wp\/v2\/product_cat?post=7046"},{"taxonomy":"product_tag","embeddable":true,"href":"https:\/\/waysouk.com\/fr\/wp-json\/wp\/v2\/product_tag?post=7046"}],"curies":[{"name":"wp","href":"https:\/\/api.w.org\/{rel}","templated":true}]}}