{"id":7040,"date":"2021-10-10T21:53:34","date_gmt":"2021-10-10T21:53:34","guid":{"rendered":"https:\/\/waysouk.com\/product\/wooden-storage-box-made-of-thuya-wood-and-decorated-with-floral-motifs-enriched-with-mother-of-pearl\/"},"modified":"2024-04-28T12:04:50","modified_gmt":"2024-04-28T12:04:50","slug":"boite-de-rangement-en-bois-de-thuya-decoree-de-motifs-floraux-enrichis-de-nacre","status":"publish","type":"product","link":"https:\/\/waysouk.com\/fr\/produit\/boite-de-rangement-en-bois-de-thuya-decoree-de-motifs-floraux-enrichis-de-nacre\/","title":{"rendered":"Bo\u00eete de rangement..."},"content":{"rendered":"<p>Cette bo\u00eete rectangulaire en bois est fabriqu\u00e9e en bois de thuya marocain et constitue un magnifique cadeau pour une personne sp\u00e9ciale dans votre vie. Le thuya est connu comme l&rsquo;arbre de vie, repr\u00e9sentant l&rsquo;immortalit\u00e9. Appr\u00e9ci\u00e9 pour sa belle figure et son parfum divin, ce thuya burl est trouv\u00e9 dans les montagnes de l&rsquo;Atlas du Maroc. Il est d\u00e9cor\u00e9 de motifs floraux enrichis de nacre et peut \u00eatre utilis\u00e9 comme d\u00e9coration ou rangement pour vos bijoux, perles, cartes ou collection. Cette charmante bo\u00eete en bois de thuya est sculpt\u00e9e \u00e0 partir des \u00ab\u00a0burls\u00a0\u00bb de la racine de l&rsquo;arbre de thuya et a \u00e9t\u00e9 fabriqu\u00e9e \u00e0 la main \u00e0 Essaouira, au Maroc. Compacte et pratique, elle est parfaite pour les bagues, les boucles d&rsquo;oreilles, les boutons de manchette ou les tr\u00e9sors sp\u00e9ciaux. Les arbres de thuya poussent dans les montagnes de l&rsquo;Atlas en Alg\u00e9rie et au Maroc. Le bois de thuya est ferme et dense avec une teneur \u00e9lev\u00e9e en huile.<\/p>\n<p>DIMENSIONS :<\/p>\n<p>Hauteur : 11,5 cm (4,5 pouces)<br \/>\nLongueur : 26 cm (10,5 pouces)<br \/>\nLargeur : 18 cm (7 pouces)<\/p>\n","protected":false},"excerpt":{"rendered":"<p>Cette bo\u00eete est fabriqu\u00e9e \u00e0 la main en bois de thuya, originaire du Maroc. Ce type de bois est tr\u00e8s sp\u00e9cial et, avec un peu d&rsquo;huile, il peut briller pendant des semaines et rester neuf. Il peut \u00eatre utilis\u00e9 pour d\u00e9corer votre pi\u00e8ce ou offert en cadeau \u00e0 vos amis et \u00e0 vos proches. Beaucoup de travail est n\u00e9cessaire pour cet objet, car les artistes collectent pi\u00e8ce par pi\u00e8ce et les assemblent pour obtenir le r\u00e9sultat final.<\/p>\n<p>Elle est d\u00e9cor\u00e9e de motifs floraux enrichis de nacre et peut \u00eatre utilis\u00e9e comme d\u00e9coration ou rangement pour vos bijoux, perles, cartes ou collection.<\/p>\n<p>DIMENSIONS :<\/p>\n<p>Hauteur : 11,5 cm (4,5 pouces)<br \/>\nLongueur : 26 cm (10,5 pouces)<br \/>\nLargeur : 18 cm (7 pouces)<\/p>\n","protected":false},"featured_media":6543,"comment_status":"open","ping_status":"closed","template":"","meta":{"_acf_changed":false,"ocean_post_layout":"","ocean_both_sidebars_style":"","ocean_both_sidebars_content_width":0,"ocean_both_sidebars_sidebars_width":0,"ocean_sidebar":"0","ocean_second_sidebar":"0","ocean_disable_margins":"enable","ocean_add_body_class":"","ocean_shortcode_before_top_bar":"","ocean_shortcode_after_top_bar":"","ocean_shortcode_before_header":"","ocean_shortcode_after_header":"","ocean_has_shortcode":"","ocean_shortcode_after_title":"","ocean_shortcode_before_footer_widgets":"","ocean_shortcode_after_footer_widgets":"","ocean_shortcode_before_footer_bottom":"","ocean_shortcode_after_footer_bottom":"","ocean_display_top_bar":"default","ocean_display_header":"default","ocean_header_style":"","ocean_center_header_left_menu":"0","ocean_custom_header_template":"0","ocean_custom_logo":0,"ocean_custom_retina_logo":0,"ocean_custom_logo_max_width":0,"ocean_custom_logo_tablet_max_width":0,"ocean_custom_logo_mobile_max_width":0,"ocean_custom_logo_max_height":0,"ocean_custom_logo_tablet_max_height":0,"ocean_custom_logo_mobile_max_height":0,"ocean_header_custom_menu":"0","ocean_menu_typo_font_family":"0","ocean_menu_typo_font_subset":"","ocean_menu_typo_font_size":0,"ocean_menu_typo_font_size_tablet":0,"ocean_menu_typo_font_size_mobile":0,"ocean_menu_typo_font_size_unit":"px","ocean_menu_typo_font_weight":"","ocean_menu_typo_font_weight_tablet":"","ocean_menu_typo_font_weight_mobile":"","ocean_menu_typo_transform":"","ocean_menu_typo_transform_tablet":"","ocean_menu_typo_transform_mobile":"","ocean_menu_typo_line_height":0,"ocean_menu_typo_line_height_tablet":0,"ocean_menu_typo_line_height_mobile":0,"ocean_menu_typo_line_height_unit":"","ocean_menu_typo_spacing":0,"ocean_menu_typo_spacing_tablet":0,"ocean_menu_typo_spacing_mobile":0,"ocean_menu_typo_spacing_unit":"","ocean_menu_link_color":"","ocean_menu_link_color_hover":"","ocean_menu_link_color_active":"","ocean_menu_link_background":"","ocean_menu_link_hover_background":"","ocean_menu_link_active_background":"","ocean_menu_social_links_bg":"","ocean_menu_social_hover_links_bg":"","ocean_menu_social_links_color":"","ocean_menu_social_hover_links_color":"","ocean_disable_title":"default","ocean_disable_heading":"default","ocean_post_title":"","ocean_post_subheading":"","ocean_post_title_style":"","ocean_post_title_background_color":"","ocean_post_title_background":0,"ocean_post_title_bg_image_position":"","ocean_post_title_bg_image_attachment":"","ocean_post_title_bg_image_repeat":"","ocean_post_title_bg_image_size":"","ocean_post_title_height":0,"ocean_post_title_bg_overlay":0.5,"ocean_post_title_bg_overlay_color":"","ocean_disable_breadcrumbs":"default","ocean_breadcrumbs_color":"","ocean_breadcrumbs_separator_color":"","ocean_breadcrumbs_links_color":"","ocean_breadcrumbs_links_hover_color":"","ocean_display_footer_widgets":"default","ocean_display_footer_bottom":"default","ocean_custom_footer_template":"0"},"product_brand":[],"product_cat":[296],"product_tag":[],"class_list":{"0":"post-7040","1":"product","2":"type-product","3":"status-publish","4":"has-post-thumbnail","6":"product_cat-thuya-bois","7":"product_shipping_class-weight-2-kg-fr","9":"entry","10":"has-media","12":"first","13":"instock","14":"shipping-taxable","15":"purchasable","16":"product-type-simple","17":"has-product-nav","18":"col","19":"span_1_of_4","20":"owp-content-center","21":"owp-thumbs-layout-horizontal","22":"owp-btn-normal","23":"owp-tabs-layout-horizontal"},"acf":[],"jetpack_sharing_enabled":true,"_links":{"self":[{"href":"https:\/\/waysouk.com\/fr\/wp-json\/wp\/v2\/product\/7040","targetHints":{"allow":["GET"]}}],"collection":[{"href":"https:\/\/waysouk.com\/fr\/wp-json\/wp\/v2\/product"}],"about":[{"href":"https:\/\/waysouk.com\/fr\/wp-json\/wp\/v2\/types\/product"}],"replies":[{"embeddable":true,"href":"https:\/\/waysouk.com\/fr\/wp-json\/wp\/v2\/comments?post=7040"}],"wp:featuredmedia":[{"embeddable":true,"href":"https:\/\/waysouk.com\/fr\/wp-json\/wp\/v2\/media\/6543"}],"wp:attachment":[{"href":"https:\/\/waysouk.com\/fr\/wp-json\/wp\/v2\/media?parent=7040"}],"wp:term":[{"taxonomy":"product_brand","embeddable":true,"href":"https:\/\/waysouk.com\/fr\/wp-json\/wp\/v2\/product_brand?post=7040"},{"taxonomy":"product_cat","embeddable":true,"href":"https:\/\/waysouk.com\/fr\/wp-json\/wp\/v2\/product_cat?post=7040"},{"taxonomy":"product_tag","embeddable":true,"href":"https:\/\/waysouk.com\/fr\/wp-json\/wp\/v2\/product_tag?post=7040"}],"curies":[{"name":"wp","href":"https:\/\/api.w.org\/{rel}","templated":true}]}}