{"id":7036,"date":"2021-10-13T10:07:48","date_gmt":"2021-10-13T10:07:48","guid":{"rendered":"https:\/\/waysouk.com\/product\/wooden-box-with-secret-opening-hidden-compartment\/"},"modified":"2024-04-28T12:01:30","modified_gmt":"2024-04-28T12:01:30","slug":"boite-en-bois-avec-ouverture-secrete-et-compartiment-cache","status":"publish","type":"product","link":"https:\/\/waysouk.com\/fr\/produit\/boite-en-bois-avec-ouverture-secrete-et-compartiment-cache\/","title":{"rendered":"Bo\u00eete en bois..."},"content":{"rendered":"<p>Bo\u00eete secr\u00e8te en bois de thuya, fabriqu\u00e9e \u00e0 la main, id\u00e9ale comme cadeau pour toute occasion sp\u00e9ciale.<\/p>\n<p>Cette bo\u00eete rectangulaire en bois de thuya burl est faite \u00e0 la main \u00e0 partir d&rsquo;un bois unique qui pousse uniquement dans les montagnes de l&rsquo;Atlas au Maroc. C&rsquo;est un cadeau magnifique pour une personne sp\u00e9ciale dans votre vie, qui durera toute une vie.<\/p>\n<p>Le thuya est connu comme l&rsquo;arbre de vie, symbolisant l&rsquo;immortalit\u00e9. Appr\u00e9ci\u00e9 pour sa belle figure et son parfum divin.<br \/>\nCe thuya burl est trouv\u00e9 dans les montagnes de l&rsquo;Atlas au Maroc. C&rsquo;est la racine de l&rsquo;arbre, cachant une beaut\u00e9 \u00e9tonnante de couleur, de grain et d&rsquo;odeur.<\/p>\n<p>DIMENSIONS :<\/p>\n<p>Hauteur : 2 pouces (5 cm)<br \/>\nLongueur : 5,5 pouces (14 cm)<br \/>\nLargeur : 3,5 pouces (8,5 cm)<\/p>\n","protected":false},"excerpt":{"rendered":"<p>Cette bo\u00eete puzzle \u00e0 verrou magique est un casse-t\u00eate difficile avec un verrou secret qui vous rendra fou en essayant de l&rsquo;ouvrir ! C&rsquo;est un article TR\u00c8S populaire pour ins\u00e9rer de petits cadeaux ou de l&rsquo;argent \u00e0 l&rsquo;int\u00e9rieur. Si vous offrez de l&rsquo;argent en cadeau, envisagez de le mettre ici au lieu d&rsquo;une carte. Ensuite, regardez le plaisir qu&rsquo;ils auront en essayant d&rsquo;ouvrir la bo\u00eete ! Ils finiront par oublier l&rsquo;argent, mais la bo\u00eete sera un souvenir pendant de nombreuses ann\u00e9es. Ce puzzle tr\u00e8s astucieux amusera tous les \u00e2ges.<\/p>\n<p>TAILLE :<\/p>\n<p>Hauteur : 2 pouces (5 cm)<br \/>\nLongueur : 5,5 pouces (14 cm)<br \/>\nLargeur : 3,5 pouces (8,5 cm)<\/p>\n","protected":false},"featured_media":6578,"comment_status":"open","ping_status":"closed","template":"","meta":{"_acf_changed":false,"ocean_post_layout":"","ocean_both_sidebars_style":"","ocean_both_sidebars_content_width":0,"ocean_both_sidebars_sidebars_width":0,"ocean_sidebar":"0","ocean_second_sidebar":"0","ocean_disable_margins":"enable","ocean_add_body_class":"","ocean_shortcode_before_top_bar":"","ocean_shortcode_after_top_bar":"","ocean_shortcode_before_header":"","ocean_shortcode_after_header":"","ocean_has_shortcode":"","ocean_shortcode_after_title":"","ocean_shortcode_before_footer_widgets":"","ocean_shortcode_after_footer_widgets":"","ocean_shortcode_before_footer_bottom":"","ocean_shortcode_after_footer_bottom":"","ocean_display_top_bar":"default","ocean_display_header":"default","ocean_header_style":"","ocean_center_header_left_menu":"0","ocean_custom_header_template":"0","ocean_custom_logo":0,"ocean_custom_retina_logo":0,"ocean_custom_logo_max_width":0,"ocean_custom_logo_tablet_max_width":0,"ocean_custom_logo_mobile_max_width":0,"ocean_custom_logo_max_height":0,"ocean_custom_logo_tablet_max_height":0,"ocean_custom_logo_mobile_max_height":0,"ocean_header_custom_menu":"0","ocean_menu_typo_font_family":"0","ocean_menu_typo_font_subset":"","ocean_menu_typo_font_size":0,"ocean_menu_typo_font_size_tablet":0,"ocean_menu_typo_font_size_mobile":0,"ocean_menu_typo_font_size_unit":"px","ocean_menu_typo_font_weight":"","ocean_menu_typo_font_weight_tablet":"","ocean_menu_typo_font_weight_mobile":"","ocean_menu_typo_transform":"","ocean_menu_typo_transform_tablet":"","ocean_menu_typo_transform_mobile":"","ocean_menu_typo_line_height":0,"ocean_menu_typo_line_height_tablet":0,"ocean_menu_typo_line_height_mobile":0,"ocean_menu_typo_line_height_unit":"","ocean_menu_typo_spacing":0,"ocean_menu_typo_spacing_tablet":0,"ocean_menu_typo_spacing_mobile":0,"ocean_menu_typo_spacing_unit":"","ocean_menu_link_color":"","ocean_menu_link_color_hover":"","ocean_menu_link_color_active":"","ocean_menu_link_background":"","ocean_menu_link_hover_background":"","ocean_menu_link_active_background":"","ocean_menu_social_links_bg":"","ocean_menu_social_hover_links_bg":"","ocean_menu_social_links_color":"","ocean_menu_social_hover_links_color":"","ocean_disable_title":"default","ocean_disable_heading":"default","ocean_post_title":"","ocean_post_subheading":"","ocean_post_title_style":"","ocean_post_title_background_color":"","ocean_post_title_background":0,"ocean_post_title_bg_image_position":"","ocean_post_title_bg_image_attachment":"","ocean_post_title_bg_image_repeat":"","ocean_post_title_bg_image_size":"","ocean_post_title_height":0,"ocean_post_title_bg_overlay":0.5,"ocean_post_title_bg_overlay_color":"","ocean_disable_breadcrumbs":"default","ocean_breadcrumbs_color":"","ocean_breadcrumbs_separator_color":"","ocean_breadcrumbs_links_color":"","ocean_breadcrumbs_links_hover_color":"","ocean_display_footer_widgets":"default","ocean_display_footer_bottom":"default","ocean_custom_footer_template":"0"},"product_brand":[],"product_cat":[367],"product_tag":[379,376,377,378,380],"class_list":{"0":"post-7036","1":"product","2":"type-product","3":"status-publish","4":"has-post-thumbnail","6":"product_cat-boite-a-secret","7":"product_tag-boite-en-bois-puzzle","8":"product_tag-gifts-box-fr","9":"product_tag-jouets-cadeaux","10":"product_tag-moroccan-thuya-wood-fr","11":"product_tag-secret-compartment-fr","12":"product_shipping_class-moins-de-0-5-kg","14":"entry","15":"has-media","17":"first","18":"instock","19":"shipping-taxable","20":"purchasable","21":"product-type-simple","22":"has-product-nav","23":"col","24":"span_1_of_4","25":"owp-content-center","26":"owp-thumbs-layout-horizontal","27":"owp-btn-normal","28":"owp-tabs-layout-horizontal"},"acf":[],"jetpack_sharing_enabled":true,"_links":{"self":[{"href":"https:\/\/waysouk.com\/fr\/wp-json\/wp\/v2\/product\/7036","targetHints":{"allow":["GET"]}}],"collection":[{"href":"https:\/\/waysouk.com\/fr\/wp-json\/wp\/v2\/product"}],"about":[{"href":"https:\/\/waysouk.com\/fr\/wp-json\/wp\/v2\/types\/product"}],"replies":[{"embeddable":true,"href":"https:\/\/waysouk.com\/fr\/wp-json\/wp\/v2\/comments?post=7036"}],"wp:featuredmedia":[{"embeddable":true,"href":"https:\/\/waysouk.com\/fr\/wp-json\/wp\/v2\/media\/6578"}],"wp:attachment":[{"href":"https:\/\/waysouk.com\/fr\/wp-json\/wp\/v2\/media?parent=7036"}],"wp:term":[{"taxonomy":"product_brand","embeddable":true,"href":"https:\/\/waysouk.com\/fr\/wp-json\/wp\/v2\/product_brand?post=7036"},{"taxonomy":"product_cat","embeddable":true,"href":"https:\/\/waysouk.com\/fr\/wp-json\/wp\/v2\/product_cat?post=7036"},{"taxonomy":"product_tag","embeddable":true,"href":"https:\/\/waysouk.com\/fr\/wp-json\/wp\/v2\/product_tag?post=7036"}],"curies":[{"name":"wp","href":"https:\/\/api.w.org\/{rel}","templated":true}]}}