{"id":7025,"date":"2021-10-13T17:08:49","date_gmt":"2021-10-13T17:08:49","guid":{"rendered":"https:\/\/waysouk.com\/product\/big-secret-opening-puzzle-wooden-box-with-hidden-compartment\/"},"modified":"2024-04-28T14:06:15","modified_gmt":"2024-04-28T14:06:15","slug":"boite-puzzle-en-bois-a-secret-avec-compartiment-cache","status":"publish","type":"product","link":"https:\/\/waysouk.com\/fr\/produit\/boite-puzzle-en-bois-a-secret-avec-compartiment-cache\/","title":{"rendered":"Bo\u00eete puzzle en..."},"content":{"rendered":"<p>Bo\u00eete secr\u00e8te en bois de Thuya, cadeau id\u00e9al pour toute occasion sp\u00e9ciale. Faite \u00e0 la main, cette bo\u00eete rectangulaire est fabriqu\u00e9e en bois de Thuya Burl, un bois unique qui pousse uniquement dans les montagnes de l&rsquo;Atlas au Maroc. Le Thuya, appel\u00e9 l&rsquo;arbre de vie, symbolise l&rsquo;immortalit\u00e9. Appr\u00e9ci\u00e9 pour sa belle figure et son odeur divine, ce bois offre une beaut\u00e9 incomparable en couleur, en grain et en parfum.<\/p>\n<p>DIMENSIONS :<\/p>\n<p>Hauteur : 3 pouces (7,5 cm)<br \/>\nLongueur : 7 pouces (17,5 cm)<br \/>\nLargeur : 5 pouces (13 cm)<\/p>\n<p>Dimensions internes :<br \/>\nHauteur : 2 pouces (5 cm)<br \/>\nLongueur : 6 pouces (15 cm)<br \/>\nLargeur : 4 pouces (10 cm)<\/p>\n","protected":false},"excerpt":{"rendered":"<p>Cette bo\u00eete casse-t\u00eate \u00e0 serrure magique est un puzzle difficile accompagn\u00e9 d&rsquo;une serrure secr\u00e8te qui vous fera perdre la t\u00eate en essayant de l&rsquo;ouvrir ! C&rsquo;est un article tr\u00e8s populaire pour ins\u00e9rer de petits cadeaux ou de l&rsquo;argent \u00e0 l&rsquo;int\u00e9rieur. Si vous offrez de l&rsquo;argent en cadeau, envisagez de le mettre ici plut\u00f4t que sur une carte. Regardez ensuite le plaisir quand ils essaient d&rsquo;ouvrir la bo\u00eete ! Ils finiront par oublier l&rsquo;argent, mais la bo\u00eete sera un souvenir pendant de nombreuses ann\u00e9es. Ce puzzle tr\u00e8s ing\u00e9nieux amusera tous les \u00e2ges.<\/p>\n<p>DIMENSIONS :<\/p>\n<p>Hauteur : 3 pouces (7,5 cm)<br \/>\nLongueur : 7 pouces (17,5 cm)<br \/>\nLargeur : 5 pouces (13 cm)<\/p>\n<p>Dimensions internes :<br \/>\nHauteur : 2 pouces (5 cm)<br \/>\nLongueur : 6 pouces (15 cm)<br \/>\nLargeur : 4 pouces (10 cm<\/p>\n","protected":false},"featured_media":6645,"comment_status":"open","ping_status":"closed","template":"","meta":{"_acf_changed":false,"ocean_post_layout":"","ocean_both_sidebars_style":"","ocean_both_sidebars_content_width":0,"ocean_both_sidebars_sidebars_width":0,"ocean_sidebar":"0","ocean_second_sidebar":"0","ocean_disable_margins":"enable","ocean_add_body_class":"","ocean_shortcode_before_top_bar":"","ocean_shortcode_after_top_bar":"","ocean_shortcode_before_header":"","ocean_shortcode_after_header":"","ocean_has_shortcode":"","ocean_shortcode_after_title":"","ocean_shortcode_before_footer_widgets":"","ocean_shortcode_after_footer_widgets":"","ocean_shortcode_before_footer_bottom":"","ocean_shortcode_after_footer_bottom":"","ocean_display_top_bar":"default","ocean_display_header":"default","ocean_header_style":"","ocean_center_header_left_menu":"0","ocean_custom_header_template":"0","ocean_custom_logo":0,"ocean_custom_retina_logo":0,"ocean_custom_logo_max_width":0,"ocean_custom_logo_tablet_max_width":0,"ocean_custom_logo_mobile_max_width":0,"ocean_custom_logo_max_height":0,"ocean_custom_logo_tablet_max_height":0,"ocean_custom_logo_mobile_max_height":0,"ocean_header_custom_menu":"0","ocean_menu_typo_font_family":"0","ocean_menu_typo_font_subset":"","ocean_menu_typo_font_size":0,"ocean_menu_typo_font_size_tablet":0,"ocean_menu_typo_font_size_mobile":0,"ocean_menu_typo_font_size_unit":"px","ocean_menu_typo_font_weight":"","ocean_menu_typo_font_weight_tablet":"","ocean_menu_typo_font_weight_mobile":"","ocean_menu_typo_transform":"","ocean_menu_typo_transform_tablet":"","ocean_menu_typo_transform_mobile":"","ocean_menu_typo_line_height":0,"ocean_menu_typo_line_height_tablet":0,"ocean_menu_typo_line_height_mobile":0,"ocean_menu_typo_line_height_unit":"","ocean_menu_typo_spacing":0,"ocean_menu_typo_spacing_tablet":0,"ocean_menu_typo_spacing_mobile":0,"ocean_menu_typo_spacing_unit":"","ocean_menu_link_color":"","ocean_menu_link_color_hover":"","ocean_menu_link_color_active":"","ocean_menu_link_background":"","ocean_menu_link_hover_background":"","ocean_menu_link_active_background":"","ocean_menu_social_links_bg":"","ocean_menu_social_hover_links_bg":"","ocean_menu_social_links_color":"","ocean_menu_social_hover_links_color":"","ocean_disable_title":"default","ocean_disable_heading":"default","ocean_post_title":"","ocean_post_subheading":"","ocean_post_title_style":"","ocean_post_title_background_color":"","ocean_post_title_background":0,"ocean_post_title_bg_image_position":"","ocean_post_title_bg_image_attachment":"","ocean_post_title_bg_image_repeat":"","ocean_post_title_bg_image_size":"","ocean_post_title_height":0,"ocean_post_title_bg_overlay":0.5,"ocean_post_title_bg_overlay_color":"","ocean_disable_breadcrumbs":"default","ocean_breadcrumbs_color":"","ocean_breadcrumbs_separator_color":"","ocean_breadcrumbs_links_color":"","ocean_breadcrumbs_links_hover_color":"","ocean_display_footer_widgets":"default","ocean_display_footer_bottom":"default","ocean_custom_footer_template":"0"},"product_brand":[],"product_cat":[367],"product_tag":[480,479,481],"class_list":{"0":"post-7025","1":"product","2":"type-product","3":"status-publish","4":"has-post-thumbnail","6":"product_cat-boite-a-secret","7":"product_tag-bois-a-secret","8":"product_tag-boite-puzzle-en-bois-a-secret","9":"product_tag-puzzle-en-bois","10":"product_shipping_class-pouf-1-kg-fr","12":"entry","13":"has-media","15":"first","16":"instock","17":"shipping-taxable","18":"purchasable","19":"product-type-simple","20":"has-product-nav","21":"col","22":"span_1_of_4","23":"owp-content-center","24":"owp-thumbs-layout-horizontal","25":"owp-btn-normal","26":"owp-tabs-layout-horizontal"},"acf":[],"jetpack_sharing_enabled":true,"_links":{"self":[{"href":"https:\/\/waysouk.com\/fr\/wp-json\/wp\/v2\/product\/7025","targetHints":{"allow":["GET"]}}],"collection":[{"href":"https:\/\/waysouk.com\/fr\/wp-json\/wp\/v2\/product"}],"about":[{"href":"https:\/\/waysouk.com\/fr\/wp-json\/wp\/v2\/types\/product"}],"replies":[{"embeddable":true,"href":"https:\/\/waysouk.com\/fr\/wp-json\/wp\/v2\/comments?post=7025"}],"wp:featuredmedia":[{"embeddable":true,"href":"https:\/\/waysouk.com\/fr\/wp-json\/wp\/v2\/media\/6645"}],"wp:attachment":[{"href":"https:\/\/waysouk.com\/fr\/wp-json\/wp\/v2\/media?parent=7025"}],"wp:term":[{"taxonomy":"product_brand","embeddable":true,"href":"https:\/\/waysouk.com\/fr\/wp-json\/wp\/v2\/product_brand?post=7025"},{"taxonomy":"product_cat","embeddable":true,"href":"https:\/\/waysouk.com\/fr\/wp-json\/wp\/v2\/product_cat?post=7025"},{"taxonomy":"product_tag","embeddable":true,"href":"https:\/\/waysouk.com\/fr\/wp-json\/wp\/v2\/product_tag?post=7025"}],"curies":[{"name":"wp","href":"https:\/\/api.w.org\/{rel}","templated":true}]}}