{"id":7009,"date":"2021-10-13T20:42:33","date_gmt":"2021-10-13T20:42:33","guid":{"rendered":"https:\/\/waysouk.com\/product\/ethnic-round-wall-raffia-mirror-handmade\/"},"modified":"2024-04-28T23:20:41","modified_gmt":"2024-04-28T23:20:41","slug":"miroir-rond-ethnique-mural-en-raphia-fait-main","status":"publish","type":"product","link":"https:\/\/waysouk.com\/fr\/produit\/miroir-rond-ethnique-mural-en-raphia-fait-main\/","title":{"rendered":"Miroir rond ethnique..."},"content":{"rendered":"<p>Pour un style naturel et authentique, optez pour ces miroirs orn\u00e9s de rubans de raphia formant une forme ronde.<\/p>\n<p>Miroir artisanal marocain en raphia pour la d\u00e9coration murale. Fabriqu\u00e9 \u00e0 la main par nos artisans dans la plus pure tradition marocaine, chaque exemplaire est unique. Un miroir id\u00e9al pour rendre votre d\u00e9coration int\u00e9rieure unique.<\/p>\n<p>Le raphia et le miroir sont fix\u00e9s \u00e0 une pi\u00e8ce rigide en acier, pr\u00eate \u00e0 \u00eatre suspendue o\u00f9 vous le souhaitez&#8230; Id\u00e9al pour une d\u00e9coration authentique avec un aspect africain. Les d\u00e9tails tiss\u00e9s sur le bord du miroir ajoutent une touche fantaisie et raffin\u00e9e !<\/p>\n<p>Le raphia est une fibre textile tr\u00e8s solide provenant d&rsquo;un palmier originaire de Madagascar. J&rsquo;utilise du raphia naturel peign\u00e9 \u00e0 la main, ce mat\u00e9riau apporte une touche boh\u00e8me et naturelle \u00e0 tous les types d&rsquo;int\u00e9rieurs.<\/p>\n<p>Diam\u00e8tre :<\/p>\n<p>Taille Petit :<\/p>\n<p>Miroir : 6 pouces \/ 15 cm<br \/>\nMiroir avec raphia : 15 pouces \/ 38 cm<\/p>\n<p>Taille Moyenne :<\/p>\n<p>Miroir : 8 pouces \/ 20 cm<br \/>\nMiroir avec raphia : 17 pouces \/ 42 cm<\/p>\n<p>Taille Grande :<\/p>\n<p>Miroir : 10 pouces \/ 25 cm<br \/>\nMiroir avec raphia : 19 pouces \/ 47 cm<\/p>\n","protected":false},"excerpt":{"rendered":"<p>Id\u00e9al pour une d\u00e9coration authentique avec un aspect africain. Les d\u00e9tails tiss\u00e9s sur le bord du miroir ajoutent une touche fantaisie et raffin\u00e9e !<\/p>\n<p>Le raphia et le miroir sont fix\u00e9s \u00e0 une pi\u00e8ce rigide en bois, pr\u00eate \u00e0 \u00eatre suspendue o\u00f9 vous le souhaitez.<\/p>\n<p>Mat\u00e9riel : Raphia, Miroir, Acier.<br \/>\nFabriqu\u00e9 \u00e0 la main.<\/p>\n<p>Si vous souhaitez une taille personnalis\u00e9e, contactez-nous.<\/p>\n","protected":false},"featured_media":6711,"comment_status":"open","ping_status":"closed","template":"","meta":{"_acf_changed":false,"ocean_post_layout":"","ocean_both_sidebars_style":"","ocean_both_sidebars_content_width":0,"ocean_both_sidebars_sidebars_width":0,"ocean_sidebar":"0","ocean_second_sidebar":"0","ocean_disable_margins":"enable","ocean_add_body_class":"","ocean_shortcode_before_top_bar":"","ocean_shortcode_after_top_bar":"","ocean_shortcode_before_header":"","ocean_shortcode_after_header":"","ocean_has_shortcode":"","ocean_shortcode_after_title":"","ocean_shortcode_before_footer_widgets":"","ocean_shortcode_after_footer_widgets":"","ocean_shortcode_before_footer_bottom":"","ocean_shortcode_after_footer_bottom":"","ocean_display_top_bar":"default","ocean_display_header":"default","ocean_header_style":"","ocean_center_header_left_menu":"0","ocean_custom_header_template":"0","ocean_custom_logo":0,"ocean_custom_retina_logo":0,"ocean_custom_logo_max_width":0,"ocean_custom_logo_tablet_max_width":0,"ocean_custom_logo_mobile_max_width":0,"ocean_custom_logo_max_height":0,"ocean_custom_logo_tablet_max_height":0,"ocean_custom_logo_mobile_max_height":0,"ocean_header_custom_menu":"0","ocean_menu_typo_font_family":"0","ocean_menu_typo_font_subset":"","ocean_menu_typo_font_size":0,"ocean_menu_typo_font_size_tablet":0,"ocean_menu_typo_font_size_mobile":0,"ocean_menu_typo_font_size_unit":"px","ocean_menu_typo_font_weight":"","ocean_menu_typo_font_weight_tablet":"","ocean_menu_typo_font_weight_mobile":"","ocean_menu_typo_transform":"","ocean_menu_typo_transform_tablet":"","ocean_menu_typo_transform_mobile":"","ocean_menu_typo_line_height":0,"ocean_menu_typo_line_height_tablet":0,"ocean_menu_typo_line_height_mobile":0,"ocean_menu_typo_line_height_unit":"","ocean_menu_typo_spacing":0,"ocean_menu_typo_spacing_tablet":0,"ocean_menu_typo_spacing_mobile":0,"ocean_menu_typo_spacing_unit":"","ocean_menu_link_color":"","ocean_menu_link_color_hover":"","ocean_menu_link_color_active":"","ocean_menu_link_background":"","ocean_menu_link_hover_background":"","ocean_menu_link_active_background":"","ocean_menu_social_links_bg":"","ocean_menu_social_hover_links_bg":"","ocean_menu_social_links_color":"","ocean_menu_social_hover_links_color":"","ocean_disable_title":"default","ocean_disable_heading":"default","ocean_post_title":"","ocean_post_subheading":"","ocean_post_title_style":"","ocean_post_title_background_color":"","ocean_post_title_background":0,"ocean_post_title_bg_image_position":"","ocean_post_title_bg_image_attachment":"","ocean_post_title_bg_image_repeat":"","ocean_post_title_bg_image_size":"","ocean_post_title_height":0,"ocean_post_title_bg_overlay":0.5,"ocean_post_title_bg_overlay_color":"","ocean_disable_breadcrumbs":"default","ocean_breadcrumbs_color":"","ocean_breadcrumbs_separator_color":"","ocean_breadcrumbs_links_color":"","ocean_breadcrumbs_links_hover_color":"","ocean_display_footer_widgets":"default","ocean_display_footer_bottom":"default","ocean_custom_footer_template":"0"},"product_brand":[],"product_cat":[352,351],"product_tag":[353,354,355,356,357,358,359,360,361],"class_list":{"0":"post-7009","1":"product","2":"type-product","3":"status-publish","4":"has-post-thumbnail","6":"product_cat-miroir-mural","7":"product_cat-miroirs","8":"product_tag-appartement-decor","9":"product_tag-decor-interieur","10":"product_tag-miroir-ethnique","11":"product_tag-raffia-mirror-fr","12":"product_tag-raphia-mirror-fr","13":"product_tag-round-mirror-fr","14":"product_tag-sun-mirror-fr","15":"product_tag-wall-decor-fr","16":"product_tag-wall-mirror-fr","17":"product_shipping_class-weight-2-kg-fr","19":"entry","20":"has-media","22":"first","23":"instock","24":"shipping-taxable","25":"purchasable","26":"product-type-variable","27":"has-default-attributes","28":"has-product-nav","29":"col","30":"span_1_of_4","31":"owp-content-center","32":"owp-thumbs-layout-horizontal","33":"owp-btn-normal","34":"owp-tabs-layout-horizontal"},"acf":[],"jetpack_sharing_enabled":true,"_links":{"self":[{"href":"https:\/\/waysouk.com\/fr\/wp-json\/wp\/v2\/product\/7009","targetHints":{"allow":["GET"]}}],"collection":[{"href":"https:\/\/waysouk.com\/fr\/wp-json\/wp\/v2\/product"}],"about":[{"href":"https:\/\/waysouk.com\/fr\/wp-json\/wp\/v2\/types\/product"}],"replies":[{"embeddable":true,"href":"https:\/\/waysouk.com\/fr\/wp-json\/wp\/v2\/comments?post=7009"}],"wp:featuredmedia":[{"embeddable":true,"href":"https:\/\/waysouk.com\/fr\/wp-json\/wp\/v2\/media\/6711"}],"wp:attachment":[{"href":"https:\/\/waysouk.com\/fr\/wp-json\/wp\/v2\/media?parent=7009"}],"wp:term":[{"taxonomy":"product_brand","embeddable":true,"href":"https:\/\/waysouk.com\/fr\/wp-json\/wp\/v2\/product_brand?post=7009"},{"taxonomy":"product_cat","embeddable":true,"href":"https:\/\/waysouk.com\/fr\/wp-json\/wp\/v2\/product_cat?post=7009"},{"taxonomy":"product_tag","embeddable":true,"href":"https:\/\/waysouk.com\/fr\/wp-json\/wp\/v2\/product_tag?post=7009"}],"curies":[{"name":"wp","href":"https:\/\/api.w.org\/{rel}","templated":true}]}}