{"id":6991,"date":"2022-09-26T10:57:42","date_gmt":"2022-09-26T10:57:42","guid":{"rendered":"https:\/\/waysouk.com\/product\/customize-handmade-wicker-storage-trunk-palm-leaf-chest-and-storage-basket\/"},"modified":"2024-04-28T13:48:15","modified_gmt":"2024-04-28T13:48:15","slug":"personnalisez-votre-coffrcoffre-et-panier-de-rangement-en-feuille-de-palmier-faits-main","status":"publish","type":"product","link":"https:\/\/waysouk.com\/fr\/produit\/personnalisez-votre-coffrcoffre-et-panier-de-rangement-en-feuille-de-palmier-faits-main\/","title":{"rendered":"Personnalisez votre coffre..."},"content":{"rendered":"<p>Ce coffre en osier tress\u00e9 naturel est fabriqu\u00e9 \u00e0 la main au Maroc et constitue un ajout polyvalent \u00e0 tout espace, du salon \u00e0 la salle de jeux. Sa grande capacit\u00e9 offre la solution parfaite pour dissimuler des jouets, des chaussures ou du linge r\u00e9pugnant, en plus d&rsquo;\u00eatre une surface agr\u00e9able au bout d&rsquo;un lit ou comme table basse informelle. Le meilleur de tout, ce coffre polyvalent se plie \u00e0 plat pour le rangement et est facile \u00e0 assembler, il peut donc \u00eatre gliss\u00e9 sous un lit lorsqu&rsquo;il n&rsquo;est pas utilis\u00e9.<\/p>\n<table>\n<tbody>\n<tr>\n<th><span style=\"color: #993300;\"><strong>Taille<\/strong><\/span><\/th>\n<th><span style=\"color: #993300;\"><strong>Dimensions en pouces<\/strong><\/span><\/th>\n<th><span style=\"color: #993300;\"><strong>Dimensions en centim\u00e8tres<\/strong><\/span><\/th>\n<\/tr>\n<tr>\n<td><span style=\"color: #993300;\"><strong>Petit<\/strong><\/span><\/td>\n<td><strong>Largeur<\/strong> = 13,7&Prime; \/ <strong>Hauteur<\/strong> = 11,8&Prime; \/ <strong>Profondeur<\/strong> = 11,8&Prime;<\/td>\n<td><strong>Largeur<\/strong> = 35 cm \/ <strong>Hauteur<\/strong> = 30 cm \/ <strong>Profondeur<\/strong> = 30 cm<\/td>\n<\/tr>\n<tr>\n<td><span style=\"color: #993300;\"><strong>Moyen<\/strong><\/span><\/td>\n<td><strong>Largeur<\/strong> = 19,7&Prime; \/ <strong>Hauteur<\/strong> = 11,8&Prime; \/ <strong>Profondeur<\/strong> = 11,8&Prime;<\/td>\n<td><strong>Largeur<\/strong> = 50 cm \/ <strong>Hauteur<\/strong> = 30 cm \/ <strong>Profondeur<\/strong> = 30 cm<\/td>\n<\/tr>\n<tr>\n<td><span style=\"color: #993300;\"><strong>Grand<\/strong><\/span><\/td>\n<td><strong>Largeur<\/strong> = 23,6&Prime; \/ <strong>Hauteur<\/strong> = 11,8&Prime; \/ <strong>Profondeur<\/strong> = 11,8&Prime;<\/td>\n<td><strong>Largeur<\/strong> = 60 cm \/ <strong>Hauteur<\/strong> = 30 cm \/ <strong>Profondeur<\/strong> = 30 cm<\/td>\n<\/tr>\n<tr>\n<td><span style=\"color: #993300;\"><strong>Tr\u00e8s Grand:<\/strong><\/span><\/td>\n<td><strong>Largeur<\/strong> = 31,5&Prime; \/ <strong>Hauteur<\/strong> = 15,7&Prime; \/ <strong>Profondeur<\/strong> = 15,7&Prime;<\/td>\n<td><strong>Largeur<\/strong> = 80 cm \/ <strong>Hauteur<\/strong> = 40 cm \/ <strong>Profondeur<\/strong> = 40 cm<\/td>\n<\/tr>\n<\/tbody>\n<\/table>\n<p>&nbsp;<\/p>\n<p><b>Comme pour tous les articles faits \u00e0 la main, des variations peuvent survenir.<\/b><\/p>\n<p><strong>MAT\u00c9RIEL<\/strong><\/p>\n<p>&#8211; Feuille de palmier dattier et cuir<\/p>\n<h3>Entretien :<\/h3>\n<p>Laver \u00e0 la main avec de l&rsquo;eau dilu\u00e9e avec une petite quantit\u00e9 de vinaigre. S\u00e9cher au soleil soigneusement pour \u00e9viter la moisissure. Peut \u00eatre remodel\u00e9 lorsqu&rsquo;il est mouill\u00e9.<\/p>\n","protected":false},"excerpt":{"rendered":"<p>Le coffre de rangement en feuilles de palmier est l&rsquo;objet d\u00e9coratif id\u00e9al pour votre int\u00e9rieur. En plus d&rsquo;apporter une touche naturelle, il est pratique et original pour ranger des plaids, du linge ou des jouets pour enfants.<\/p>\n<p>MAT\u00c9RIEL : Feuille de palmier dattier et osier<\/p>\n","protected":false},"featured_media":6724,"comment_status":"open","ping_status":"closed","template":"","meta":{"_acf_changed":false,"ocean_post_layout":"","ocean_both_sidebars_style":"","ocean_both_sidebars_content_width":0,"ocean_both_sidebars_sidebars_width":0,"ocean_sidebar":"0","ocean_second_sidebar":"0","ocean_disable_margins":"enable","ocean_add_body_class":"","ocean_shortcode_before_top_bar":"","ocean_shortcode_after_top_bar":"","ocean_shortcode_before_header":"","ocean_shortcode_after_header":"","ocean_has_shortcode":"","ocean_shortcode_after_title":"","ocean_shortcode_before_footer_widgets":"","ocean_shortcode_after_footer_widgets":"","ocean_shortcode_before_footer_bottom":"","ocean_shortcode_after_footer_bottom":"","ocean_display_top_bar":"default","ocean_display_header":"default","ocean_header_style":"","ocean_center_header_left_menu":"0","ocean_custom_header_template":"0","ocean_custom_logo":0,"ocean_custom_retina_logo":0,"ocean_custom_logo_max_width":0,"ocean_custom_logo_tablet_max_width":0,"ocean_custom_logo_mobile_max_width":0,"ocean_custom_logo_max_height":0,"ocean_custom_logo_tablet_max_height":0,"ocean_custom_logo_mobile_max_height":0,"ocean_header_custom_menu":"0","ocean_menu_typo_font_family":"0","ocean_menu_typo_font_subset":"","ocean_menu_typo_font_size":0,"ocean_menu_typo_font_size_tablet":0,"ocean_menu_typo_font_size_mobile":0,"ocean_menu_typo_font_size_unit":"px","ocean_menu_typo_font_weight":"","ocean_menu_typo_font_weight_tablet":"","ocean_menu_typo_font_weight_mobile":"","ocean_menu_typo_transform":"","ocean_menu_typo_transform_tablet":"","ocean_menu_typo_transform_mobile":"","ocean_menu_typo_line_height":0,"ocean_menu_typo_line_height_tablet":0,"ocean_menu_typo_line_height_mobile":0,"ocean_menu_typo_line_height_unit":"","ocean_menu_typo_spacing":0,"ocean_menu_typo_spacing_tablet":0,"ocean_menu_typo_spacing_mobile":0,"ocean_menu_typo_spacing_unit":"","ocean_menu_link_color":"","ocean_menu_link_color_hover":"","ocean_menu_link_color_active":"","ocean_menu_link_background":"","ocean_menu_link_hover_background":"","ocean_menu_link_active_background":"","ocean_menu_social_links_bg":"","ocean_menu_social_hover_links_bg":"","ocean_menu_social_links_color":"","ocean_menu_social_hover_links_color":"","ocean_disable_title":"default","ocean_disable_heading":"default","ocean_post_title":"","ocean_post_subheading":"","ocean_post_title_style":"","ocean_post_title_background_color":"","ocean_post_title_background":0,"ocean_post_title_bg_image_position":"","ocean_post_title_bg_image_attachment":"","ocean_post_title_bg_image_repeat":"","ocean_post_title_bg_image_size":"","ocean_post_title_height":0,"ocean_post_title_bg_overlay":0.5,"ocean_post_title_bg_overlay_color":"","ocean_disable_breadcrumbs":"default","ocean_breadcrumbs_color":"","ocean_breadcrumbs_separator_color":"","ocean_breadcrumbs_links_color":"","ocean_breadcrumbs_links_hover_color":"","ocean_display_footer_widgets":"default","ocean_display_footer_bottom":"default","ocean_custom_footer_template":"0"},"product_brand":[],"product_cat":[327],"product_tag":[330,329,328,331,332],"class_list":{"0":"post-6991","1":"product","2":"type-product","3":"status-publish","4":"has-post-thumbnail","6":"product_cat-paniers-en-paille","7":"product_tag-leather-handbags-fr","8":"product_tag-petit-sac-crossover","9":"product_tag-sac-en-bandouliere","10":"product_tag-straw-fr","11":"product_tag-straw-basket-fr","12":"product_shipping_class-pouf-1-kg-fr","14":"entry","15":"has-media","16":"wcpa_has_options","18":"first","19":"instock","20":"shipping-taxable","21":"purchasable","22":"product-type-variable","23":"has-product-nav","24":"col","25":"span_1_of_4","26":"owp-content-center","27":"owp-thumbs-layout-horizontal","28":"owp-btn-normal","29":"owp-tabs-layout-horizontal"},"acf":[],"jetpack_sharing_enabled":true,"_links":{"self":[{"href":"https:\/\/waysouk.com\/fr\/wp-json\/wp\/v2\/product\/6991","targetHints":{"allow":["GET"]}}],"collection":[{"href":"https:\/\/waysouk.com\/fr\/wp-json\/wp\/v2\/product"}],"about":[{"href":"https:\/\/waysouk.com\/fr\/wp-json\/wp\/v2\/types\/product"}],"replies":[{"embeddable":true,"href":"https:\/\/waysouk.com\/fr\/wp-json\/wp\/v2\/comments?post=6991"}],"wp:featuredmedia":[{"embeddable":true,"href":"https:\/\/waysouk.com\/fr\/wp-json\/wp\/v2\/media\/6724"}],"wp:attachment":[{"href":"https:\/\/waysouk.com\/fr\/wp-json\/wp\/v2\/media?parent=6991"}],"wp:term":[{"taxonomy":"product_brand","embeddable":true,"href":"https:\/\/waysouk.com\/fr\/wp-json\/wp\/v2\/product_brand?post=6991"},{"taxonomy":"product_cat","embeddable":true,"href":"https:\/\/waysouk.com\/fr\/wp-json\/wp\/v2\/product_cat?post=6991"},{"taxonomy":"product_tag","embeddable":true,"href":"https:\/\/waysouk.com\/fr\/wp-json\/wp\/v2\/product_tag?post=6991"}],"curies":[{"name":"wp","href":"https:\/\/api.w.org\/{rel}","templated":true}]}}