{"id":6893,"date":"2021-09-29T14:26:39","date_gmt":"2021-09-29T14:26:39","guid":{"rendered":"https:\/\/waysouk.com\/product\/handmade-inlaid-cross-hatch-thuya-wood-box\/"},"modified":"2024-04-28T10:03:06","modified_gmt":"2024-04-28T10:03:06","slug":"boite-en-bois-de-thuya-incrustee-a-motifs-croises-faite-a-la-main","status":"publish","type":"product","link":"https:\/\/waysouk.com\/fr\/produit\/boite-en-bois-de-thuya-incrustee-a-motifs-croises-faite-a-la-main\/","title":{"rendered":"Bo\u00eete en bois..."},"content":{"rendered":"<p>Le Thuya, arbre exotique originaire des montagnes du Moyen Atlas, est utilis\u00e9 depuis des si\u00e8cles par les artisans marocains du bois. Les \u00ab\u00a0burl\u00a0\u00bb en bois de thuya, les excroissances noueuses du tronc ou des branches, produisent des grains de bois magnifiques et int\u00e9ressants qui rendent chaque pi\u00e8ce vraiment unique. L&rsquo;ar\u00f4me merveilleux semblable \u00e0 celui du c\u00e8dre du bois de thuya dure des ann\u00e9es. Cette pi\u00e8ce a \u00e9t\u00e9 fabriqu\u00e9e \u00e0 la main par Khalil El Bari dans la ville c\u00f4ti\u00e8re d&rsquo;Essaouira. Proche de la source de bois de thuya, Essaouira est r\u00e9put\u00e9e pour ses talentueux menuisiers.<\/p>\n<p>\ud835\udddc\ud835\ude01\u2019\ud835\ude00 \ud835\uddfb\ud835\uddee\ud835\ude01\ud835\ude02\ud835\uddff\ud835\uddee\ud835\uddf9.<br \/>\nLa burl en bois de Thuya est simplement du bois. Elle n&rsquo;est pas fabriqu\u00e9e \u00e0 partir de MDF ou de panneaux de particules ou de mat\u00e9riaux \u00ab\u00a0myst\u00e9rieux\u00a0\u00bb. Lorsque vous achetez une pi\u00e8ce en bois de thuya, vous savez exactement ce que vous obtenez.<\/p>\n<p>\ud835\udddc\ud835\ude01\u2019\ud835\ude00 \ud835\uddf1\ud835\ude02\ud835\uddff\ud835\uddee\ud835\uddef\ud835\uddf9\ud835\uddf2.<br \/>\nLe bois massif est plus durable que les placages. Selon le savoir-faire de la pi\u00e8ce, les meubles en bois de thuya peuvent durer des g\u00e9n\u00e9rations.<\/p>\n<p>\ud835\udddc\ud835\ude01\u2019\ud835\ude00 \ud835\ude02\ud835\uddfb\ud835\uddf6\ud835\uddfe\ud835\ude02\ud835\uddf2.<br \/>\nUne pi\u00e8ce en bois de Thuya aura un aspect diff\u00e9rent d&rsquo;une autre, gr\u00e2ce au fait que dans la nature, aucun motif de grain n&rsquo;est identique. Les tourbillons, les cercles, les lignes et les taches apparaissent sous toutes formes et tailles ; par cons\u00e9quent, choisir une bo\u00eete en bois de Thuya ajoutera une saveur unique \u00e0 votre d\u00e9coration int\u00e9rieure.<\/p>\n<p>Taille :<\/p>\n<p>Hauteur : 6 cm (2,5 pouces)<br \/>\nLongueur : 20 cm (8 pouces)<br \/>\nLargeur : 12 cm (4,7 pouces)<\/p>\n","protected":false},"excerpt":{"rendered":"<p>Un cadeau original pour lui ou pour elle, cette bo\u00eete en bois de thuya marocaine faite \u00e0 la main est un accessoire de bureau, une bo\u00eete \u00e0 bijoux, un porte-monnaie et plus encore. Elle pr\u00e9sente des incrustations de bois d&rsquo;\u00e9b\u00e8ne teint\u00e9, naturel et de burl, ainsi qu&rsquo;un agr\u00e9able parfum semblable \u00e0 celui du c\u00e8dre.<\/p>\n<p>TAILLE :<\/p>\n<p>Hauteur : 6 cm (2,5 pouces)<br \/>\nLongueur : 20 cm (8 pouces)<br \/>\nLargeur : 12 cm (4,7 pouces)<\/p>\n","protected":false},"featured_media":6534,"comment_status":"open","ping_status":"closed","template":"","meta":{"_acf_changed":false,"ocean_post_layout":"","ocean_both_sidebars_style":"","ocean_both_sidebars_content_width":0,"ocean_both_sidebars_sidebars_width":0,"ocean_sidebar":"0","ocean_second_sidebar":"0","ocean_disable_margins":"enable","ocean_add_body_class":"","ocean_shortcode_before_top_bar":"","ocean_shortcode_after_top_bar":"","ocean_shortcode_before_header":"","ocean_shortcode_after_header":"","ocean_has_shortcode":"","ocean_shortcode_after_title":"","ocean_shortcode_before_footer_widgets":"","ocean_shortcode_after_footer_widgets":"","ocean_shortcode_before_footer_bottom":"","ocean_shortcode_after_footer_bottom":"","ocean_display_top_bar":"default","ocean_display_header":"default","ocean_header_style":"","ocean_center_header_left_menu":"0","ocean_custom_header_template":"0","ocean_custom_logo":0,"ocean_custom_retina_logo":0,"ocean_custom_logo_max_width":0,"ocean_custom_logo_tablet_max_width":0,"ocean_custom_logo_mobile_max_width":0,"ocean_custom_logo_max_height":0,"ocean_custom_logo_tablet_max_height":0,"ocean_custom_logo_mobile_max_height":0,"ocean_header_custom_menu":"0","ocean_menu_typo_font_family":"0","ocean_menu_typo_font_subset":"","ocean_menu_typo_font_size":0,"ocean_menu_typo_font_size_tablet":0,"ocean_menu_typo_font_size_mobile":0,"ocean_menu_typo_font_size_unit":"px","ocean_menu_typo_font_weight":"","ocean_menu_typo_font_weight_tablet":"","ocean_menu_typo_font_weight_mobile":"","ocean_menu_typo_transform":"","ocean_menu_typo_transform_tablet":"","ocean_menu_typo_transform_mobile":"","ocean_menu_typo_line_height":0,"ocean_menu_typo_line_height_tablet":0,"ocean_menu_typo_line_height_mobile":0,"ocean_menu_typo_line_height_unit":"","ocean_menu_typo_spacing":0,"ocean_menu_typo_spacing_tablet":0,"ocean_menu_typo_spacing_mobile":0,"ocean_menu_typo_spacing_unit":"","ocean_menu_link_color":"","ocean_menu_link_color_hover":"","ocean_menu_link_color_active":"","ocean_menu_link_background":"","ocean_menu_link_hover_background":"","ocean_menu_link_active_background":"","ocean_menu_social_links_bg":"","ocean_menu_social_hover_links_bg":"","ocean_menu_social_links_color":"","ocean_menu_social_hover_links_color":"","ocean_disable_title":"default","ocean_disable_heading":"default","ocean_post_title":"","ocean_post_subheading":"","ocean_post_title_style":"","ocean_post_title_background_color":"","ocean_post_title_background":0,"ocean_post_title_bg_image_position":"","ocean_post_title_bg_image_attachment":"","ocean_post_title_bg_image_repeat":"","ocean_post_title_bg_image_size":"","ocean_post_title_height":0,"ocean_post_title_bg_overlay":0.5,"ocean_post_title_bg_overlay_color":"","ocean_disable_breadcrumbs":"default","ocean_breadcrumbs_color":"","ocean_breadcrumbs_separator_color":"","ocean_breadcrumbs_links_color":"","ocean_breadcrumbs_links_hover_color":"","ocean_display_footer_widgets":"default","ocean_display_footer_bottom":"default","ocean_custom_footer_template":"0"},"product_brand":[],"product_cat":[296],"product_tag":[],"class_list":{"0":"post-6893","1":"product","2":"type-product","3":"status-publish","4":"has-post-thumbnail","6":"product_cat-thuya-bois","8":"entry","9":"has-media","11":"first","12":"instock","13":"shipping-taxable","14":"purchasable","15":"product-type-simple","16":"has-product-nav","17":"col","18":"span_1_of_4","19":"owp-content-center","20":"owp-thumbs-layout-horizontal","21":"owp-btn-normal","22":"owp-tabs-layout-horizontal"},"acf":[],"jetpack_sharing_enabled":true,"_links":{"self":[{"href":"https:\/\/waysouk.com\/fr\/wp-json\/wp\/v2\/product\/6893","targetHints":{"allow":["GET"]}}],"collection":[{"href":"https:\/\/waysouk.com\/fr\/wp-json\/wp\/v2\/product"}],"about":[{"href":"https:\/\/waysouk.com\/fr\/wp-json\/wp\/v2\/types\/product"}],"replies":[{"embeddable":true,"href":"https:\/\/waysouk.com\/fr\/wp-json\/wp\/v2\/comments?post=6893"}],"wp:featuredmedia":[{"embeddable":true,"href":"https:\/\/waysouk.com\/fr\/wp-json\/wp\/v2\/media\/6534"}],"wp:attachment":[{"href":"https:\/\/waysouk.com\/fr\/wp-json\/wp\/v2\/media?parent=6893"}],"wp:term":[{"taxonomy":"product_brand","embeddable":true,"href":"https:\/\/waysouk.com\/fr\/wp-json\/wp\/v2\/product_brand?post=6893"},{"taxonomy":"product_cat","embeddable":true,"href":"https:\/\/waysouk.com\/fr\/wp-json\/wp\/v2\/product_cat?post=6893"},{"taxonomy":"product_tag","embeddable":true,"href":"https:\/\/waysouk.com\/fr\/wp-json\/wp\/v2\/product_tag?post=6893"}],"curies":[{"name":"wp","href":"https:\/\/api.w.org\/{rel}","templated":true}]}}