{"id":6883,"date":"2021-09-29T08:04:38","date_gmt":"2021-09-29T08:04:38","guid":{"rendered":"https:\/\/waysouk.com\/product\/handmade-thuya-burl-wooden-chess-game-board-and-backgammon-set-from-morocoo\/"},"modified":"2025-11-07T17:15:12","modified_gmt":"2025-11-07T17:15:12","slug":"jeu-dechecs-en-bois-de-thuya-fait-main","status":"publish","type":"product","link":"https:\/\/waysouk.com\/fr\/produit\/jeu-dechecs-en-bois-de-thuya-fait-main\/","title":{"rendered":"Jeu d&rsquo;\u00e9checs en..."},"content":{"rendered":"<p>CADEAU PARFAIT &#8211; Favorisez les relations entre enfants et amis ou parents en partageant des jeux de soci\u00e9t\u00e9, adapt\u00e9s \u00e0 une utilisation en int\u00e9rieur et en ext\u00e9rieur, largement utilis\u00e9s dans les \u00e9coles, les familles, le camping et les voyages, le jeu de soci\u00e9t\u00e9 le plus populaire.<\/p>\n<p>Ce qui rend ce jeu d&rsquo;\u00e9checs unique, c&rsquo;est qu&rsquo;il est fabriqu\u00e9 en bois de Thuya marocain. La burl du bois, cachant une beaut\u00e9 \u00e9blouissante de couleur, de grain et d&rsquo;odeur. L&rsquo;arbre de Thuya est l&rsquo;un des rares qui peut repousser apr\u00e8s avoir \u00e9t\u00e9 abattu jusqu&rsquo;au tronc, assurant ainsi la durabilit\u00e9 et soutenu par un programme de replantation vigoureux.<\/p>\n<p>\ud835\udddc\ud835\uddf9 \ud835\uddf2\ud835\ude00\ud835\ude01 \ud835\uddfb\ud835\uddee\ud835\ude01\ud835\ude02\ud835\uddff\ud835\uddf2\ud835\uddf9.<br \/>\nLa burl en bois de Thuya est juste du bois. Il n&rsquo;est pas fait de MDF ou de panneau de particules ou de mat\u00e9riaux \u00ab myst\u00e9rieux \u00bb. Lorsque vous achetez une pi\u00e8ce en bois de Thuya, vous savez exactement ce que vous obtenez.<\/p>\n<p>\ud835\udddc\ud835\uddf9 \ud835\uddf2\ud835\ude00\ud835\ude01 \ud835\uddf1\ud835\ude02\ud835\uddff\ud835\uddee\ud835\uddef\ud835\uddf9\ud835\uddf2.<br \/>\nLe bois massif est plus durable que les placages. Selon le savoir-faire de la pi\u00e8ce, les meubles en bois de Thuya peuvent durer des g\u00e9n\u00e9rations.<\/p>\n<p>\ud835\udddc\ud835\uddf9 \ud835\uddf2\ud835\ude00\ud835\ude01 \ud835\ude02\ud835\uddfb\ud835\uddf6\ud835\uddfe\ud835\ude02\ud835\uddf2.<br \/>\nUne pi\u00e8ce en bois de Thuya aura un aspect diff\u00e9rent d&rsquo;une autre, gr\u00e2ce au fait que dans la nature, aucun motif de grain n&rsquo;est identique. Les tourbillons, les cercles, les lignes et les taches apparaissent sous toutes formes et tailles ; par cons\u00e9quent, choisir un jeu d&rsquo;\u00e9checs en bois de Thuya ajoutera une saveur unique \u00e0 votre d\u00e9coration int\u00e9rieure.<\/p>\n<p>Tailles :<\/p>\n<p>Petit : 16 x 16 x 6 cm \/ 6 x 6 x 2 pouces<br \/>\nMoyen : 18 x 18 x 6 cm \/ 7 x 7 x 2 pouces<br \/>\nGrand : 21 x 21 x 7 cm \/ 8 x 8 x 3 pouces<\/p>\n","protected":false},"excerpt":{"rendered":"<p>Choisissez ci-dessous parmi une vari\u00e9t\u00e9 de jeux d&rsquo;\u00e9checs pour r\u00e9pondre \u00e0 vos besoins, que ce soit pour un cadeau de vacances pour un petit-enfant ou pour votre propre plaisir \u00e0 la maison. Nous avons des jeux d&rsquo;\u00e9checs pour toutes les occasions. Notre jeu de voyage est id\u00e9al si vous aimez jouer dans les caf\u00e9s ou en d\u00e9placement, tandis que notre ensemble plus grand de 12&Prime; est adapt\u00e9 pour jouer \u00e0 la maison et divertir les invit\u00e9s.<\/p>\n<p>TAILLES<\/p>\n<p>Petit : 16 x 16 x 6 cm \/ 6 x 6 x 2 pouces<br \/>\nMoyen : 18 x 18 x 6 cm \/ 7 x 7 x 2 pouces<br \/>\nGrand : 21 x 21 x 7 cm \/ 8 x 8 x 3 pouces<\/p>\n","protected":false},"featured_media":6537,"comment_status":"open","ping_status":"closed","template":"","meta":{"_acf_changed":false,"ocean_post_layout":"","ocean_both_sidebars_style":"","ocean_both_sidebars_content_width":0,"ocean_both_sidebars_sidebars_width":0,"ocean_sidebar":"0","ocean_second_sidebar":"0","ocean_disable_margins":"enable","ocean_add_body_class":"","ocean_shortcode_before_top_bar":"","ocean_shortcode_after_top_bar":"","ocean_shortcode_before_header":"","ocean_shortcode_after_header":"","ocean_has_shortcode":"","ocean_shortcode_after_title":"","ocean_shortcode_before_footer_widgets":"","ocean_shortcode_after_footer_widgets":"","ocean_shortcode_before_footer_bottom":"","ocean_shortcode_after_footer_bottom":"","ocean_display_top_bar":"default","ocean_display_header":"default","ocean_header_style":"","ocean_center_header_left_menu":"0","ocean_custom_header_template":"0","ocean_custom_logo":0,"ocean_custom_retina_logo":0,"ocean_custom_logo_max_width":0,"ocean_custom_logo_tablet_max_width":0,"ocean_custom_logo_mobile_max_width":0,"ocean_custom_logo_max_height":0,"ocean_custom_logo_tablet_max_height":0,"ocean_custom_logo_mobile_max_height":0,"ocean_header_custom_menu":"0","ocean_menu_typo_font_family":"0","ocean_menu_typo_font_subset":"","ocean_menu_typo_font_size":0,"ocean_menu_typo_font_size_tablet":0,"ocean_menu_typo_font_size_mobile":0,"ocean_menu_typo_font_size_unit":"px","ocean_menu_typo_font_weight":"","ocean_menu_typo_font_weight_tablet":"","ocean_menu_typo_font_weight_mobile":"","ocean_menu_typo_transform":"","ocean_menu_typo_transform_tablet":"","ocean_menu_typo_transform_mobile":"","ocean_menu_typo_line_height":0,"ocean_menu_typo_line_height_tablet":0,"ocean_menu_typo_line_height_mobile":0,"ocean_menu_typo_line_height_unit":"","ocean_menu_typo_spacing":0,"ocean_menu_typo_spacing_tablet":0,"ocean_menu_typo_spacing_mobile":0,"ocean_menu_typo_spacing_unit":"","ocean_menu_link_color":"","ocean_menu_link_color_hover":"","ocean_menu_link_color_active":"","ocean_menu_link_background":"","ocean_menu_link_hover_background":"","ocean_menu_link_active_background":"","ocean_menu_social_links_bg":"","ocean_menu_social_hover_links_bg":"","ocean_menu_social_links_color":"","ocean_menu_social_hover_links_color":"","ocean_disable_title":"default","ocean_disable_heading":"default","ocean_post_title":"","ocean_post_subheading":"","ocean_post_title_style":"","ocean_post_title_background_color":"","ocean_post_title_background":0,"ocean_post_title_bg_image_position":"","ocean_post_title_bg_image_attachment":"","ocean_post_title_bg_image_repeat":"","ocean_post_title_bg_image_size":"","ocean_post_title_height":0,"ocean_post_title_bg_overlay":0.5,"ocean_post_title_bg_overlay_color":"","ocean_disable_breadcrumbs":"default","ocean_breadcrumbs_color":"","ocean_breadcrumbs_separator_color":"","ocean_breadcrumbs_links_color":"","ocean_breadcrumbs_links_hover_color":"","ocean_display_footer_widgets":"default","ocean_display_footer_bottom":"default","ocean_custom_footer_template":"0"},"product_brand":[],"product_cat":[296],"product_tag":[300,302,301],"class_list":{"0":"post-6883","1":"product","2":"type-product","3":"status-publish","4":"has-post-thumbnail","6":"product_cat-thuya-bois","7":"product_tag-backgammon","8":"product_tag-jeu-dechecs","9":"product_tag-jeu-dechecs-en-bois-de-thuya","11":"entry","12":"has-media","14":"first","15":"instock","16":"shipping-taxable","17":"purchasable","18":"product-type-variable","19":"has-product-nav","20":"col","21":"span_1_of_4","22":"owp-content-center","23":"owp-thumbs-layout-horizontal","24":"owp-btn-normal","25":"owp-tabs-layout-horizontal"},"acf":[],"jetpack_sharing_enabled":true,"_links":{"self":[{"href":"https:\/\/waysouk.com\/fr\/wp-json\/wp\/v2\/product\/6883","targetHints":{"allow":["GET"]}}],"collection":[{"href":"https:\/\/waysouk.com\/fr\/wp-json\/wp\/v2\/product"}],"about":[{"href":"https:\/\/waysouk.com\/fr\/wp-json\/wp\/v2\/types\/product"}],"replies":[{"embeddable":true,"href":"https:\/\/waysouk.com\/fr\/wp-json\/wp\/v2\/comments?post=6883"}],"wp:featuredmedia":[{"embeddable":true,"href":"https:\/\/waysouk.com\/fr\/wp-json\/wp\/v2\/media\/6537"}],"wp:attachment":[{"href":"https:\/\/waysouk.com\/fr\/wp-json\/wp\/v2\/media?parent=6883"}],"wp:term":[{"taxonomy":"product_brand","embeddable":true,"href":"https:\/\/waysouk.com\/fr\/wp-json\/wp\/v2\/product_brand?post=6883"},{"taxonomy":"product_cat","embeddable":true,"href":"https:\/\/waysouk.com\/fr\/wp-json\/wp\/v2\/product_cat?post=6883"},{"taxonomy":"product_tag","embeddable":true,"href":"https:\/\/waysouk.com\/fr\/wp-json\/wp\/v2\/product_tag?post=6883"}],"curies":[{"name":"wp","href":"https:\/\/api.w.org\/{rel}","templated":true}]}}