{"id":6811,"date":"2023-12-20T14:34:18","date_gmt":"2023-12-20T14:34:18","guid":{"rendered":"https:\/\/waysouk.com\/product\/leather-strap-bench-brown-leather\/"},"modified":"2024-04-28T08:24:10","modified_gmt":"2024-04-28T08:24:10","slug":"banc-en-cuir-tisse-banc-de-couloir-marron","status":"publish","type":"product","link":"https:\/\/waysouk.com\/fr\/produit\/banc-en-cuir-tisse-banc-de-couloir-marron\/","title":{"rendered":"Bancs polyvalents :..."},"content":{"rendered":"<blockquote><p>Ce banc en cuir de vachette tress\u00e9 constitue un lieu d&rsquo;accueil id\u00e9al dans votre entr\u00e9e ou au pied du lit. Ajoute instantan\u00e9ment un style sans effort \u00e0 n&rsquo;importe quel espace.<\/p>\n<p>Ce banc est en cuir de vachette v\u00e9ritable, le banc en cuir tress\u00e9 apporte une atmosph\u00e8re boh\u00e8me chic. Utilisez-le \u00e9galement au pied du lit dans la chambre \u00e0 coucher.<\/p>\n<p>La pi\u00e8ce d\u00e9corative tendance de cette saison pour votre int\u00e9rieur. Nos bancs marocains d\u00e9bordent de charme gr\u00e2ce \u00e0 leur style ethnique et brut. Ils seront parfaits dans votre int\u00e9rieur comme si\u00e8ge suppl\u00e9mentaire ou petite table d&rsquo;appoint boh\u00e8me.<\/p>\n<p>Le cuir s&rsquo;assombrira l\u00e9g\u00e8rement avec le temps lorsqu&rsquo;il est manipul\u00e9 et expos\u00e9 au soleil, d\u00e9veloppant une belle patine. L&rsquo;exc\u00e8s d&rsquo;eau laissera des taches sur le cuir. Nous consid\u00e9rons l&rsquo;\u00e9volution de l&rsquo;\u00e9tat du cuir comme un signe d&rsquo;un meuble bien port\u00e9 et bien aim\u00e9. Si vous souhaitez pr\u00e9server le cuir le plus intact possible, nous recommandons d&rsquo;utiliser un traitement \u00e0 la cire d&rsquo;abeille qui offre une protection mineure contre l&rsquo;eau.<\/p>\n<p>&#8212;- Materiel &#8212;&#8212;-<\/p>\n<p>&#8211; Cuir de vachette v\u00e9ritable<br \/>\n<img fetchpriority=\"high\" decoding=\"async\" class=\"alignright wp-image-5750 size-medium\" src=\"http:\/\/waysouk.com\/wp-content\/uploads\/2023\/12\/IMG_20230616_191156-300x169.jpg\" alt=\"Banc d'entr\u00e9e en bois, banc en cuir tiss\u00e9, banc \u00e0 sangle en cuir pour porte d'entr\u00e9e, banc de couloir, banc de balcon bas, banc de lit, banc boh\u00e8me, banc marocain\" width=\"300\" height=\"169\" srcset=\"https:\/\/waysouk.com\/wp-content\/uploads\/2023\/12\/IMG_20230616_191156-300x169.jpg 300w, https:\/\/waysouk.com\/wp-content\/uploads\/2023\/12\/IMG_20230616_191156-1024x576.jpg 1024w, https:\/\/waysouk.com\/wp-content\/uploads\/2023\/12\/IMG_20230616_191156-768x432.jpg 768w, https:\/\/waysouk.com\/wp-content\/uploads\/2023\/12\/IMG_20230616_191156-1536x864.jpg 1536w, https:\/\/waysouk.com\/wp-content\/uploads\/2023\/12\/IMG_20230616_191156-2048x1152.jpg 2048w, https:\/\/waysouk.com\/wp-content\/uploads\/2023\/12\/IMG_20230616_191156-800x450.jpg 800w, https:\/\/waysouk.com\/wp-content\/uploads\/2023\/12\/IMG_20230616_191156-600x338.jpg 600w\" sizes=\"(max-width: 300px) 100vw, 300px\" \/><\/p>\n<p>&#8211; Bois d&rsquo;\u00e9pic\u00e9a<\/p>\n<p>&#8212;&#8212;&#8212;&#8211;Taille&#8212;&#8212;&#8212;-<\/p>\n<p>Longueur : 100 cm \/ 40 pouces<\/p>\n<p>Profondeur : 30 cm \/ 12 pouces<\/p>\n<p>Hauteur : 45 cm \/ 18 pouces<\/p>\n<p>&#8212;&#8212;&#8211;Coleurs &#8212;&#8212;&#8211;<\/p>\n<p>&#8211; Cuir : marron<br \/>\n&#8211; Bois : noir<\/p><\/blockquote>\n","protected":false},"excerpt":{"rendered":"<ul>\n<li>This bench is in genuine cowhide leather.<\/li>\n<li>Use for the foot of your bed, an entryway seat or a living room footrest &#8230;.<\/li>\n<li>The Moroccan bench is gorgeously adaptable.<\/li>\n<li>Brown Cowhide leather<\/li>\n<li>Black spruce wood<\/li>\n<li>40&Prime; x 12&Prime; x 18&Prime;<\/li>\n<\/ul>\n","protected":false},"featured_media":6736,"comment_status":"open","ping_status":"closed","template":"","meta":{"_acf_changed":false,"ocean_post_layout":"","ocean_both_sidebars_style":"","ocean_both_sidebars_content_width":0,"ocean_both_sidebars_sidebars_width":0,"ocean_sidebar":"0","ocean_second_sidebar":"0","ocean_disable_margins":"enable","ocean_add_body_class":"","ocean_shortcode_before_top_bar":"","ocean_shortcode_after_top_bar":"","ocean_shortcode_before_header":"","ocean_shortcode_after_header":"","ocean_has_shortcode":"","ocean_shortcode_after_title":"","ocean_shortcode_before_footer_widgets":"","ocean_shortcode_after_footer_widgets":"","ocean_shortcode_before_footer_bottom":"","ocean_shortcode_after_footer_bottom":"","ocean_display_top_bar":"default","ocean_display_header":"default","ocean_header_style":"","ocean_center_header_left_menu":"0","ocean_custom_header_template":"0","ocean_custom_logo":0,"ocean_custom_retina_logo":0,"ocean_custom_logo_max_width":0,"ocean_custom_logo_tablet_max_width":0,"ocean_custom_logo_mobile_max_width":0,"ocean_custom_logo_max_height":0,"ocean_custom_logo_tablet_max_height":0,"ocean_custom_logo_mobile_max_height":0,"ocean_header_custom_menu":"0","ocean_menu_typo_font_family":"0","ocean_menu_typo_font_subset":"","ocean_menu_typo_font_size":0,"ocean_menu_typo_font_size_tablet":0,"ocean_menu_typo_font_size_mobile":0,"ocean_menu_typo_font_size_unit":"px","ocean_menu_typo_font_weight":"","ocean_menu_typo_font_weight_tablet":"","ocean_menu_typo_font_weight_mobile":"","ocean_menu_typo_transform":"","ocean_menu_typo_transform_tablet":"","ocean_menu_typo_transform_mobile":"","ocean_menu_typo_line_height":0,"ocean_menu_typo_line_height_tablet":0,"ocean_menu_typo_line_height_mobile":0,"ocean_menu_typo_line_height_unit":"","ocean_menu_typo_spacing":0,"ocean_menu_typo_spacing_tablet":0,"ocean_menu_typo_spacing_mobile":0,"ocean_menu_typo_spacing_unit":"","ocean_menu_link_color":"","ocean_menu_link_color_hover":"","ocean_menu_link_color_active":"","ocean_menu_link_background":"","ocean_menu_link_hover_background":"","ocean_menu_link_active_background":"","ocean_menu_social_links_bg":"","ocean_menu_social_hover_links_bg":"","ocean_menu_social_links_color":"","ocean_menu_social_hover_links_color":"","ocean_disable_title":"default","ocean_disable_heading":"default","ocean_post_title":"","ocean_post_subheading":"","ocean_post_title_style":"","ocean_post_title_background_color":"","ocean_post_title_background":0,"ocean_post_title_bg_image_position":"","ocean_post_title_bg_image_attachment":"","ocean_post_title_bg_image_repeat":"","ocean_post_title_bg_image_size":"","ocean_post_title_height":0,"ocean_post_title_bg_overlay":0.5,"ocean_post_title_bg_overlay_color":"","ocean_disable_breadcrumbs":"default","ocean_breadcrumbs_color":"","ocean_breadcrumbs_separator_color":"","ocean_breadcrumbs_links_color":"","ocean_breadcrumbs_links_hover_color":"","ocean_display_footer_widgets":"default","ocean_display_footer_bottom":"default","ocean_custom_footer_template":"0"},"product_brand":[],"product_cat":[15],"product_tag":[289,291,288,292,290],"class_list":{"0":"post-6811","1":"product","2":"type-product","3":"status-publish","4":"has-post-thumbnail","6":"product_cat-uncategorized","7":"product_tag-banc-de-chambre","8":"product_tag-leather-strap-bench-fr","9":"product_tag-low-balcony-bench-fr","10":"product_tag-wooden-bench-fr","11":"product_tag-woven-leather-bench-fr","12":"product_shipping_class-livraison-gratuite","14":"entry","15":"has-media","17":"first","18":"instock","19":"sale","20":"shipping-taxable","21":"purchasable","22":"product-type-simple","23":"has-product-nav","24":"col","25":"span_1_of_4","26":"owp-content-center","27":"owp-thumbs-layout-horizontal","28":"owp-btn-normal","29":"owp-tabs-layout-horizontal"},"acf":[],"jetpack_sharing_enabled":true,"_links":{"self":[{"href":"https:\/\/waysouk.com\/fr\/wp-json\/wp\/v2\/product\/6811","targetHints":{"allow":["GET"]}}],"collection":[{"href":"https:\/\/waysouk.com\/fr\/wp-json\/wp\/v2\/product"}],"about":[{"href":"https:\/\/waysouk.com\/fr\/wp-json\/wp\/v2\/types\/product"}],"replies":[{"embeddable":true,"href":"https:\/\/waysouk.com\/fr\/wp-json\/wp\/v2\/comments?post=6811"}],"wp:featuredmedia":[{"embeddable":true,"href":"https:\/\/waysouk.com\/fr\/wp-json\/wp\/v2\/media\/6736"}],"wp:attachment":[{"href":"https:\/\/waysouk.com\/fr\/wp-json\/wp\/v2\/media?parent=6811"}],"wp:term":[{"taxonomy":"product_brand","embeddable":true,"href":"https:\/\/waysouk.com\/fr\/wp-json\/wp\/v2\/product_brand?post=6811"},{"taxonomy":"product_cat","embeddable":true,"href":"https:\/\/waysouk.com\/fr\/wp-json\/wp\/v2\/product_cat?post=6811"},{"taxonomy":"product_tag","embeddable":true,"href":"https:\/\/waysouk.com\/fr\/wp-json\/wp\/v2\/product_tag?post=6811"}],"curies":[{"name":"wp","href":"https:\/\/api.w.org\/{rel}","templated":true}]}}